{"id":180698,"date":"2025-02-27T09:23:53","date_gmt":"2025-02-27T09:23:53","guid":{"rendered":"https:\/\/nexgendecors.com\/en\/product\/electric-20l-true-microwave-oven-with-digital-display-stainless-steel-cavity-kitchen-cooking-countertop-solo-style-household-use\/"},"modified":"2025-04-10T12:30:53","modified_gmt":"2025-04-10T12:30:53","slug":"electric-20l-true-microwave-oven-with-digital-display-stainless-steel-cavity-kitchen-cooking-countertop-solo-style-household-use","status":"publish","type":"product","link":"https:\/\/nexgendecors.com\/es\/product\/electric-20l-true-microwave-oven-with-digital-display-stainless-steel-cavity-kitchen-cooking-countertop-solo-style-household-use\/","title":{"rendered":"Horno Microondas El\u00e9ctrico 20L True con Pantalla Digital Cavidad de Acero Inoxidable Cocina Encimera Estilo Solo Uso Dom\u00e9stico"},"content":{"rendered":"<ul>\n<li><strong>Servicio postventa proporcionado: <\/strong> Free spare parts, Overseas Call Centers<\/li>\n<li><strong>garant\u00eda : <\/strong> 1 a\u00f1o<\/li>\n<li><strong>calificaci\u00f3n de eficiencia energ\u00e9tica: <\/strong> Class C<\/li>\n<li><strong>idioma de funcionamiento: <\/strong> Ingl\u00e9s<\/li>\n<li><strong>solicitud : <\/strong> Familiar<\/li>\n<li><strong>fuente de energ\u00eda: <\/strong> El\u00e9ctrico<\/li>\n<li><strong>controlado por aplicaci\u00f3n: <\/strong> NO<\/li>\n<li><strong>molde privado: <\/strong> S\u00ed<\/li>\n<li><strong>tipo : <\/strong> Microondas<\/li>\n<li><strong>Instalaci\u00f3n : <\/strong> Encimera<\/li>\n<li><strong>modo de control : <\/strong> Control de temporizador mec\u00e1nico<\/li>\n<li><strong>Material de la carcasa: <\/strong> Acero inoxidable<\/li>\n<li><strong>funci\u00f3n : <\/strong> Sensor Cook, Child Lock<\/li>\n<li><strong>potencia w : <\/strong> 700<\/li>\n<li><strong>voltaje v : <\/strong> 220<\/li>\n<li><strong>N\u00famero de modelo: <\/strong> WA001<\/li>\n<li><strong>nombre de marca: <\/strong> Fabricante de equipos originales (OEM)<\/li>\n<li><strong>lugar de origen : <\/strong> Guangdong, China<\/li>\n<li><strong>Nombre del producto : <\/strong> Microweave Oven<\/li>\n<li><strong>Capacidad : <\/strong> 20 litros<\/li>\n<li><strong>Control : <\/strong> Mechnical  Control<\/li>\n<li><strong>Oven Capacity : <\/strong> 20L\/0.7cuft<\/li>\n<li><strong>Potencia de microondas: <\/strong> 1350<\/li>\n<li><strong>Color : <\/strong> Blanco<\/li>\n<li><strong>Material : <\/strong> Acero inoxidable<\/li>\n<li><strong>Door : <\/strong> Glass Door<\/li>\n<li><strong>Caracter\u00edstica : <\/strong> Alta eficiencia<\/li>\n<\/ul>","protected":false},"excerpt":{"rendered":"<p>servicio postventa proporcionado : Piezas de repuesto gratuitas, centros de llamadas en el extranjero garant\u00eda : 1 a\u00f1o clasificaci\u00f3n de eficiencia energ\u00e9tica : Clase C<\/p>","protected":false},"featured_media":180697,"comment_status":"open","ping_status":"closed","template":"","meta":[],"product_brand":[],"product_cat":[30933,30984],"product_tag":[],"class_list":{"0":"post-180698","1":"product","2":"type-product","3":"status-publish","4":"has-post-thumbnail","6":"product_cat-fridge-microwave","7":"product_cat-hotel-appliances","9":"first","10":"instock","11":"taxable","12":"shipping-taxable","13":"purchasable","14":"product-type-variable"},"_links":{"self":[{"href":"https:\/\/nexgendecors.com\/es\/wp-json\/wp\/v2\/product\/180698","targetHints":{"allow":["GET"]}}],"collection":[{"href":"https:\/\/nexgendecors.com\/es\/wp-json\/wp\/v2\/product"}],"about":[{"href":"https:\/\/nexgendecors.com\/es\/wp-json\/wp\/v2\/types\/product"}],"replies":[{"embeddable":true,"href":"https:\/\/nexgendecors.com\/es\/wp-json\/wp\/v2\/comments?post=180698"}],"version-history":[{"count":0,"href":"https:\/\/nexgendecors.com\/es\/wp-json\/wp\/v2\/product\/180698\/revisions"}],"wp:featuredmedia":[{"embeddable":true,"href":"https:\/\/nexgendecors.com\/es\/wp-json\/wp\/v2\/media\/180697"}],"wp:attachment":[{"href":"https:\/\/nexgendecors.com\/es\/wp-json\/wp\/v2\/media?parent=180698"}],"wp:term":[{"taxonomy":"product_brand","embeddable":true,"href":"https:\/\/nexgendecors.com\/es\/wp-json\/wp\/v2\/product_brand?post=180698"},{"taxonomy":"product_cat","embeddable":true,"href":"https:\/\/nexgendecors.com\/es\/wp-json\/wp\/v2\/product_cat?post=180698"},{"taxonomy":"product_tag","embeddable":true,"href":"https:\/\/nexgendecors.com\/es\/wp-json\/wp\/v2\/product_tag?post=180698"}],"curies":[{"name":"wp","href":"https:\/\/api.w.org\/{rel}","templated":true}]}}