{"id":180706,"date":"2025-02-27T09:24:10","date_gmt":"2025-02-27T09:24:10","guid":{"rendered":"https:\/\/nexgendecors.com\/en\/product\/20l-black-home-stand-electric-digital-microwave-microwave-oven\/"},"modified":"2025-04-10T12:30:53","modified_gmt":"2025-04-10T12:30:53","slug":"horno-microondas-digital-electrico-de-20-l-con-base-negra-para-el-hogar","status":"publish","type":"product","link":"https:\/\/nexgendecors.com\/es\/product\/horno-microondas-digital-electrico-de-20-l-con-base-negra-para-el-hogar\/","title":{"rendered":"Horno Microondas El\u00e9ctrico Digital 20L Negro Home Stand"},"content":{"rendered":"<ul>\n<li><strong>Servicio postventa proporcionado: <\/strong> Repuestos gratuitos<\/li>\n<li><strong>garant\u00eda : <\/strong> 1 a\u00f1o<\/li>\n<li><strong>solicitud : <\/strong> Familiar<\/li>\n<li><strong>fuente de energ\u00eda: <\/strong> El\u00e9ctrico<\/li>\n<li><strong>controlado por aplicaci\u00f3n: <\/strong> NO<\/li>\n<li><strong>molde privado: <\/strong> NO<\/li>\n<li><strong>tipo : <\/strong> Microondas<\/li>\n<li><strong>Instalaci\u00f3n : <\/strong> Encimera<\/li>\n<li><strong>modo de control : <\/strong> Control de temporizador mec\u00e1nico<\/li>\n<li><strong>Material de la carcasa: <\/strong> chapa de hierro<\/li>\n<li><strong>funci\u00f3n : <\/strong> Asar a la parrilla, Sensor de cocci\u00f3n, Cocci\u00f3n r\u00e1pida \/ Con bombilla hal\u00f3gena de cuarzo, Microondas aut\u00e9ntico<\/li>\n<li><strong>potencia w : <\/strong> 800<\/li>\n<li><strong>voltaje v : <\/strong> 220<\/li>\n<li><strong>N\u00famero de modelo: <\/strong> R.8009<\/li>\n<li><strong>nombre de marca: <\/strong> RAF, RAF<\/li>\n<li><strong>lugar de origen : <\/strong> Zhejiang, China<\/li>\n<li><strong>Nombre del producto : <\/strong> Horno microondas digital el\u00e9ctrico Home Stand de 20 l, color negro<\/li>\n<li><strong>Capacidad : <\/strong> 20 litros<\/li>\n<li><strong>Color : <\/strong> NEGRO<\/li>\n<li><strong>Cantidad m\u00ednima de pedido: <\/strong> 10 piezas<\/li>\n<li><strong>Potencia de microondas: <\/strong> 800 W<\/li>\n<li><strong>Material : <\/strong> chapa de hierro<\/li>\n<li><strong>CANTIDAD\/CAJA: <\/strong> 1 pieza\/caja<\/li>\n<li><strong>Tama\u00f1o del paquete: <\/strong> 50,6 x 39 x 29,8 cm<\/li>\n<li><strong>peso del paquete: <\/strong> 10 kg\/caja<\/li>\n<\/ul>","protected":false},"excerpt":{"rendered":"<p>servicio postventa : Piezas de repuesto gratis garant\u00eda : 1 A\u00f1o aplicaci\u00f3n : Fuente de alimentaci\u00f3n dom\u00e9stica : El\u00e9ctrico app-controlado :<\/p>","protected":false},"featured_media":180705,"comment_status":"open","ping_status":"closed","template":"","meta":[],"product_brand":[],"product_cat":[30933,30984],"product_tag":[],"class_list":{"0":"post-180706","1":"product","2":"type-product","3":"status-publish","4":"has-post-thumbnail","6":"product_cat-fridge-microwave","7":"product_cat-hotel-appliances","9":"first","10":"instock","11":"taxable","12":"shipping-taxable","13":"purchasable","14":"product-type-variable"},"_links":{"self":[{"href":"https:\/\/nexgendecors.com\/es\/wp-json\/wp\/v2\/product\/180706","targetHints":{"allow":["GET"]}}],"collection":[{"href":"https:\/\/nexgendecors.com\/es\/wp-json\/wp\/v2\/product"}],"about":[{"href":"https:\/\/nexgendecors.com\/es\/wp-json\/wp\/v2\/types\/product"}],"replies":[{"embeddable":true,"href":"https:\/\/nexgendecors.com\/es\/wp-json\/wp\/v2\/comments?post=180706"}],"version-history":[{"count":0,"href":"https:\/\/nexgendecors.com\/es\/wp-json\/wp\/v2\/product\/180706\/revisions"}],"wp:featuredmedia":[{"embeddable":true,"href":"https:\/\/nexgendecors.com\/es\/wp-json\/wp\/v2\/media\/180705"}],"wp:attachment":[{"href":"https:\/\/nexgendecors.com\/es\/wp-json\/wp\/v2\/media?parent=180706"}],"wp:term":[{"taxonomy":"product_brand","embeddable":true,"href":"https:\/\/nexgendecors.com\/es\/wp-json\/wp\/v2\/product_brand?post=180706"},{"taxonomy":"product_cat","embeddable":true,"href":"https:\/\/nexgendecors.com\/es\/wp-json\/wp\/v2\/product_cat?post=180706"},{"taxonomy":"product_tag","embeddable":true,"href":"https:\/\/nexgendecors.com\/es\/wp-json\/wp\/v2\/product_tag?post=180706"}],"curies":[{"name":"wp","href":"https:\/\/api.w.org\/{rel}","templated":true}]}}