{"id":180715,"date":"2025-02-27T13:37:20","date_gmt":"2025-02-27T13:37:20","guid":{"rendered":"https:\/\/nexgendecors.com\/en\/product\/spa-beauty-salon-massages-table-waterproof-fitted-bed-sheets-cotton\/"},"modified":"2025-04-06T11:16:07","modified_gmt":"2025-04-06T11:16:07","slug":"spa-beauty-salon-massages-table-waterproof-fitted-bed-sheets-cotton","status":"publish","type":"product","link":"https:\/\/nexgendecors.com\/es\/product\/spa-beauty-salon-massages-table-waterproof-fitted-bed-sheets-cotton\/","title":{"rendered":"Spa Sal\u00f3n de Belleza Mesa de Masajes S\u00e1banas Ajustables Impermeables Algod\u00f3n"},"content":{"rendered":"<ul>\n<li><strong>tipo de patr\u00f3n: <\/strong> Geom\u00e9trico<\/li>\n<li><strong>recuento de tela: <\/strong> 40<\/li>\n<li><strong>n\u00famero de hilos: <\/strong> 100TC<\/li>\n<li><strong>peso : <\/strong> 0.5-1kg<\/li>\n<li><strong>Calificaci\u00f3n : <\/strong> Calidad<\/li>\n<li><strong>estaci\u00f3n : <\/strong> Para toda la temporada<\/li>\n<li><strong>material : <\/strong> poli\u00e9ster \/ algod\u00f3n<\/li>\n<li><strong>estilo : <\/strong> Plano<\/li>\n<li><strong>patr\u00f3n : <\/strong> te\u00f1ido liso<\/li>\n<li><strong>tipo : <\/strong> Fitted Sheet<\/li>\n<li><strong>grupo de edad: <\/strong> Adultos<\/li>\n<li><strong>usar : <\/strong> Hospital, Beauty salon<\/li>\n<li><strong>caracter\u00edstica : <\/strong> Non-disposable<\/li>\n<li><strong>lugar de origen : <\/strong> Jiangsu, China<\/li>\n<li><strong>nombre de marca: <\/strong> Fabricante de equipos originales (OEM)\/fabricante de dise\u00f1os originales (ODM)<\/li>\n<li><strong>N\u00famero de modelo: <\/strong> 617516037996<\/li>\n<li><strong>Tela : <\/strong> Cotton Terry Fabric<\/li>\n<li><strong>Peso : <\/strong> 0.5-1kg<\/li>\n<li><strong>MOQ of Stock : <\/strong> 100 Pcs\/Color<\/li>\n<li><strong>Scope of OEM : <\/strong> Logo\/Pattern\/Packing\/Szie<\/li>\n<li><strong>MOQ of OEM : <\/strong> 500 pcs\/Pattern<\/li>\n<li><strong>Ventaja : <\/strong> washable, reusable,waterproof<\/li>\n<li><strong>Holiday : <\/strong> Thanksgiving<\/li>\n<\/ul>","protected":false},"excerpt":{"rendered":"<p>Tipo de patr\u00f3n: Geom\u00e9trico N\u00famero de tela: 40 N\u00famero de hilos: 100TC Peso: 0,5-1 kg Grado: Calidad Temporada:<\/p>","protected":false},"featured_media":180714,"comment_status":"open","ping_status":"closed","template":"","meta":[],"product_brand":[],"product_cat":[30960],"product_tag":[],"class_list":{"0":"post-180715","1":"product","2":"type-product","3":"status-publish","4":"has-post-thumbnail","6":"product_cat-spa-supplies","8":"first","9":"instock","10":"taxable","11":"shipping-taxable","12":"purchasable","13":"product-type-variable"},"_links":{"self":[{"href":"https:\/\/nexgendecors.com\/es\/wp-json\/wp\/v2\/product\/180715","targetHints":{"allow":["GET"]}}],"collection":[{"href":"https:\/\/nexgendecors.com\/es\/wp-json\/wp\/v2\/product"}],"about":[{"href":"https:\/\/nexgendecors.com\/es\/wp-json\/wp\/v2\/types\/product"}],"replies":[{"embeddable":true,"href":"https:\/\/nexgendecors.com\/es\/wp-json\/wp\/v2\/comments?post=180715"}],"version-history":[{"count":0,"href":"https:\/\/nexgendecors.com\/es\/wp-json\/wp\/v2\/product\/180715\/revisions"}],"wp:featuredmedia":[{"embeddable":true,"href":"https:\/\/nexgendecors.com\/es\/wp-json\/wp\/v2\/media\/180714"}],"wp:attachment":[{"href":"https:\/\/nexgendecors.com\/es\/wp-json\/wp\/v2\/media?parent=180715"}],"wp:term":[{"taxonomy":"product_brand","embeddable":true,"href":"https:\/\/nexgendecors.com\/es\/wp-json\/wp\/v2\/product_brand?post=180715"},{"taxonomy":"product_cat","embeddable":true,"href":"https:\/\/nexgendecors.com\/es\/wp-json\/wp\/v2\/product_cat?post=180715"},{"taxonomy":"product_tag","embeddable":true,"href":"https:\/\/nexgendecors.com\/es\/wp-json\/wp\/v2\/product_tag?post=180715"}],"curies":[{"name":"wp","href":"https:\/\/api.w.org\/{rel}","templated":true}]}}