{"id":180733,"date":"2025-02-27T13:37:38","date_gmt":"2025-02-27T13:37:38","guid":{"rendered":"https:\/\/nexgendecors.com\/en\/product\/top-seller-oem-custom-beauty-salon-tatami-sponge-mattress-topper-for-massage-table\/"},"modified":"2025-04-06T11:16:19","modified_gmt":"2025-04-06T11:16:19","slug":"top-seller-oem-custom-beauty-salon-tatami-sponge-mattress-topper-for-massage-table","status":"publish","type":"product","link":"https:\/\/nexgendecors.com\/es\/product\/top-seller-oem-custom-beauty-salon-tatami-sponge-mattress-topper-for-massage-table\/","title":{"rendered":"Topper de colch\u00f3n de esponja tatami para mesa de masaje, personalizado, OEM, el m\u00e1s vendido para sal\u00f3n de belleza"},"content":{"rendered":"<ul>\n<li><strong>tipo de patr\u00f3n: <\/strong> S\u00f3lido<\/li>\n<li><strong>recuento de tela: <\/strong> 40<\/li>\n<li><strong>n\u00famero de hilos: <\/strong> 200TC<\/li>\n<li><strong>peso : <\/strong> 1.2kg<\/li>\n<li><strong>Calificaci\u00f3n : <\/strong> Calidad<\/li>\n<li><strong>estaci\u00f3n : <\/strong> Para toda la temporada<\/li>\n<li><strong>material : <\/strong> 100% Poli\u00e9ster<\/li>\n<li><strong>estilo : <\/strong> Plano<\/li>\n<li><strong>patr\u00f3n : <\/strong> Patchwork<\/li>\n<li><strong>tipo : <\/strong> Fitted Sheet<\/li>\n<li><strong>grupo de edad: <\/strong> Adultos<\/li>\n<li><strong>usar : <\/strong> spa<\/li>\n<li><strong>recuento de hilos: <\/strong> \/<\/li>\n<li><strong>caracter\u00edstica : <\/strong> soft<\/li>\n<li><strong>lugar de origen : <\/strong> Zhejiang, China<\/li>\n<li><strong>nombre de marca: <\/strong> Moncanol<\/li>\n<li><strong>N\u00famero de modelo: <\/strong> Massage Table Pad<\/li>\n<li><strong>Nombre del producto : <\/strong> massage table mattress topper<\/li>\n<li><strong>Tela : <\/strong> poli\u00e9ster 100%<\/li>\n<li><strong>Relleno: <\/strong> Sponge<\/li>\n<li><strong>Tama\u00f1o : <\/strong> 180x70cm<\/li>\n<li><strong>Caracter\u00edstica : <\/strong> Durable, Soft, Comfortable, Breathable<\/li>\n<li><strong>Uso: <\/strong> Bed<\/li>\n<li><strong>Cantidad m\u00ednima de pedido: <\/strong> 500pcs<\/li>\n<li><strong>Logotipo : <\/strong> Fabricante de equipos originales (OEM)<\/li>\n<li><strong>Embalaje: <\/strong> Vacuum Bag+PVC Bag +insert Card+carton<\/li>\n<\/ul>","protected":false},"excerpt":{"rendered":"<p>Tipo de patr\u00f3n: S\u00f3lido N\u00famero de tela: 40 N\u00famero de hilos: 200TC Peso: 1,2 kg Grado: Calidad Temporada:<\/p>","protected":false},"featured_media":180731,"comment_status":"open","ping_status":"closed","template":"","meta":[],"product_brand":[],"product_cat":[30960],"product_tag":[],"class_list":{"0":"post-180733","1":"product","2":"type-product","3":"status-publish","4":"has-post-thumbnail","6":"product_cat-spa-supplies","8":"first","9":"instock","10":"taxable","11":"shipping-taxable","12":"purchasable","13":"product-type-variable"},"_links":{"self":[{"href":"https:\/\/nexgendecors.com\/es\/wp-json\/wp\/v2\/product\/180733","targetHints":{"allow":["GET"]}}],"collection":[{"href":"https:\/\/nexgendecors.com\/es\/wp-json\/wp\/v2\/product"}],"about":[{"href":"https:\/\/nexgendecors.com\/es\/wp-json\/wp\/v2\/types\/product"}],"replies":[{"embeddable":true,"href":"https:\/\/nexgendecors.com\/es\/wp-json\/wp\/v2\/comments?post=180733"}],"version-history":[{"count":0,"href":"https:\/\/nexgendecors.com\/es\/wp-json\/wp\/v2\/product\/180733\/revisions"}],"wp:featuredmedia":[{"embeddable":true,"href":"https:\/\/nexgendecors.com\/es\/wp-json\/wp\/v2\/media\/180731"}],"wp:attachment":[{"href":"https:\/\/nexgendecors.com\/es\/wp-json\/wp\/v2\/media?parent=180733"}],"wp:term":[{"taxonomy":"product_brand","embeddable":true,"href":"https:\/\/nexgendecors.com\/es\/wp-json\/wp\/v2\/product_brand?post=180733"},{"taxonomy":"product_cat","embeddable":true,"href":"https:\/\/nexgendecors.com\/es\/wp-json\/wp\/v2\/product_cat?post=180733"},{"taxonomy":"product_tag","embeddable":true,"href":"https:\/\/nexgendecors.com\/es\/wp-json\/wp\/v2\/product_tag?post=180733"}],"curies":[{"name":"wp","href":"https:\/\/api.w.org\/{rel}","templated":true}]}}