{"id":180747,"date":"2025-02-27T13:38:11","date_gmt":"2025-02-27T13:38:11","guid":{"rendered":"https:\/\/nexgendecors.com\/en\/product\/lianda-bc-001-wholesale-customized-cooling-gel-office-chair-orthopedic-seat-memory-foam-cushion-pad-pillow\/"},"modified":"2025-04-06T11:16:28","modified_gmt":"2025-04-06T11:16:28","slug":"lianda-bc-001-wholesale-customized-cooling-gel-office-chair-orthopedic-seat-memory-foam-cushion-pad-pillow","status":"publish","type":"product","link":"https:\/\/nexgendecors.com\/es\/product\/lianda-bc-001-wholesale-customized-cooling-gel-office-chair-orthopedic-seat-memory-foam-cushion-pad-pillow\/","title":{"rendered":"LIANDA BC-001 - Coj\u00edn ortop\u00e9dico de espuma viscoel\u00e1stica para silla de oficina, personalizado, con gel refrescante, venta al por mayor"},"content":{"rendered":"<ul>\n<li><strong>lugar de origen : <\/strong> Guangdong, China<\/li>\n<li><strong>nombre de marca: <\/strong> LIANDA<\/li>\n<li><strong>N\u00famero de modelo: <\/strong> C-001<\/li>\n<li><strong>material : <\/strong> poli\u00e9ster \/ algod\u00f3n<\/li>\n<li><strong>caracter\u00edstica : <\/strong> Anti-Decubitus, Memory, Waterproof, Coccyx Orthopedic \/ Foldable \/ Can Be Compacted \/ Non slip, Air-permeable<\/li>\n<li><strong>T\u00e9cnicas: <\/strong> Velboa<\/li>\n<li><strong>material de relleno: <\/strong> Memory foam<\/li>\n<li><strong>forma : <\/strong> U-Shape<\/li>\n<li><strong>est\u00e1_personalizado : <\/strong> S\u00ed<\/li>\n<li><strong>unpick and wash : <\/strong> Removable and Washable<\/li>\n<li><strong>Nombre : <\/strong> Seat Cushion<\/li>\n<li><strong>Patr\u00f3n : <\/strong> Bordado<\/li>\n<li><strong>Outer Cover : <\/strong> Velboa, mesh, velvet, bamboo fabric, leather, linen, etc.<\/li>\n<li><strong>Inner Cover : <\/strong> 100% Polyester\/ customized<\/li>\n<li><strong>Foam Density : <\/strong> 55D-60D \/ Customized<\/li>\n<li><strong>Core Color : <\/strong> white \/ yellow \/ customized<\/li>\n<\/ul>","protected":false},"excerpt":{"rendered":"<p>Lugar de origen: Guangdong, China Nombre de la marca: LIANDA N\u00famero de modelo: C-001 Material: Poli\u00e9ster \/ Algod\u00f3n Caracter\u00edstica<\/p>","protected":false},"featured_media":180746,"comment_status":"open","ping_status":"closed","template":"","meta":[],"product_brand":[],"product_cat":[30960],"product_tag":[],"class_list":{"0":"post-180747","1":"product","2":"type-product","3":"status-publish","4":"has-post-thumbnail","6":"product_cat-spa-supplies","8":"first","9":"instock","10":"taxable","11":"shipping-taxable","12":"purchasable","13":"product-type-variable"},"_links":{"self":[{"href":"https:\/\/nexgendecors.com\/es\/wp-json\/wp\/v2\/product\/180747","targetHints":{"allow":["GET"]}}],"collection":[{"href":"https:\/\/nexgendecors.com\/es\/wp-json\/wp\/v2\/product"}],"about":[{"href":"https:\/\/nexgendecors.com\/es\/wp-json\/wp\/v2\/types\/product"}],"replies":[{"embeddable":true,"href":"https:\/\/nexgendecors.com\/es\/wp-json\/wp\/v2\/comments?post=180747"}],"version-history":[{"count":0,"href":"https:\/\/nexgendecors.com\/es\/wp-json\/wp\/v2\/product\/180747\/revisions"}],"wp:featuredmedia":[{"embeddable":true,"href":"https:\/\/nexgendecors.com\/es\/wp-json\/wp\/v2\/media\/180746"}],"wp:attachment":[{"href":"https:\/\/nexgendecors.com\/es\/wp-json\/wp\/v2\/media?parent=180747"}],"wp:term":[{"taxonomy":"product_brand","embeddable":true,"href":"https:\/\/nexgendecors.com\/es\/wp-json\/wp\/v2\/product_brand?post=180747"},{"taxonomy":"product_cat","embeddable":true,"href":"https:\/\/nexgendecors.com\/es\/wp-json\/wp\/v2\/product_cat?post=180747"},{"taxonomy":"product_tag","embeddable":true,"href":"https:\/\/nexgendecors.com\/es\/wp-json\/wp\/v2\/product_tag?post=180747"}],"curies":[{"name":"wp","href":"https:\/\/api.w.org\/{rel}","templated":true}]}}