{"id":180760,"date":"2025-02-27T13:39:04","date_gmt":"2025-02-27T13:39:04","guid":{"rendered":"https:\/\/nexgendecors.com\/en\/product\/2023-new-style-orthopaedic-support-bread-bamboo-memory-foam-pillow-with-washable-cover\/"},"modified":"2025-04-06T11:16:37","modified_gmt":"2025-04-06T11:16:37","slug":"2023-new-style-orthopaedic-support-bread-bamboo-memory-foam-pillow-with-washable-cover","status":"publish","type":"product","link":"https:\/\/nexgendecors.com\/es\/product\/2023-new-style-orthopaedic-support-bread-bamboo-memory-foam-pillow-with-washable-cover\/","title":{"rendered":"2023 Nuevo estilo de apoyo ortop\u00e9dico pan de bamb\u00fa almohada de espuma de memoria con funda lavable"},"content":{"rendered":"<ul>\n<li><strong>lugar de origen : <\/strong> Zhejiang, China<\/li>\n<li><strong>nombre de marca: <\/strong> Fabricante de equipos originales (OEM)\/fabricante de dise\u00f1os originales (ODM)<\/li>\n<li><strong>N\u00famero de modelo: <\/strong> F013<\/li>\n<li><strong>Material de la cubierta: <\/strong> 100% Poli\u00e9ster<\/li>\n<li><strong>caracter\u00edstica : <\/strong> Anti-static, Anti Dust Mite, Anti-Bacteria, Memory<\/li>\n<li><strong>material de relleno: <\/strong> Memory foam<\/li>\n<li><strong>forma : <\/strong> Rect\u00e1ngulo<\/li>\n<li><strong>patr\u00f3n : <\/strong> simple home<\/li>\n<li><strong>parte : <\/strong> CUELLO<\/li>\n<li><strong>est\u00e1_personalizado : <\/strong> S\u00ed<\/li>\n<li><strong>Nombre del producto : <\/strong> Bread Pillow Memory Foam Pilloe<\/li>\n<li><strong>Funci\u00f3n : <\/strong> Healthy Sleep Deep Sleep<\/li>\n<li><strong>Material de relleno: <\/strong> Foam Memory<\/li>\n<li><strong>Palabra clave: <\/strong> bread pillow<\/li>\n<li><strong>Cover Fabric : <\/strong> velours<\/li>\n<li><strong>Color : <\/strong> Color personalizado<\/li>\n<li><strong>Cantidad m\u00ednima de pedido: <\/strong> 200<\/li>\n<li><strong>Embalaje: <\/strong> PE Bag<\/li>\n<li><strong>Logotipo : <\/strong> Custom Logo Accepted<\/li>\n<\/ul>","protected":false},"excerpt":{"rendered":"<p>lugar de origen : Zhejiang, China marca : OEM\/ODM n\u00famero de modelo : F013 material de la cubierta : 100% Poli\u00e9ster caracter\u00edstica<\/p>","protected":false},"featured_media":180759,"comment_status":"open","ping_status":"closed","template":"","meta":[],"product_brand":[],"product_cat":[30960],"product_tag":[],"class_list":{"0":"post-180760","1":"product","2":"type-product","3":"status-publish","4":"has-post-thumbnail","6":"product_cat-spa-supplies","8":"first","9":"instock","10":"taxable","11":"shipping-taxable","12":"purchasable","13":"product-type-variable"},"_links":{"self":[{"href":"https:\/\/nexgendecors.com\/es\/wp-json\/wp\/v2\/product\/180760","targetHints":{"allow":["GET"]}}],"collection":[{"href":"https:\/\/nexgendecors.com\/es\/wp-json\/wp\/v2\/product"}],"about":[{"href":"https:\/\/nexgendecors.com\/es\/wp-json\/wp\/v2\/types\/product"}],"replies":[{"embeddable":true,"href":"https:\/\/nexgendecors.com\/es\/wp-json\/wp\/v2\/comments?post=180760"}],"version-history":[{"count":0,"href":"https:\/\/nexgendecors.com\/es\/wp-json\/wp\/v2\/product\/180760\/revisions"}],"wp:featuredmedia":[{"embeddable":true,"href":"https:\/\/nexgendecors.com\/es\/wp-json\/wp\/v2\/media\/180759"}],"wp:attachment":[{"href":"https:\/\/nexgendecors.com\/es\/wp-json\/wp\/v2\/media?parent=180760"}],"wp:term":[{"taxonomy":"product_brand","embeddable":true,"href":"https:\/\/nexgendecors.com\/es\/wp-json\/wp\/v2\/product_brand?post=180760"},{"taxonomy":"product_cat","embeddable":true,"href":"https:\/\/nexgendecors.com\/es\/wp-json\/wp\/v2\/product_cat?post=180760"},{"taxonomy":"product_tag","embeddable":true,"href":"https:\/\/nexgendecors.com\/es\/wp-json\/wp\/v2\/product_tag?post=180760"}],"curies":[{"name":"wp","href":"https:\/\/api.w.org\/{rel}","templated":true}]}}