{"id":180769,"date":"2025-02-27T13:39:20","date_gmt":"2025-02-27T13:39:20","guid":{"rendered":"https:\/\/nexgendecors.com\/en\/product\/travel-sheets-disposable-bed-sheets-for-massage-bed-and-face-sheets-ce-beauty-salon-bed-pads-oem-service-accepted\/"},"modified":"2025-02-27T13:39:29","modified_gmt":"2025-02-27T13:39:29","slug":"travel-sheets-disposable-bed-sheets-for-massage-bed-and-face-sheets-ce-beauty-salon-bed-pads-oem-service-accepted","status":"publish","type":"product","link":"https:\/\/nexgendecors.com\/es\/product\/travel-sheets-disposable-bed-sheets-for-massage-bed-and-face-sheets-ce-beauty-salon-bed-pads-oem-service-accepted\/","title":{"rendered":"S\u00e1banas de viaje, s\u00e1banas desechables para camas de masaje y s\u00e1banas faciales, protectores de cama CE para salones de belleza, servicio OEM aceptado"},"content":{"rendered":"<ul>\n<li><strong>Lugar de origen: <\/strong> Porcelana<\/li>\n<li><strong>Nombre de la marca: <\/strong> jinyulong<\/li>\n<li><strong>N\u00famero de modelo : <\/strong> JYL-476<\/li>\n<li><strong>Disinfecting Type : <\/strong> Otro<\/li>\n<li><strong>Properties : <\/strong> General Examination Apparatus<\/li>\n<li><strong>Tama\u00f1o : <\/strong> 100*200 cm or customized<\/li>\n<li><strong>Stock : <\/strong> NO<\/li>\n<li><strong>Shelf Life : <\/strong> 2 years<\/li>\n<li><strong>Material : <\/strong> PP nonwoven, Pp   Pp+pe  SMMS<\/li>\n<li><strong>Quality Certification : <\/strong> este<\/li>\n<li><strong>Instrument classification : <\/strong> Class I<\/li>\n<li><strong>Safety standard : <\/strong> Otro<\/li>\n<li><strong>Nombre del producto : <\/strong> Disposable Bed Sheet<\/li>\n<li><strong>Color : <\/strong> accept customized<\/li>\n<li><strong>Solicitud : <\/strong> Beauty Salon<\/li>\n<li><strong>Paquete : <\/strong> 1pc\/bag<\/li>\n<li><strong>Certificado : <\/strong> CE ISO<\/li>\n<li><strong>Palabra clave: <\/strong> Medical Disposable Bed Sheet<\/li>\n<li><strong>Fabricante de equipos originales: <\/strong> Se acepta servicio OEM<\/li>\n<li><strong>Logotipo : <\/strong> Aceptar logotipo personalizado<\/li>\n<li><strong>Embalaje: <\/strong> 10pcs\/bag*10bags\/pack<\/li>\n<\/ul>","protected":false},"excerpt":{"rendered":"<p>Lugar de origen: China Nombre de la marca: jinyulong N\u00famero de modelo: JYL-476 Tipo de desinfecci\u00f3n: Otras propiedades: General<\/p>","protected":false},"featured_media":180768,"comment_status":"open","ping_status":"closed","template":"","meta":[],"product_brand":[],"product_cat":[30960],"product_tag":[],"class_list":{"0":"post-180769","1":"product","2":"type-product","3":"status-publish","4":"has-post-thumbnail","6":"product_cat-spa-supplies","8":"first","9":"instock","10":"taxable","11":"shipping-taxable","12":"purchasable","13":"product-type-simple"},"_links":{"self":[{"href":"https:\/\/nexgendecors.com\/es\/wp-json\/wp\/v2\/product\/180769","targetHints":{"allow":["GET"]}}],"collection":[{"href":"https:\/\/nexgendecors.com\/es\/wp-json\/wp\/v2\/product"}],"about":[{"href":"https:\/\/nexgendecors.com\/es\/wp-json\/wp\/v2\/types\/product"}],"replies":[{"embeddable":true,"href":"https:\/\/nexgendecors.com\/es\/wp-json\/wp\/v2\/comments?post=180769"}],"version-history":[{"count":0,"href":"https:\/\/nexgendecors.com\/es\/wp-json\/wp\/v2\/product\/180769\/revisions"}],"wp:featuredmedia":[{"embeddable":true,"href":"https:\/\/nexgendecors.com\/es\/wp-json\/wp\/v2\/media\/180768"}],"wp:attachment":[{"href":"https:\/\/nexgendecors.com\/es\/wp-json\/wp\/v2\/media?parent=180769"}],"wp:term":[{"taxonomy":"product_brand","embeddable":true,"href":"https:\/\/nexgendecors.com\/es\/wp-json\/wp\/v2\/product_brand?post=180769"},{"taxonomy":"product_cat","embeddable":true,"href":"https:\/\/nexgendecors.com\/es\/wp-json\/wp\/v2\/product_cat?post=180769"},{"taxonomy":"product_tag","embeddable":true,"href":"https:\/\/nexgendecors.com\/es\/wp-json\/wp\/v2\/product_tag?post=180769"}],"curies":[{"name":"wp","href":"https:\/\/api.w.org\/{rel}","templated":true}]}}