{"id":180785,"date":"2025-02-28T03:33:21","date_gmt":"2025-02-28T03:33:21","guid":{"rendered":"https:\/\/nexgendecors.com\/en\/product\/welson-destainer-is-a-concentrated-liquid-chlorinated-bleach-suitable-for-all-the-hotel-white-hemp-cotton-and-blended-textiles\/"},"modified":"2025-04-06T11:16:58","modified_gmt":"2025-04-06T11:16:58","slug":"welson-destainer-es-un-blanqueador-liquido-clorado-concentrado-adecuado-para-todos-los-textiles-de-hotel-de-canamo-blanco-algodon-y-mezclas","status":"publish","type":"product","link":"https:\/\/nexgendecors.com\/es\/product\/welson-destainer-es-un-blanqueador-liquido-clorado-concentrado-adecuado-para-todos-los-textiles-de-hotel-de-canamo-blanco-algodon-y-mezclas\/","title":{"rendered":"Welson Destainer es un blanqueador clorado l\u00edquido concentrado adecuado para todos los textiles de c\u00e1\u00f1amo, algod\u00f3n y mezclas blancas de hotel."},"content":{"rendered":"<ul>\n<li><strong>lugar de origen : <\/strong> Guangdong, China<\/li>\n<li><strong>nombre de marca: <\/strong> Welson<\/li>\n<li><strong>N\u00famero de modelo: <\/strong> DESTANQUERIENTE<\/li>\n<li><strong>caracter\u00edstica : <\/strong> Desechables, sostenibles y almacenados<\/li>\n<li><strong>uso de detergente: <\/strong> Lavadero<\/li>\n<li><strong>tipo : <\/strong> Detergente<\/li>\n<li><strong>Forma : <\/strong> L\u00edquido<\/li>\n<li><strong>contenido de ingrediente activo: <\/strong> 6%Include-11%<\/li>\n<li><strong>Plazo de pago: <\/strong> 30\/70 TT<\/li>\n<li><strong>Certificado : <\/strong> ISO, MSDS, TDS, COA<\/li>\n<li><strong>Color : <\/strong> Incoloro a Kelly<\/li>\n<li><strong>Olor: <\/strong> Acre<\/li>\n<li><strong>PH : <\/strong> 10.0 ~ 12.0<\/li>\n<li><strong>Paquete : <\/strong> 60L\/barril<\/li>\n<li><strong>Selecci\u00f3n del espacio de la habitaci\u00f3n: <\/strong> Apoyo<\/li>\n<li><strong>Selecci\u00f3n de ocasi\u00f3n: <\/strong> Apoyo<\/li>\n<li><strong>Selecci\u00f3n de vacaciones: <\/strong> Apoyo<\/li>\n<li><strong>Tipo de detergente: <\/strong> Lej\u00eda<\/li>\n<\/ul>","protected":false},"excerpt":{"rendered":"<p>Lugar de origen : Guangdong, China Marca : Welson N\u00famero de modelo : DESTAINER Caracter\u00edstica : Desechable, Sostenible, Detergente almacenado<\/p>","protected":false},"featured_media":180784,"comment_status":"open","ping_status":"closed","template":"","meta":[],"product_brand":[],"product_cat":[30966],"product_tag":[],"class_list":{"0":"post-180785","1":"product","2":"type-product","3":"status-publish","4":"has-post-thumbnail","6":"product_cat-cleaning-chemicals","8":"first","9":"instock","10":"taxable","11":"shipping-taxable","12":"purchasable","13":"product-type-variable"},"_links":{"self":[{"href":"https:\/\/nexgendecors.com\/es\/wp-json\/wp\/v2\/product\/180785","targetHints":{"allow":["GET"]}}],"collection":[{"href":"https:\/\/nexgendecors.com\/es\/wp-json\/wp\/v2\/product"}],"about":[{"href":"https:\/\/nexgendecors.com\/es\/wp-json\/wp\/v2\/types\/product"}],"replies":[{"embeddable":true,"href":"https:\/\/nexgendecors.com\/es\/wp-json\/wp\/v2\/comments?post=180785"}],"version-history":[{"count":0,"href":"https:\/\/nexgendecors.com\/es\/wp-json\/wp\/v2\/product\/180785\/revisions"}],"wp:featuredmedia":[{"embeddable":true,"href":"https:\/\/nexgendecors.com\/es\/wp-json\/wp\/v2\/media\/180784"}],"wp:attachment":[{"href":"https:\/\/nexgendecors.com\/es\/wp-json\/wp\/v2\/media?parent=180785"}],"wp:term":[{"taxonomy":"product_brand","embeddable":true,"href":"https:\/\/nexgendecors.com\/es\/wp-json\/wp\/v2\/product_brand?post=180785"},{"taxonomy":"product_cat","embeddable":true,"href":"https:\/\/nexgendecors.com\/es\/wp-json\/wp\/v2\/product_cat?post=180785"},{"taxonomy":"product_tag","embeddable":true,"href":"https:\/\/nexgendecors.com\/es\/wp-json\/wp\/v2\/product_tag?post=180785"}],"curies":[{"name":"wp","href":"https:\/\/api.w.org\/{rel}","templated":true}]}}