{"id":180803,"date":"2025-02-28T03:44:46","date_gmt":"2025-02-28T03:44:46","guid":{"rendered":"https:\/\/nexgendecors.com\/en\/product\/factory-high-quality-multi-functional-soap-removes-yellow-stains-deep-clean-clothes-collar-and-cuffs-cleaner-for-clothes-washing\/"},"modified":"2025-04-06T11:17:19","modified_gmt":"2025-04-06T11:17:19","slug":"jabon-multifuncional-de-alta-calidad-de-fabrica-que-elimina-las-manchas-amarillas-limpia-profundamente-el-cuello-y-los-punos-de-la-ropa-limpiador-para-lavar-la-ropa","status":"publish","type":"product","link":"https:\/\/nexgendecors.com\/es\/product\/jabon-multifuncional-de-alta-calidad-de-fabrica-que-elimina-las-manchas-amarillas-limpia-profundamente-el-cuello-y-los-punos-de-la-ropa-limpiador-para-lavar-la-ropa\/","title":{"rendered":"Jab\u00f3n multifuncional de alta calidad de f\u00e1brica que elimina las manchas amarillas. Limpia profundamente cuellos y pu\u00f1os de la ropa. Limpiador para el lavado de ropa."},"content":{"rendered":"<ul>\n<li><strong>lugar de origen : <\/strong> Guangdong, China<\/li>\n<li><strong>Nombre de la marca: <\/strong> Welson<\/li>\n<li><strong>N\u00famero de modelo: <\/strong> AREST<\/li>\n<li><strong>caracter\u00edstica : <\/strong> Desechables, sostenibles y almacenados<\/li>\n<li><strong>uso de detergente: <\/strong> Lavadero<\/li>\n<li><strong>tipo : <\/strong> Detergente<\/li>\n<li><strong>Forma : <\/strong> L\u00edquido<\/li>\n<li><strong>contenido de ingrediente activo: <\/strong> 20%Include-50%<\/li>\n<li><strong>Plazo de pago: <\/strong> 30\/70 TT<\/li>\n<li><strong>Certificado : <\/strong> ISO, MSDS, TDS, COA<\/li>\n<li><strong>Color : <\/strong> Incoloro<\/li>\n<li><strong>Olor: <\/strong> Inodoro<\/li>\n<li><strong>PH : <\/strong> 6.0 ~ 8.5<\/li>\n<li><strong>Paquete : <\/strong> 4*5L\/caja<\/li>\n<li><strong>Estaci\u00f3n : <\/strong> Para toda la temporada<\/li>\n<li><strong>Selecci\u00f3n del espacio de la habitaci\u00f3n: <\/strong> No soporte<\/li>\n<li><strong>Selecci\u00f3n de ocasi\u00f3n: <\/strong> No soporte<\/li>\n<li><strong>Tipo de detergente: <\/strong> Limpiador<\/li>\n<\/ul>","protected":false},"excerpt":{"rendered":"<p>Lugar de origen: Guangdong, China Nombre de la marca: Welson N\u00famero de modelo: AREST Caracter\u00edstica: Detergente desechable, sostenible y almacenado<\/p>","protected":false},"featured_media":180802,"comment_status":"open","ping_status":"closed","template":"","meta":[],"product_brand":[],"product_cat":[30966],"product_tag":[],"class_list":{"0":"post-180803","1":"product","2":"type-product","3":"status-publish","4":"has-post-thumbnail","6":"product_cat-cleaning-chemicals","8":"first","9":"instock","10":"taxable","11":"shipping-taxable","12":"purchasable","13":"product-type-variable"},"_links":{"self":[{"href":"https:\/\/nexgendecors.com\/es\/wp-json\/wp\/v2\/product\/180803","targetHints":{"allow":["GET"]}}],"collection":[{"href":"https:\/\/nexgendecors.com\/es\/wp-json\/wp\/v2\/product"}],"about":[{"href":"https:\/\/nexgendecors.com\/es\/wp-json\/wp\/v2\/types\/product"}],"replies":[{"embeddable":true,"href":"https:\/\/nexgendecors.com\/es\/wp-json\/wp\/v2\/comments?post=180803"}],"version-history":[{"count":0,"href":"https:\/\/nexgendecors.com\/es\/wp-json\/wp\/v2\/product\/180803\/revisions"}],"wp:featuredmedia":[{"embeddable":true,"href":"https:\/\/nexgendecors.com\/es\/wp-json\/wp\/v2\/media\/180802"}],"wp:attachment":[{"href":"https:\/\/nexgendecors.com\/es\/wp-json\/wp\/v2\/media?parent=180803"}],"wp:term":[{"taxonomy":"product_brand","embeddable":true,"href":"https:\/\/nexgendecors.com\/es\/wp-json\/wp\/v2\/product_brand?post=180803"},{"taxonomy":"product_cat","embeddable":true,"href":"https:\/\/nexgendecors.com\/es\/wp-json\/wp\/v2\/product_cat?post=180803"},{"taxonomy":"product_tag","embeddable":true,"href":"https:\/\/nexgendecors.com\/es\/wp-json\/wp\/v2\/product_tag?post=180803"}],"curies":[{"name":"wp","href":"https:\/\/api.w.org\/{rel}","templated":true}]}}