{"id":180869,"date":"2025-02-28T03:49:58","date_gmt":"2025-02-28T03:49:58","guid":{"rendered":"https:\/\/nexgendecors.com\/en\/product\/liquid-detergent-for-hospital-laundry-cleaning-solution-liquid-oxygen-oxi-bleach-detergent\/"},"modified":"2025-02-28T03:50:11","modified_gmt":"2025-02-28T03:50:11","slug":"detergente-liquido-para-la-limpieza-de-ropa-de-hospitales-solucion-de-blanqueador-con-oxigeno-liquido","status":"publish","type":"product","link":"https:\/\/nexgendecors.com\/es\/product\/detergente-liquido-para-la-limpieza-de-ropa-de-hospitales-solucion-de-blanqueador-con-oxigeno-liquido\/","title":{"rendered":"Detergente l\u00edquido para la limpieza de ropa de hospitales Soluci\u00f3n de ox\u00edgeno l\u00edquido Detergente blanqueador Oxi"},"content":{"rendered":"<ul>\n<li><strong>lugar de origen : <\/strong> Guangdong, China<\/li>\n<li><strong>nombre de marca: <\/strong> Welson<\/li>\n<li><strong>N\u00famero de modelo: <\/strong> OXY<\/li>\n<li><strong>caracter\u00edstica : <\/strong> Desechables, sostenibles y almacenados<\/li>\n<li><strong>uso de detergente: <\/strong> Lavadero<\/li>\n<li><strong>tipo : <\/strong> Detergente<\/li>\n<li><strong>Forma : <\/strong> L\u00edquido<\/li>\n<li><strong>contenido de ingrediente activo: <\/strong> 20%Include-50%<\/li>\n<li><strong>Muestra : <\/strong> Se proporcionan 500 ml gratis<\/li>\n<li><strong>Plazo de pago: <\/strong> 30\/70 TT<\/li>\n<li><strong>Certificado : <\/strong> ISO, MSDS, TDS, COA<\/li>\n<li><strong>Color : <\/strong> Incoloro<\/li>\n<li><strong>Olor: <\/strong> pungent<\/li>\n<li><strong>PH : <\/strong> 5.5~ 8.0<\/li>\n<li><strong>Paquete : <\/strong> 20L\/barrel<\/li>\n<li><strong>Tipo de detergente: <\/strong> Lej\u00eda<\/li>\n<\/ul>","protected":false},"excerpt":{"rendered":"<p>place of origin : Guangdong, China brand name : Welson model number : OXY feature : Disposable, Sustainable, Stocked detergent<\/p>","protected":false},"featured_media":180868,"comment_status":"open","ping_status":"closed","template":"","meta":[],"product_brand":[],"product_cat":[30966],"product_tag":[],"class_list":{"0":"post-180869","1":"product","2":"type-product","3":"status-publish","4":"has-post-thumbnail","6":"product_cat-cleaning-chemicals","8":"first","9":"instock","10":"taxable","11":"shipping-taxable","12":"purchasable","13":"product-type-variable"},"_links":{"self":[{"href":"https:\/\/nexgendecors.com\/es\/wp-json\/wp\/v2\/product\/180869","targetHints":{"allow":["GET"]}}],"collection":[{"href":"https:\/\/nexgendecors.com\/es\/wp-json\/wp\/v2\/product"}],"about":[{"href":"https:\/\/nexgendecors.com\/es\/wp-json\/wp\/v2\/types\/product"}],"replies":[{"embeddable":true,"href":"https:\/\/nexgendecors.com\/es\/wp-json\/wp\/v2\/comments?post=180869"}],"version-history":[{"count":0,"href":"https:\/\/nexgendecors.com\/es\/wp-json\/wp\/v2\/product\/180869\/revisions"}],"wp:featuredmedia":[{"embeddable":true,"href":"https:\/\/nexgendecors.com\/es\/wp-json\/wp\/v2\/media\/180868"}],"wp:attachment":[{"href":"https:\/\/nexgendecors.com\/es\/wp-json\/wp\/v2\/media?parent=180869"}],"wp:term":[{"taxonomy":"product_brand","embeddable":true,"href":"https:\/\/nexgendecors.com\/es\/wp-json\/wp\/v2\/product_brand?post=180869"},{"taxonomy":"product_cat","embeddable":true,"href":"https:\/\/nexgendecors.com\/es\/wp-json\/wp\/v2\/product_cat?post=180869"},{"taxonomy":"product_tag","embeddable":true,"href":"https:\/\/nexgendecors.com\/es\/wp-json\/wp\/v2\/product_tag?post=180869"}],"curies":[{"name":"wp","href":"https:\/\/api.w.org\/{rel}","templated":true}]}}