{"id":180957,"date":"2025-02-28T04:04:11","date_gmt":"2025-02-28T04:04:11","guid":{"rendered":"https:\/\/nexgendecors.com\/en\/product\/fresh-scent-kitchen-household-all-purpose-liquid-cleaner-liquid-dishwashing-dish-soap-dish-washing-detergent\/"},"modified":"2025-04-06T11:19:29","modified_gmt":"2025-04-06T11:19:29","slug":"limpiador-liquido-multiusos-para-cocina-y-hogar-con-aroma-fresco-jabon-lavavajillas-liquido-detergente-lavavajillas","status":"publish","type":"product","link":"https:\/\/nexgendecors.com\/es\/product\/limpiador-liquido-multiusos-para-cocina-y-hogar-con-aroma-fresco-jabon-lavavajillas-liquido-detergente-lavavajillas\/","title":{"rendered":"Limpiador l\u00edquido multiusos para cocina y hogar con aroma fresco, jab\u00f3n l\u00edquido para platos, detergente para lavar platos"},"content":{"rendered":"<ul>\n<li><strong>Tipo : <\/strong> Detergente<\/li>\n<li><strong>Tipo de detergente: <\/strong> Limpiador<\/li>\n<li><strong>Uso de detergente: <\/strong> Cocina<\/li>\n<li><strong>Forma : <\/strong> L\u00edquido<\/li>\n<li><strong>Caracter\u00edstica : <\/strong> Desechables, sostenibles y almacenados<\/li>\n<li><strong>Lugar de origen: <\/strong> Guangdong, China<\/li>\n<li><strong>Nombre de la marca: <\/strong> Welson<\/li>\n<li><strong>N\u00famero de modelo : <\/strong> PANPAL<\/li>\n<li><strong>Contenido de ingrediente activo: <\/strong> 5% (Incluido) -15%<\/li>\n<li><strong>Muestra : <\/strong> Se proporcionan 500 ml gratis<\/li>\n<li><strong>Plazo de pago: <\/strong> 30\/70 TT<\/li>\n<li><strong>Certificado : <\/strong> ISO, MSDS, TDS, COA<\/li>\n<li><strong>Color : <\/strong> incoloro<\/li>\n<li><strong>Fragancia: <\/strong> Lim\u00f3n<\/li>\n<li><strong>PH : <\/strong> 6.0 -8.0<\/li>\n<li><strong>Paquete : <\/strong> 4*4,5 kg\/caja<\/li>\n<\/ul>","protected":false},"excerpt":{"rendered":"<p>Tipo: Detergente Tipo de detergente: Limpiador Uso del detergente: Cocina Forma: L\u00edquido Caracter\u00edstica: Desechable, Sostenible, Lugar de almacenamiento<\/p>","protected":false},"featured_media":180956,"comment_status":"open","ping_status":"closed","template":"","meta":[],"product_brand":[],"product_cat":[30966],"product_tag":[],"class_list":{"0":"post-180957","1":"product","2":"type-product","3":"status-publish","4":"has-post-thumbnail","6":"product_cat-cleaning-chemicals","8":"first","9":"instock","10":"taxable","11":"shipping-taxable","12":"purchasable","13":"product-type-variable"},"_links":{"self":[{"href":"https:\/\/nexgendecors.com\/es\/wp-json\/wp\/v2\/product\/180957","targetHints":{"allow":["GET"]}}],"collection":[{"href":"https:\/\/nexgendecors.com\/es\/wp-json\/wp\/v2\/product"}],"about":[{"href":"https:\/\/nexgendecors.com\/es\/wp-json\/wp\/v2\/types\/product"}],"replies":[{"embeddable":true,"href":"https:\/\/nexgendecors.com\/es\/wp-json\/wp\/v2\/comments?post=180957"}],"version-history":[{"count":0,"href":"https:\/\/nexgendecors.com\/es\/wp-json\/wp\/v2\/product\/180957\/revisions"}],"wp:featuredmedia":[{"embeddable":true,"href":"https:\/\/nexgendecors.com\/es\/wp-json\/wp\/v2\/media\/180956"}],"wp:attachment":[{"href":"https:\/\/nexgendecors.com\/es\/wp-json\/wp\/v2\/media?parent=180957"}],"wp:term":[{"taxonomy":"product_brand","embeddable":true,"href":"https:\/\/nexgendecors.com\/es\/wp-json\/wp\/v2\/product_brand?post=180957"},{"taxonomy":"product_cat","embeddable":true,"href":"https:\/\/nexgendecors.com\/es\/wp-json\/wp\/v2\/product_cat?post=180957"},{"taxonomy":"product_tag","embeddable":true,"href":"https:\/\/nexgendecors.com\/es\/wp-json\/wp\/v2\/product_tag?post=180957"}],"curies":[{"name":"wp","href":"https:\/\/api.w.org\/{rel}","templated":true}]}}