{"id":180984,"date":"2025-02-28T04:05:51","date_gmt":"2025-02-28T04:05:51","guid":{"rendered":"https:\/\/nexgendecors.com\/en\/product\/eco-friendly-household-450g-toilet-liquid-detergent-bathroom-cleaning-bathroom-cleaner\/"},"modified":"2025-02-28T04:06:03","modified_gmt":"2025-02-28T04:06:03","slug":"eco-friendly-household-450g-toilet-liquid-detergent-bathroom-cleaning-bathroom-cleaner","status":"publish","type":"product","link":"https:\/\/nexgendecors.com\/es\/product\/eco-friendly-household-450g-toilet-liquid-detergent-bathroom-cleaning-bathroom-cleaner\/","title":{"rendered":"Detergente l\u00edquido para inodoro ecol\u00f3gico de 450 g para limpieza de ba\u00f1os."},"content":{"rendered":"<ul>\n<li><strong>Tipo : <\/strong> Detergente<\/li>\n<li><strong>Tipo de detergente: <\/strong> Limpiador<\/li>\n<li><strong>Uso de detergente: <\/strong> Ba\u00f1o<\/li>\n<li><strong>Forma : <\/strong> L\u00edquido<\/li>\n<li><strong>Caracter\u00edstica : <\/strong> Desechables, sostenibles y almacenados<\/li>\n<li><strong>Lugar de origen: <\/strong> Guangdong, China<\/li>\n<li><strong>Nombre de la marca: <\/strong> Welson<\/li>\n<li><strong>N\u00famero de modelo : <\/strong> BA\u00d1O<\/li>\n<li><strong>Contenido de ingrediente activo: <\/strong> 5% (Incluido) -15%<\/li>\n<li><strong>Muestra : <\/strong> 500 g gratis proporcionados<\/li>\n<li><strong>Plazo de pago: <\/strong> 30\/70 TT<\/li>\n<li><strong>Certificado : <\/strong> ISO,MSDS, TDS, COA<\/li>\n<li><strong>Color : <\/strong> azul<\/li>\n<li><strong>Olor: <\/strong> Peach<\/li>\n<li><strong>PH : <\/strong> 1.5 ~ 2.0<\/li>\n<li><strong>Paquete : <\/strong> 450g<\/li>\n<\/ul>","protected":false},"excerpt":{"rendered":"<p>Tipo: Detergente Tipo de detergente: Limpiador Uso del detergente: Ba\u00f1o Forma: L\u00edquido Caracter\u00edstica: Desechable, Sostenible, Lugar de almacenamiento<\/p>","protected":false},"featured_media":180983,"comment_status":"open","ping_status":"closed","template":"","meta":[],"product_brand":[],"product_cat":[30966],"product_tag":[],"class_list":{"0":"post-180984","1":"product","2":"type-product","3":"status-publish","4":"has-post-thumbnail","6":"product_cat-cleaning-chemicals","8":"first","9":"instock","10":"taxable","11":"shipping-taxable","12":"purchasable","13":"product-type-variable"},"_links":{"self":[{"href":"https:\/\/nexgendecors.com\/es\/wp-json\/wp\/v2\/product\/180984","targetHints":{"allow":["GET"]}}],"collection":[{"href":"https:\/\/nexgendecors.com\/es\/wp-json\/wp\/v2\/product"}],"about":[{"href":"https:\/\/nexgendecors.com\/es\/wp-json\/wp\/v2\/types\/product"}],"replies":[{"embeddable":true,"href":"https:\/\/nexgendecors.com\/es\/wp-json\/wp\/v2\/comments?post=180984"}],"version-history":[{"count":0,"href":"https:\/\/nexgendecors.com\/es\/wp-json\/wp\/v2\/product\/180984\/revisions"}],"wp:featuredmedia":[{"embeddable":true,"href":"https:\/\/nexgendecors.com\/es\/wp-json\/wp\/v2\/media\/180983"}],"wp:attachment":[{"href":"https:\/\/nexgendecors.com\/es\/wp-json\/wp\/v2\/media?parent=180984"}],"wp:term":[{"taxonomy":"product_brand","embeddable":true,"href":"https:\/\/nexgendecors.com\/es\/wp-json\/wp\/v2\/product_brand?post=180984"},{"taxonomy":"product_cat","embeddable":true,"href":"https:\/\/nexgendecors.com\/es\/wp-json\/wp\/v2\/product_cat?post=180984"},{"taxonomy":"product_tag","embeddable":true,"href":"https:\/\/nexgendecors.com\/es\/wp-json\/wp\/v2\/product_tag?post=180984"}],"curies":[{"name":"wp","href":"https:\/\/api.w.org\/{rel}","templated":true}]}}