{"id":181002,"date":"2025-02-28T04:06:53","date_gmt":"2025-02-28T04:06:53","guid":{"rendered":"https:\/\/nexgendecors.com\/en\/product\/toilet-bowl-cleaner-with-oem-service-for-household-cleaning-or-hotel-use\/"},"modified":"2025-04-06T11:20:09","modified_gmt":"2025-04-06T11:20:09","slug":"toilet-bowl-cleaner-with-oem-service-for-household-cleaning-or-hotel-use","status":"publish","type":"product","link":"https:\/\/nexgendecors.com\/es\/product\/toilet-bowl-cleaner-with-oem-service-for-household-cleaning-or-hotel-use\/","title":{"rendered":"Limpiador de inodoros con servicio OEM para limpieza dom\u00e9stica o uso hotelero"},"content":{"rendered":"<ul>\n<li><strong>Tipo : <\/strong> Detergente<\/li>\n<li><strong>Tipo de detergente: <\/strong> Limpiador<\/li>\n<li><strong>Uso de detergente: <\/strong> Ba\u00f1o<\/li>\n<li><strong>Forma : <\/strong> L\u00edquido<\/li>\n<li><strong>Caracter\u00edstica : <\/strong> Disposable, Sustainable<\/li>\n<li><strong>Lugar de origen: <\/strong> Guangdong, China<\/li>\n<li><strong>Nombre de la marca: <\/strong> Welson or OEM<\/li>\n<li><strong>N\u00famero de modelo : <\/strong> TC<\/li>\n<li><strong>Contenido de ingrediente activo: <\/strong> 5% (Incluido) -15%<\/li>\n<li><strong>Muestra : <\/strong> Disponible<\/li>\n<li><strong>Plazo de pago: <\/strong> 30\/70 TT<\/li>\n<li><strong>Certificado : <\/strong> ISO, MSDS, COA<\/li>\n<li><strong>Comprador comercial: <\/strong> Hoteles<\/li>\n<\/ul>","protected":false},"excerpt":{"rendered":"<p>Tipo: Detergente Tipo de detergente: Limpiador Uso del detergente: Ba\u00f1o Forma: L\u00edquido Caracter\u00edstica: Desechable, Sostenible Lugar de<\/p>","protected":false},"featured_media":181001,"comment_status":"open","ping_status":"closed","template":"","meta":[],"product_brand":[],"product_cat":[30966],"product_tag":[],"class_list":{"0":"post-181002","1":"product","2":"type-product","3":"status-publish","4":"has-post-thumbnail","6":"product_cat-cleaning-chemicals","8":"first","9":"instock","10":"taxable","11":"shipping-taxable","12":"purchasable","13":"product-type-variable"},"_links":{"self":[{"href":"https:\/\/nexgendecors.com\/es\/wp-json\/wp\/v2\/product\/181002","targetHints":{"allow":["GET"]}}],"collection":[{"href":"https:\/\/nexgendecors.com\/es\/wp-json\/wp\/v2\/product"}],"about":[{"href":"https:\/\/nexgendecors.com\/es\/wp-json\/wp\/v2\/types\/product"}],"replies":[{"embeddable":true,"href":"https:\/\/nexgendecors.com\/es\/wp-json\/wp\/v2\/comments?post=181002"}],"version-history":[{"count":0,"href":"https:\/\/nexgendecors.com\/es\/wp-json\/wp\/v2\/product\/181002\/revisions"}],"wp:featuredmedia":[{"embeddable":true,"href":"https:\/\/nexgendecors.com\/es\/wp-json\/wp\/v2\/media\/181001"}],"wp:attachment":[{"href":"https:\/\/nexgendecors.com\/es\/wp-json\/wp\/v2\/media?parent=181002"}],"wp:term":[{"taxonomy":"product_brand","embeddable":true,"href":"https:\/\/nexgendecors.com\/es\/wp-json\/wp\/v2\/product_brand?post=181002"},{"taxonomy":"product_cat","embeddable":true,"href":"https:\/\/nexgendecors.com\/es\/wp-json\/wp\/v2\/product_cat?post=181002"},{"taxonomy":"product_tag","embeddable":true,"href":"https:\/\/nexgendecors.com\/es\/wp-json\/wp\/v2\/product_tag?post=181002"}],"curies":[{"name":"wp","href":"https:\/\/api.w.org\/{rel}","templated":true}]}}