{"id":181011,"date":"2025-02-28T04:07:19","date_gmt":"2025-02-28T04:07:19","guid":{"rendered":"https:\/\/nexgendecors.com\/en\/product\/liquid-toilet-bowl-cleaners-urinal-stain-remover-toilet-cleaner\/"},"modified":"2025-04-06T11:20:19","modified_gmt":"2025-04-06T11:20:19","slug":"liquid-toilet-bowl-cleaners-urinal-stain-remover-toilet-cleaner","status":"publish","type":"product","link":"https:\/\/nexgendecors.com\/es\/product\/liquid-toilet-bowl-cleaners-urinal-stain-remover-toilet-cleaner\/","title":{"rendered":"Limpiadores l\u00edquidos para inodoros \u2013 Quitamanchas para urinarios \u2013 Limpiador de inodoros"},"content":{"rendered":"<ul>\n<li><strong>Tipo : <\/strong> Detergente<\/li>\n<li><strong>Tipo de detergente: <\/strong> Limpiador<\/li>\n<li><strong>Uso de detergente: <\/strong> Ba\u00f1o<\/li>\n<li><strong>Forma : <\/strong> L\u00edquido<\/li>\n<li><strong>Caracter\u00edstica : <\/strong> Desechables, sostenibles y almacenados<\/li>\n<li><strong>Lugar de origen: <\/strong> Guangdong, China<\/li>\n<li><strong>Nombre de la marca: <\/strong> Welson<\/li>\n<li><strong>N\u00famero de modelo : <\/strong> TC<\/li>\n<li><strong>Contenido de ingrediente activo: <\/strong> 5% (Incluido) -15%<\/li>\n<li><strong>Muestra : <\/strong> Se proporcionan 500 ml gratis<\/li>\n<li><strong>Plazo de pago: <\/strong> 30\/70 TT<\/li>\n<li><strong>Certificado : <\/strong> ISO 9001, ISO 14001, MSDS<\/li>\n<li><strong>Color : <\/strong> Colourless or Pale yellow<\/li>\n<li><strong>PH : <\/strong> 1.0 ~ 2.0<\/li>\n<li><strong>Paquete : <\/strong> 600ml<\/li>\n<\/ul>","protected":false},"excerpt":{"rendered":"<p>Tipo: Detergente Tipo de detergente: Limpiador Uso del detergente: Ba\u00f1o Forma: L\u00edquido Caracter\u00edstica: Desechable, Sostenible, Lugar de almacenamiento<\/p>","protected":false},"featured_media":181010,"comment_status":"open","ping_status":"closed","template":"","meta":[],"product_brand":[],"product_cat":[30966],"product_tag":[],"class_list":{"0":"post-181011","1":"product","2":"type-product","3":"status-publish","4":"has-post-thumbnail","6":"product_cat-cleaning-chemicals","8":"first","9":"instock","10":"taxable","11":"shipping-taxable","12":"purchasable","13":"product-type-variable"},"_links":{"self":[{"href":"https:\/\/nexgendecors.com\/es\/wp-json\/wp\/v2\/product\/181011","targetHints":{"allow":["GET"]}}],"collection":[{"href":"https:\/\/nexgendecors.com\/es\/wp-json\/wp\/v2\/product"}],"about":[{"href":"https:\/\/nexgendecors.com\/es\/wp-json\/wp\/v2\/types\/product"}],"replies":[{"embeddable":true,"href":"https:\/\/nexgendecors.com\/es\/wp-json\/wp\/v2\/comments?post=181011"}],"version-history":[{"count":0,"href":"https:\/\/nexgendecors.com\/es\/wp-json\/wp\/v2\/product\/181011\/revisions"}],"wp:featuredmedia":[{"embeddable":true,"href":"https:\/\/nexgendecors.com\/es\/wp-json\/wp\/v2\/media\/181010"}],"wp:attachment":[{"href":"https:\/\/nexgendecors.com\/es\/wp-json\/wp\/v2\/media?parent=181011"}],"wp:term":[{"taxonomy":"product_brand","embeddable":true,"href":"https:\/\/nexgendecors.com\/es\/wp-json\/wp\/v2\/product_brand?post=181011"},{"taxonomy":"product_cat","embeddable":true,"href":"https:\/\/nexgendecors.com\/es\/wp-json\/wp\/v2\/product_cat?post=181011"},{"taxonomy":"product_tag","embeddable":true,"href":"https:\/\/nexgendecors.com\/es\/wp-json\/wp\/v2\/product_tag?post=181011"}],"curies":[{"name":"wp","href":"https:\/\/api.w.org\/{rel}","templated":true}]}}