{"id":181144,"date":"2025-02-28T04:24:32","date_gmt":"2025-02-28T04:24:32","guid":{"rendered":"https:\/\/nexgendecors.com\/en\/product\/factory-wholesale-liquid-laundry-detergent-packaged-in-bottles-customized-formulations-for-clothes-fragrant-and-gentle\/"},"modified":"2025-04-06T11:22:16","modified_gmt":"2025-04-06T11:22:16","slug":"factory-wholesale-liquid-laundry-detergent-packaged-in-bottles-customized-formulations-for-clothes-fragrant-and-gentle","status":"publish","type":"product","link":"https:\/\/nexgendecors.com\/es\/product\/factory-wholesale-liquid-laundry-detergent-packaged-in-bottles-customized-formulations-for-clothes-fragrant-and-gentle\/","title":{"rendered":"Factory Wholesale Liquid Laundry Detergent Packaged in Bottles Customized Formulations for Clothes Fragrant and Gentle"},"content":{"rendered":"<ul>\n<li><strong>lugar de origen : <\/strong> Guangdong, China<\/li>\n<li><strong>Nombre de la marca: <\/strong> AILINA<\/li>\n<li><strong>N\u00famero de modelo: <\/strong> L\u00edquido de lavado<\/li>\n<li><strong>caracter\u00edstica : <\/strong> Sostenible<\/li>\n<li><strong>uso de detergente: <\/strong> VESTIR<\/li>\n<li><strong>tipo : <\/strong> Otros productos qu\u00edmicos dom\u00e9sticos<\/li>\n<li><strong>Forma : <\/strong> L\u00edquido<\/li>\n<li><strong>contenido de ingrediente activo: <\/strong> 5% (Incluido) -15%<\/li>\n<li><strong>Fragancia: <\/strong> NATURAL<\/li>\n<li><strong>Nombre del producto : <\/strong> Detergent Liquid<\/li>\n<li><strong>Palabra clave: <\/strong> L\u00edquido de lavado<\/li>\n<li><strong>Funci\u00f3n : <\/strong> Deep Cleaning<\/li>\n<li><strong>Usar : <\/strong> Lavado diario de ropa<\/li>\n<li><strong>Efecto : <\/strong> Limpieza profunda y frescura<\/li>\n<li><strong>Servicio : <\/strong> Marca privada OEM ODM<\/li>\n<li><strong>Uso: <\/strong> Limpieza de prendas<\/li>\n<li><strong>Cantidad m\u00ednima de pedido: <\/strong> 50 piezas<\/li>\n<li><strong>Logotipo : <\/strong> Aceptar logotipo personalizado<\/li>\n<li><strong>Marca : <\/strong> OEM personalizado<\/li>\n<\/ul>","protected":false},"excerpt":{"rendered":"<p>Lugar de origen : Guangdong, China Marca : AILINA N\u00famero de modelo : L\u00edquido de lavado Caracter\u00edstica : Uso sostenible del detergente<\/p>","protected":false},"featured_media":181143,"comment_status":"open","ping_status":"closed","template":"","meta":[],"product_brand":[],"product_cat":[30966],"product_tag":[],"class_list":{"0":"post-181144","1":"product","2":"type-product","3":"status-publish","4":"has-post-thumbnail","6":"product_cat-cleaning-chemicals","8":"first","9":"instock","10":"taxable","11":"shipping-taxable","12":"purchasable","13":"product-type-variable"},"_links":{"self":[{"href":"https:\/\/nexgendecors.com\/es\/wp-json\/wp\/v2\/product\/181144","targetHints":{"allow":["GET"]}}],"collection":[{"href":"https:\/\/nexgendecors.com\/es\/wp-json\/wp\/v2\/product"}],"about":[{"href":"https:\/\/nexgendecors.com\/es\/wp-json\/wp\/v2\/types\/product"}],"replies":[{"embeddable":true,"href":"https:\/\/nexgendecors.com\/es\/wp-json\/wp\/v2\/comments?post=181144"}],"version-history":[{"count":0,"href":"https:\/\/nexgendecors.com\/es\/wp-json\/wp\/v2\/product\/181144\/revisions"}],"wp:featuredmedia":[{"embeddable":true,"href":"https:\/\/nexgendecors.com\/es\/wp-json\/wp\/v2\/media\/181143"}],"wp:attachment":[{"href":"https:\/\/nexgendecors.com\/es\/wp-json\/wp\/v2\/media?parent=181144"}],"wp:term":[{"taxonomy":"product_brand","embeddable":true,"href":"https:\/\/nexgendecors.com\/es\/wp-json\/wp\/v2\/product_brand?post=181144"},{"taxonomy":"product_cat","embeddable":true,"href":"https:\/\/nexgendecors.com\/es\/wp-json\/wp\/v2\/product_cat?post=181144"},{"taxonomy":"product_tag","embeddable":true,"href":"https:\/\/nexgendecors.com\/es\/wp-json\/wp\/v2\/product_tag?post=181144"}],"curies":[{"name":"wp","href":"https:\/\/api.w.org\/{rel}","templated":true}]}}