{"id":181200,"date":"2025-02-28T04:32:50","date_gmt":"2025-02-28T04:32:50","guid":{"rendered":"https:\/\/nexgendecors.com\/en\/product\/fragrance-oil-for-leather-classic-collection-perfume-house-perfume-fragrance-perfume-travel-sets-mini-fragrances\/"},"modified":"2025-04-06T11:22:48","modified_gmt":"2025-04-06T11:22:48","slug":"fragrance-oil-for-leather-classic-collection-perfume-house-perfume-fragrance-perfume-travel-sets-mini-fragrances","status":"publish","type":"product","link":"https:\/\/nexgendecors.com\/es\/product\/fragrance-oil-for-leather-classic-collection-perfume-house-perfume-fragrance-perfume-travel-sets-mini-fragrances\/","title":{"rendered":"Aceite arom\u00e1tico para cuero Colecci\u00f3n cl\u00e1sica Perfume de casa Perfumes Fragancias Sets de viaje Mini fragancias"},"content":{"rendered":"<ul>\n<li><strong>N.\u00ba CAS: <\/strong> N \/ A<\/li>\n<li><strong>Otros nombres: <\/strong> N \/ A<\/li>\n<li><strong>MF: <\/strong> N \/ A<\/li>\n<li><strong>N.\u00ba EINECS: <\/strong> N \/ A<\/li>\n<li><strong>N.\u00ba de FEMA: <\/strong> N \/ A<\/li>\n<li><strong>Lugar de origen: <\/strong> Guangdong, China<\/li>\n<li><strong>Tipo : <\/strong> Sabor y fragancia sint\u00e9ticos<\/li>\n<li><strong>Uso: <\/strong> Sabor diario, sabor industrial<\/li>\n<li><strong>Pureza: <\/strong> N \/ A<\/li>\n<li><strong>Nombre de la marca: <\/strong> FASINA<\/li>\n<li><strong>N\u00famero de modelo : <\/strong> FSN-P60<\/li>\n<li><strong>Muestra : <\/strong> Disponible<\/li>\n<li><strong>Duraci\u00f3n : <\/strong> 2 a\u00f1os<\/li>\n<li><strong>Cantidad m\u00ednima de pedido: <\/strong> 1 kilogramo<\/li>\n<li><strong>Embalaje: <\/strong> Botella de aluminio<\/li>\n<li><strong>Usado : <\/strong> Perfume de aceite arom\u00e1tico<\/li>\n<li><strong>Almacenamiento : <\/strong> Lugar fresco y seco<\/li>\n<li><strong>Nombre del producto : <\/strong> Aceite arom\u00e1tico de perfume<\/li>\n<li><strong>El tiempo de entrega : <\/strong> 3-5 d\u00edas<\/li>\n<li><strong>Certificado : <\/strong> Hoja de datos de seguridad (MSDS), certificado de autenticidad (COA)<\/li>\n<li><strong>Calificaci\u00f3n : <\/strong> Grado superior<\/li>\n<\/ul>","protected":false},"excerpt":{"rendered":"<p>N\u00ba CAS : NA Otros nombres : NA MF : NA N\u00ba EINECS : NA N\u00ba FEMA : NA Lugar<\/p>","protected":false},"featured_media":181199,"comment_status":"open","ping_status":"closed","template":"","meta":[],"product_brand":[],"product_cat":[30967],"product_tag":[],"class_list":{"0":"post-181200","1":"product","2":"type-product","3":"status-publish","4":"has-post-thumbnail","6":"product_cat-fragrance","8":"first","9":"instock","10":"taxable","11":"shipping-taxable","12":"purchasable","13":"product-type-simple"},"_links":{"self":[{"href":"https:\/\/nexgendecors.com\/es\/wp-json\/wp\/v2\/product\/181200","targetHints":{"allow":["GET"]}}],"collection":[{"href":"https:\/\/nexgendecors.com\/es\/wp-json\/wp\/v2\/product"}],"about":[{"href":"https:\/\/nexgendecors.com\/es\/wp-json\/wp\/v2\/types\/product"}],"replies":[{"embeddable":true,"href":"https:\/\/nexgendecors.com\/es\/wp-json\/wp\/v2\/comments?post=181200"}],"version-history":[{"count":0,"href":"https:\/\/nexgendecors.com\/es\/wp-json\/wp\/v2\/product\/181200\/revisions"}],"wp:featuredmedia":[{"embeddable":true,"href":"https:\/\/nexgendecors.com\/es\/wp-json\/wp\/v2\/media\/181199"}],"wp:attachment":[{"href":"https:\/\/nexgendecors.com\/es\/wp-json\/wp\/v2\/media?parent=181200"}],"wp:term":[{"taxonomy":"product_brand","embeddable":true,"href":"https:\/\/nexgendecors.com\/es\/wp-json\/wp\/v2\/product_brand?post=181200"},{"taxonomy":"product_cat","embeddable":true,"href":"https:\/\/nexgendecors.com\/es\/wp-json\/wp\/v2\/product_cat?post=181200"},{"taxonomy":"product_tag","embeddable":true,"href":"https:\/\/nexgendecors.com\/es\/wp-json\/wp\/v2\/product_tag?post=181200"}],"curies":[{"name":"wp","href":"https:\/\/api.w.org\/{rel}","templated":true}]}}