{"id":181299,"date":"2025-02-28T04:46:05","date_gmt":"2025-02-28T04:46:05","guid":{"rendered":"https:\/\/nexgendecors.com\/en\/product\/high-quality-shampoo-hot-selling-20ml-hotel-shampoo-supply-eco-friendly-disposable-customized-logo-solid-shampoo-packaging\/"},"modified":"2025-04-06T11:24:05","modified_gmt":"2025-04-06T11:24:05","slug":"high-quality-shampoo-hot-selling-20ml-hotel-shampoo-supply-eco-friendly-disposable-customized-logo-solid-shampoo-packaging","status":"publish","type":"product","link":"https:\/\/nexgendecors.com\/es\/product\/high-quality-shampoo-hot-selling-20ml-hotel-shampoo-supply-eco-friendly-disposable-customized-logo-solid-shampoo-packaging\/","title":{"rendered":"Champ\u00fa de alta calidad, producto de gran venta, champ\u00fa para hotel de 20 ml, ecol\u00f3gico, desechable, con logotipo personalizado, envase de champ\u00fa s\u00f3lido."},"content":{"rendered":"<ul>\n<li><strong>lugar de origen : <\/strong> Jiangsu, China<\/li>\n<li><strong>nombre de marca: <\/strong> Ranbay<\/li>\n<li><strong>N\u00famero de modelo: <\/strong> Eastern<\/li>\n<li><strong>tipo : <\/strong> Champ\u00fa<\/li>\n<li><strong>Nombre del producto: <\/strong> Champ\u00fa<\/li>\n<li><strong>Logotipo : <\/strong> Logotipo personalizado<\/li>\n<li><strong>Cantidad m\u00ednima de pedido: <\/strong> 500 pieces<\/li>\n<li><strong>Peso : <\/strong> 20ml<\/li>\n<\/ul>","protected":false},"excerpt":{"rendered":"<p>Lugar de origen: Jiangsu, China Nombre de la marca: Ranbay N\u00famero de modelo: Oriental Tipo: Champ\u00fa Nombre del producto:<\/p>","protected":false},"featured_media":181298,"comment_status":"open","ping_status":"closed","template":"","meta":[],"product_brand":[],"product_cat":[30939],"product_tag":[],"class_list":{"0":"post-181299","1":"product","2":"type-product","3":"status-publish","4":"has-post-thumbnail","6":"product_cat-hotel-soaps-amenities","8":"first","9":"instock","10":"taxable","11":"shipping-taxable","12":"purchasable","13":"product-type-variable"},"_links":{"self":[{"href":"https:\/\/nexgendecors.com\/es\/wp-json\/wp\/v2\/product\/181299","targetHints":{"allow":["GET"]}}],"collection":[{"href":"https:\/\/nexgendecors.com\/es\/wp-json\/wp\/v2\/product"}],"about":[{"href":"https:\/\/nexgendecors.com\/es\/wp-json\/wp\/v2\/types\/product"}],"replies":[{"embeddable":true,"href":"https:\/\/nexgendecors.com\/es\/wp-json\/wp\/v2\/comments?post=181299"}],"version-history":[{"count":0,"href":"https:\/\/nexgendecors.com\/es\/wp-json\/wp\/v2\/product\/181299\/revisions"}],"wp:featuredmedia":[{"embeddable":true,"href":"https:\/\/nexgendecors.com\/es\/wp-json\/wp\/v2\/media\/181298"}],"wp:attachment":[{"href":"https:\/\/nexgendecors.com\/es\/wp-json\/wp\/v2\/media?parent=181299"}],"wp:term":[{"taxonomy":"product_brand","embeddable":true,"href":"https:\/\/nexgendecors.com\/es\/wp-json\/wp\/v2\/product_brand?post=181299"},{"taxonomy":"product_cat","embeddable":true,"href":"https:\/\/nexgendecors.com\/es\/wp-json\/wp\/v2\/product_cat?post=181299"},{"taxonomy":"product_tag","embeddable":true,"href":"https:\/\/nexgendecors.com\/es\/wp-json\/wp\/v2\/product_tag?post=181299"}],"curies":[{"name":"wp","href":"https:\/\/api.w.org\/{rel}","templated":true}]}}