{"id":181331,"date":"2025-02-28T04:50:39","date_gmt":"2025-02-28T04:50:39","guid":{"rendered":"https:\/\/nexgendecors.com\/en\/product\/whole-sale-5kg-liquid-hand-soap-fresh-aloe-and-flavor-fragrance-hand-care-for-hotel\/"},"modified":"2025-04-06T11:25:05","modified_gmt":"2025-04-06T11:25:05","slug":"whole-sale-5kg-liquid-hand-soap-fresh-aloe-and-flavor-fragrance-hand-care-for-hotel","status":"publish","type":"product","link":"https:\/\/nexgendecors.com\/es\/product\/whole-sale-5kg-liquid-hand-soap-fresh-aloe-and-flavor-fragrance-hand-care-for-hotel\/","title":{"rendered":"Jab\u00f3n l\u00edquido de manos de 5 kg con aroma a aloe vera y fragancia fresca para el cuidado de las manos en hoteles."},"content":{"rendered":"<ul>\n<li><strong>lugar de origen : <\/strong> Jiangsu, China<\/li>\n<li><strong>nombre de marca: <\/strong> Ranbay<\/li>\n<li><strong>N\u00famero de modelo: <\/strong> Eastern<\/li>\n<li><strong>tipo : <\/strong> Liquid Soap<\/li>\n<li><strong>Nombre del producto: <\/strong> Liquid Soap<\/li>\n<li><strong>Logotipo : <\/strong> Logotipo personalizado<\/li>\n<li><strong>Cantidad m\u00ednima de pedido: <\/strong> 40 bottles<\/li>\n<li><strong>Peso : <\/strong> 5 kg<\/li>\n<\/ul>","protected":false},"excerpt":{"rendered":"<p>Lugar de origen: Jiangsu, China Nombre de la marca: Ranbay N\u00famero de modelo: Oriental Tipo: Jab\u00f3n l\u00edquido Nombre del producto<\/p>","protected":false},"featured_media":181330,"comment_status":"open","ping_status":"closed","template":"","meta":[],"product_brand":[],"product_cat":[30939],"product_tag":[],"class_list":{"0":"post-181331","1":"product","2":"type-product","3":"status-publish","4":"has-post-thumbnail","6":"product_cat-hotel-soaps-amenities","8":"first","9":"instock","10":"taxable","11":"shipping-taxable","12":"purchasable","13":"product-type-variable"},"_links":{"self":[{"href":"https:\/\/nexgendecors.com\/es\/wp-json\/wp\/v2\/product\/181331","targetHints":{"allow":["GET"]}}],"collection":[{"href":"https:\/\/nexgendecors.com\/es\/wp-json\/wp\/v2\/product"}],"about":[{"href":"https:\/\/nexgendecors.com\/es\/wp-json\/wp\/v2\/types\/product"}],"replies":[{"embeddable":true,"href":"https:\/\/nexgendecors.com\/es\/wp-json\/wp\/v2\/comments?post=181331"}],"version-history":[{"count":0,"href":"https:\/\/nexgendecors.com\/es\/wp-json\/wp\/v2\/product\/181331\/revisions"}],"wp:featuredmedia":[{"embeddable":true,"href":"https:\/\/nexgendecors.com\/es\/wp-json\/wp\/v2\/media\/181330"}],"wp:attachment":[{"href":"https:\/\/nexgendecors.com\/es\/wp-json\/wp\/v2\/media?parent=181331"}],"wp:term":[{"taxonomy":"product_brand","embeddable":true,"href":"https:\/\/nexgendecors.com\/es\/wp-json\/wp\/v2\/product_brand?post=181331"},{"taxonomy":"product_cat","embeddable":true,"href":"https:\/\/nexgendecors.com\/es\/wp-json\/wp\/v2\/product_cat?post=181331"},{"taxonomy":"product_tag","embeddable":true,"href":"https:\/\/nexgendecors.com\/es\/wp-json\/wp\/v2\/product_tag?post=181331"}],"curies":[{"name":"wp","href":"https:\/\/api.w.org\/{rel}","templated":true}]}}