{"id":181360,"date":"2025-02-28T04:53:22","date_gmt":"2025-02-28T04:53:22","guid":{"rendered":"https:\/\/nexgendecors.com\/en\/product\/affordable-hot-selling-hotel-soap-customized-hotel-travelling-amenitries-set-customized-logo-whitening-soap-soap-supplies-cnjia\/"},"modified":"2025-04-06T11:26:10","modified_gmt":"2025-04-06T11:26:10","slug":"affordable-hot-selling-hotel-soap-customized-hotel-travelling-amenitries-set-customized-logo-whitening-soap-soap-supplies-cnjia","status":"publish","type":"product","link":"https:\/\/nexgendecors.com\/es\/product\/affordable-hot-selling-hotel-soap-customized-hotel-travelling-amenitries-set-customized-logo-whitening-soap-soap-supplies-cnjia\/","title":{"rendered":"Venta caliente asequible Hotel Jab\u00f3n Personalizado Hotel Travelling Amenitries Set Personalizado Logotipo Blanqueamiento Jab\u00f3n Jab\u00f3n Suministros CN;JIA"},"content":{"rendered":"<ul>\n<li><strong>lugar de origen : <\/strong> Jiangsu, China<\/li>\n<li><strong>nombre de marca: <\/strong> Ranbay<\/li>\n<li><strong>N\u00famero de modelo: <\/strong> Eastern<\/li>\n<li><strong>tipo : <\/strong> Jab\u00f3n<\/li>\n<li><strong>Nombre del producto: <\/strong> Jab\u00f3n<\/li>\n<li><strong>Logotipo : <\/strong> Logotipo personalizado<\/li>\n<li><strong>Cantidad m\u00ednima de pedido: <\/strong> 5000 pieces<\/li>\n<\/ul>","protected":false},"excerpt":{"rendered":"<p>lugar de origen : Jiangsu, China marca : ranbay n\u00famero de modelo : Eastern tipo : Jab\u00f3n Productos Nombre :<\/p>","protected":false},"featured_media":181359,"comment_status":"open","ping_status":"closed","template":"","meta":[],"product_brand":[],"product_cat":[30939],"product_tag":[],"class_list":{"0":"post-181360","1":"product","2":"type-product","3":"status-publish","4":"has-post-thumbnail","6":"product_cat-hotel-soaps-amenities","8":"first","9":"instock","10":"taxable","11":"shipping-taxable","12":"purchasable","13":"product-type-variable"},"_links":{"self":[{"href":"https:\/\/nexgendecors.com\/es\/wp-json\/wp\/v2\/product\/181360","targetHints":{"allow":["GET"]}}],"collection":[{"href":"https:\/\/nexgendecors.com\/es\/wp-json\/wp\/v2\/product"}],"about":[{"href":"https:\/\/nexgendecors.com\/es\/wp-json\/wp\/v2\/types\/product"}],"replies":[{"embeddable":true,"href":"https:\/\/nexgendecors.com\/es\/wp-json\/wp\/v2\/comments?post=181360"}],"version-history":[{"count":0,"href":"https:\/\/nexgendecors.com\/es\/wp-json\/wp\/v2\/product\/181360\/revisions"}],"wp:featuredmedia":[{"embeddable":true,"href":"https:\/\/nexgendecors.com\/es\/wp-json\/wp\/v2\/media\/181359"}],"wp:attachment":[{"href":"https:\/\/nexgendecors.com\/es\/wp-json\/wp\/v2\/media?parent=181360"}],"wp:term":[{"taxonomy":"product_brand","embeddable":true,"href":"https:\/\/nexgendecors.com\/es\/wp-json\/wp\/v2\/product_brand?post=181360"},{"taxonomy":"product_cat","embeddable":true,"href":"https:\/\/nexgendecors.com\/es\/wp-json\/wp\/v2\/product_cat?post=181360"},{"taxonomy":"product_tag","embeddable":true,"href":"https:\/\/nexgendecors.com\/es\/wp-json\/wp\/v2\/product_tag?post=181360"}],"curies":[{"name":"wp","href":"https:\/\/api.w.org\/{rel}","templated":true}]}}