{"id":181363,"date":"2025-02-28T04:53:45","date_gmt":"2025-02-28T04:53:45","guid":{"rendered":"https:\/\/nexgendecors.com\/en\/product\/eco-friendly-high-quality-travel-dental-kit-soft-charcoal-bristles-biodegradable-wheat-straw-toothbrush-low-moq\/"},"modified":"2025-04-06T11:26:19","modified_gmt":"2025-04-06T11:26:19","slug":"eco-friendly-high-quality-travel-dental-kit-soft-charcoal-bristles-biodegradable-wheat-straw-toothbrush-low-moq","status":"publish","type":"product","link":"https:\/\/nexgendecors.com\/es\/product\/eco-friendly-high-quality-travel-dental-kit-soft-charcoal-bristles-biodegradable-wheat-straw-toothbrush-low-moq\/","title":{"rendered":"Kit dental de viaje ecol\u00f3gico de alta calidad con cerdas suaves de carb\u00f3n y cepillo de dientes de paja de trigo biodegradable. Pedido m\u00ednimo bajo."},"content":{"rendered":"<ul>\n<li><strong>lugar de origen : <\/strong> Jiangsu, China<\/li>\n<li><strong>nombre de marca: <\/strong> Eastern<\/li>\n<li><strong>N\u00famero de modelo: <\/strong> W01<\/li>\n<li><strong>tipo : <\/strong> Dental Kit<\/li>\n<li><strong>Uso: <\/strong> Home Hotel Traveling Spa<\/li>\n<li><strong>Nombre del producto : <\/strong> Straw toothbrush<\/li>\n<li><strong>Cantidad m\u00ednima de pedido: <\/strong> 500 Pcs<\/li>\n<li><strong>Tama\u00f1o : <\/strong> Regular size<\/li>\n<li><strong>Grupo de edad: <\/strong> Adulto<\/li>\n<li><strong>Caracter\u00edstica : <\/strong> Individual Packaging, Eco Friendly<\/li>\n<li><strong>Muestra : <\/strong> Proporcion\u00f3<\/li>\n<\/ul>","protected":false},"excerpt":{"rendered":"<p>Lugar de origen: Jiangsu, China Nombre de marca: Eastern N\u00famero de modelo: W01 Tipo: Kit dental Uso:<\/p>","protected":false},"featured_media":181362,"comment_status":"open","ping_status":"closed","template":"","meta":[],"product_brand":[],"product_cat":[30939],"product_tag":[],"class_list":{"0":"post-181363","1":"product","2":"type-product","3":"status-publish","4":"has-post-thumbnail","6":"product_cat-hotel-soaps-amenities","8":"first","9":"instock","10":"taxable","11":"shipping-taxable","12":"purchasable","13":"product-type-variable"},"_links":{"self":[{"href":"https:\/\/nexgendecors.com\/es\/wp-json\/wp\/v2\/product\/181363","targetHints":{"allow":["GET"]}}],"collection":[{"href":"https:\/\/nexgendecors.com\/es\/wp-json\/wp\/v2\/product"}],"about":[{"href":"https:\/\/nexgendecors.com\/es\/wp-json\/wp\/v2\/types\/product"}],"replies":[{"embeddable":true,"href":"https:\/\/nexgendecors.com\/es\/wp-json\/wp\/v2\/comments?post=181363"}],"version-history":[{"count":0,"href":"https:\/\/nexgendecors.com\/es\/wp-json\/wp\/v2\/product\/181363\/revisions"}],"wp:featuredmedia":[{"embeddable":true,"href":"https:\/\/nexgendecors.com\/es\/wp-json\/wp\/v2\/media\/181362"}],"wp:attachment":[{"href":"https:\/\/nexgendecors.com\/es\/wp-json\/wp\/v2\/media?parent=181363"}],"wp:term":[{"taxonomy":"product_brand","embeddable":true,"href":"https:\/\/nexgendecors.com\/es\/wp-json\/wp\/v2\/product_brand?post=181363"},{"taxonomy":"product_cat","embeddable":true,"href":"https:\/\/nexgendecors.com\/es\/wp-json\/wp\/v2\/product_cat?post=181363"},{"taxonomy":"product_tag","embeddable":true,"href":"https:\/\/nexgendecors.com\/es\/wp-json\/wp\/v2\/product_tag?post=181363"}],"curies":[{"name":"wp","href":"https:\/\/api.w.org\/{rel}","templated":true}]}}