{"id":181369,"date":"2025-02-28T04:54:06","date_gmt":"2025-02-28T04:54:06","guid":{"rendered":"https:\/\/nexgendecors.com\/en\/product\/20g-mini-portable-private-label-wholesale-hand-carry-round-hotel-travel-soap-provided-solid-guest-soap-machine-toilet-soap-01\/"},"modified":"2025-04-06T11:26:29","modified_gmt":"2025-04-06T11:26:29","slug":"20g-mini-portable-private-label-wholesale-hand-carry-round-hotel-travel-soap-provided-solid-guest-soap-machine-toilet-soap-01","status":"publish","type":"product","link":"https:\/\/nexgendecors.com\/es\/product\/20g-mini-portable-private-label-wholesale-hand-carry-round-hotel-travel-soap-provided-solid-guest-soap-machine-toilet-soap-01\/","title":{"rendered":"Jab\u00f3n de viaje port\u00e1til mini de 20 g, marca privada, venta al por mayor, redondo, para llevar a mano, para hotel, jab\u00f3n s\u00f3lido para hu\u00e9spedes, m\u00e1quina de jab\u00f3n de tocador 01"},"content":{"rendered":"<ul>\n<li><strong>lugar de origen : <\/strong> Jiangsu, China<\/li>\n<li><strong>nombre de marca: <\/strong> Eastern<\/li>\n<li><strong>N\u00famero de modelo: <\/strong> 01<\/li>\n<li><strong>tipo : <\/strong> Jab\u00f3n<\/li>\n<li><strong>Uso: <\/strong> Home Hotel Traveling Spa<\/li>\n<li><strong>Nombre del producto : <\/strong> soap<\/li>\n<li><strong>Cantidad m\u00ednima de pedido: <\/strong> 1000 Pcs<\/li>\n<li><strong>Form : <\/strong> S\u00f3lido<\/li>\n<li><strong>Muestra : <\/strong> Proporcion\u00f3<\/li>\n<li><strong>Feature Name : <\/strong> Eco-friendly Exquisite Disposable Hotel Amenities<\/li>\n<li><strong>Peso : <\/strong> 20g<\/li>\n<\/ul>","protected":false},"excerpt":{"rendered":"<p>Lugar de origen: Jiangsu, China Nombre de la marca: Eastern N\u00famero de modelo: 01 Tipo: Jab\u00f3n Uso: Hogar<\/p>","protected":false},"featured_media":181368,"comment_status":"open","ping_status":"closed","template":"","meta":[],"product_brand":[],"product_cat":[30939],"product_tag":[],"class_list":{"0":"post-181369","1":"product","2":"type-product","3":"status-publish","4":"has-post-thumbnail","6":"product_cat-hotel-soaps-amenities","8":"first","9":"instock","10":"taxable","11":"shipping-taxable","12":"purchasable","13":"product-type-variable"},"_links":{"self":[{"href":"https:\/\/nexgendecors.com\/es\/wp-json\/wp\/v2\/product\/181369","targetHints":{"allow":["GET"]}}],"collection":[{"href":"https:\/\/nexgendecors.com\/es\/wp-json\/wp\/v2\/product"}],"about":[{"href":"https:\/\/nexgendecors.com\/es\/wp-json\/wp\/v2\/types\/product"}],"replies":[{"embeddable":true,"href":"https:\/\/nexgendecors.com\/es\/wp-json\/wp\/v2\/comments?post=181369"}],"version-history":[{"count":0,"href":"https:\/\/nexgendecors.com\/es\/wp-json\/wp\/v2\/product\/181369\/revisions"}],"wp:featuredmedia":[{"embeddable":true,"href":"https:\/\/nexgendecors.com\/es\/wp-json\/wp\/v2\/media\/181368"}],"wp:attachment":[{"href":"https:\/\/nexgendecors.com\/es\/wp-json\/wp\/v2\/media?parent=181369"}],"wp:term":[{"taxonomy":"product_brand","embeddable":true,"href":"https:\/\/nexgendecors.com\/es\/wp-json\/wp\/v2\/product_brand?post=181369"},{"taxonomy":"product_cat","embeddable":true,"href":"https:\/\/nexgendecors.com\/es\/wp-json\/wp\/v2\/product_cat?post=181369"},{"taxonomy":"product_tag","embeddable":true,"href":"https:\/\/nexgendecors.com\/es\/wp-json\/wp\/v2\/product_tag?post=181369"}],"curies":[{"name":"wp","href":"https:\/\/api.w.org\/{rel}","templated":true}]}}