{"id":181375,"date":"2025-02-28T04:55:02","date_gmt":"2025-02-28T04:55:02","guid":{"rendered":"https:\/\/nexgendecors.com\/en\/product\/customized-logo-cheap-colorful-mini-size-hotel-soap-bath-soap\/"},"modified":"2025-04-06T11:26:38","modified_gmt":"2025-04-06T11:26:38","slug":"customized-logo-cheap-colorful-mini-size-hotel-soap-bath-soap","status":"publish","type":"product","link":"https:\/\/nexgendecors.com\/es\/product\/customized-logo-cheap-colorful-mini-size-hotel-soap-bath-soap\/","title":{"rendered":"Logotipo personalizado Barato Colorido Mini Tama\u00f1o Hotel Jab\u00f3n Jab\u00f3n de ba\u00f1o"},"content":{"rendered":"<ul>\n<li><strong>lugar de origen : <\/strong> Jiangsu, China<\/li>\n<li><strong>nombre de marca: <\/strong> Ranbay<\/li>\n<li><strong>N\u00famero de modelo: <\/strong> Ranbay<\/li>\n<li><strong>tipo : <\/strong> Jab\u00f3n<\/li>\n<li><strong>Logotipo : <\/strong> Impresi\u00f3n del logotipo del cliente<\/li>\n<li><strong>Color : <\/strong> Color blanco<\/li>\n<li><strong>Cantidad m\u00ednima de pedido: <\/strong> 3000<\/li>\n<li><strong>tama\u00f1o : <\/strong> 15-35g<\/li>\n<\/ul>","protected":false},"excerpt":{"rendered":"<p>Lugar de origen: Jiangsu, China Nombre de marca: Ranbay N\u00famero de modelo: Ranbay Tipo: Jab\u00f3n Logotipo: Cliente<\/p>","protected":false},"featured_media":181374,"comment_status":"open","ping_status":"closed","template":"","meta":[],"product_brand":[],"product_cat":[30939],"product_tag":[],"class_list":{"0":"post-181375","1":"product","2":"type-product","3":"status-publish","4":"has-post-thumbnail","6":"product_cat-hotel-soaps-amenities","8":"first","9":"instock","10":"taxable","11":"shipping-taxable","12":"purchasable","13":"product-type-variable"},"_links":{"self":[{"href":"https:\/\/nexgendecors.com\/es\/wp-json\/wp\/v2\/product\/181375","targetHints":{"allow":["GET"]}}],"collection":[{"href":"https:\/\/nexgendecors.com\/es\/wp-json\/wp\/v2\/product"}],"about":[{"href":"https:\/\/nexgendecors.com\/es\/wp-json\/wp\/v2\/types\/product"}],"replies":[{"embeddable":true,"href":"https:\/\/nexgendecors.com\/es\/wp-json\/wp\/v2\/comments?post=181375"}],"version-history":[{"count":0,"href":"https:\/\/nexgendecors.com\/es\/wp-json\/wp\/v2\/product\/181375\/revisions"}],"wp:featuredmedia":[{"embeddable":true,"href":"https:\/\/nexgendecors.com\/es\/wp-json\/wp\/v2\/media\/181374"}],"wp:attachment":[{"href":"https:\/\/nexgendecors.com\/es\/wp-json\/wp\/v2\/media?parent=181375"}],"wp:term":[{"taxonomy":"product_brand","embeddable":true,"href":"https:\/\/nexgendecors.com\/es\/wp-json\/wp\/v2\/product_brand?post=181375"},{"taxonomy":"product_cat","embeddable":true,"href":"https:\/\/nexgendecors.com\/es\/wp-json\/wp\/v2\/product_cat?post=181375"},{"taxonomy":"product_tag","embeddable":true,"href":"https:\/\/nexgendecors.com\/es\/wp-json\/wp\/v2\/product_tag?post=181375"}],"curies":[{"name":"wp","href":"https:\/\/api.w.org\/{rel}","templated":true}]}}