{"id":181504,"date":"2025-02-28T10:58:23","date_gmt":"2025-02-28T10:58:23","guid":{"rendered":"https:\/\/nexgendecors.com\/en\/product\/aroma-fragrant-spray-eco-friendly-aromatherapy-natural-essential-oil-mist-spray-luxury-100ml-perfume-bottle-deodorant-room-spray\/"},"modified":"2025-04-06T11:28:24","modified_gmt":"2025-04-06T11:28:24","slug":"spray-aromatico-aromatico-ecologico-aromaterapia-aceite-esencial-natural-spray-de-lujo-100-ml-desodorante-spray-para-habitacion","status":"publish","type":"product","link":"https:\/\/nexgendecors.com\/es\/product\/spray-aromatico-aromatico-ecologico-aromaterapia-aceite-esencial-natural-spray-de-lujo-100-ml-desodorante-spray-para-habitacion\/","title":{"rendered":"Spray arom\u00e1tico arom\u00e1tico ecol\u00f3gico, aromaterapia, aceite esencial natural, spray de lujo, 100 ml, botella de perfume, desodorante, spray para habitaci\u00f3n."},"content":{"rendered":"<ul>\n<li><strong>tipo : <\/strong> Ambientadores<\/li>\n<li><strong>Uso del ambientador: <\/strong> Hogar<\/li>\n<li><strong>forma : <\/strong> L\u00edquido<\/li>\n<li><strong>caracter\u00edstica : <\/strong> Sostenible, abastecido<\/li>\n<li><strong>lugar de origen : <\/strong> Jiangsu, China<\/li>\n<li><strong>N\u00famero de modelo: <\/strong> RM-003<\/li>\n<li><strong>contenido de ingrediente activo: <\/strong> 5% (Incluido) -15%<\/li>\n<li><strong>Capacidad : <\/strong> 100 ml<\/li>\n<\/ul>","protected":false},"excerpt":{"rendered":"<p>Tipo: Ambientadores Uso del ambientador: Hogar Forma: L\u00edquido Caracter\u00edstica: Sostenible, Almacenado Lugar de origen:<\/p>","protected":false},"featured_media":181503,"comment_status":"open","ping_status":"closed","template":"","meta":[],"product_brand":[],"product_cat":[30967],"product_tag":[],"class_list":{"0":"post-181504","1":"product","2":"type-product","3":"status-publish","4":"has-post-thumbnail","6":"product_cat-fragrance","8":"first","9":"instock","10":"taxable","11":"shipping-taxable","12":"purchasable","13":"product-type-simple"},"_links":{"self":[{"href":"https:\/\/nexgendecors.com\/es\/wp-json\/wp\/v2\/product\/181504","targetHints":{"allow":["GET"]}}],"collection":[{"href":"https:\/\/nexgendecors.com\/es\/wp-json\/wp\/v2\/product"}],"about":[{"href":"https:\/\/nexgendecors.com\/es\/wp-json\/wp\/v2\/types\/product"}],"replies":[{"embeddable":true,"href":"https:\/\/nexgendecors.com\/es\/wp-json\/wp\/v2\/comments?post=181504"}],"version-history":[{"count":0,"href":"https:\/\/nexgendecors.com\/es\/wp-json\/wp\/v2\/product\/181504\/revisions"}],"wp:featuredmedia":[{"embeddable":true,"href":"https:\/\/nexgendecors.com\/es\/wp-json\/wp\/v2\/media\/181503"}],"wp:attachment":[{"href":"https:\/\/nexgendecors.com\/es\/wp-json\/wp\/v2\/media?parent=181504"}],"wp:term":[{"taxonomy":"product_brand","embeddable":true,"href":"https:\/\/nexgendecors.com\/es\/wp-json\/wp\/v2\/product_brand?post=181504"},{"taxonomy":"product_cat","embeddable":true,"href":"https:\/\/nexgendecors.com\/es\/wp-json\/wp\/v2\/product_cat?post=181504"},{"taxonomy":"product_tag","embeddable":true,"href":"https:\/\/nexgendecors.com\/es\/wp-json\/wp\/v2\/product_tag?post=181504"}],"curies":[{"name":"wp","href":"https:\/\/api.w.org\/{rel}","templated":true}]}}