{"id":181573,"date":"2025-02-28T12:59:11","date_gmt":"2025-02-28T12:59:11","guid":{"rendered":"https:\/\/nexgendecors.com\/en\/product\/yr-arabic-dubai-brand-perfume-oud-eau-de-parfum-fragrance-oil-design-liquid-oil-for-perfume\/"},"modified":"2025-04-06T11:29:14","modified_gmt":"2025-04-06T11:29:14","slug":"yr-arabic-dubai-brand-perfume-oud-eau-de-parfum-fragrance-oil-design-liquid-oil-for-perfume","status":"publish","type":"product","link":"https:\/\/nexgendecors.com\/es\/product\/yr-arabic-dubai-brand-perfume-oud-eau-de-parfum-fragrance-oil-design-liquid-oil-for-perfume\/","title":{"rendered":"Perfume de marca \u00e1rabe de Dub\u00e1i YR, aceite de fragancia Oud Eau de Parfum, aceite l\u00edquido para perfume."},"content":{"rendered":"<ul>\n<li><strong>N.\u00ba CAS: <\/strong> \/<\/li>\n<li><strong>Otros nombres: <\/strong> fragrance oil<\/li>\n<li><strong>MF: <\/strong> \/&#8217;<\/li>\n<li><strong>N.\u00ba EINECS: <\/strong> \/<\/li>\n<li><strong>N.\u00ba de FEMA: <\/strong> \/<\/li>\n<li><strong>Lugar de origen: <\/strong> Guangdong, China<\/li>\n<li><strong>Tipo : <\/strong> Sabor y fragancia sint\u00e9ticos<\/li>\n<li><strong>Uso: <\/strong> Sabor diario, sabor industrial<\/li>\n<li><strong>Pureza: <\/strong> &#8211;<\/li>\n<li><strong>Nombre de la marca: <\/strong> \/<\/li>\n<li><strong>N\u00famero de modelo : <\/strong> FE0978<\/li>\n<li><strong>Nombre del producto : <\/strong> Oud Wood  Perfume Oils Concentrated Fragrance<\/li>\n<li><strong>Appearance : <\/strong> Light Yellow Liquid<\/li>\n<li><strong>Olor: <\/strong> Characteristic Odor<\/li>\n<li><strong>Certificaci\u00f3n : <\/strong> COA MSDS GMP<\/li>\n<li><strong>Duraci\u00f3n : <\/strong> 2 a\u00f1os<\/li>\n<li><strong>Muestra : <\/strong> Disponible<\/li>\n<li><strong>Cantidad m\u00ednima de pedido: <\/strong> 5Kg<\/li>\n<li><strong>Embalaje: <\/strong> 5kgs\/barrel<\/li>\n<li><strong>Almacenamiento : <\/strong> Lugar fresco y seco<\/li>\n<li><strong>Fabricante de equipos originales (OEM) y fabricante de dise\u00f1os originales (ODM): <\/strong> Disponible<\/li>\n<\/ul>","protected":false},"excerpt":{"rendered":"<p>N.\u00ba CAS: \/ Otros nombres: aceite de fragancia MF: \/&#039; N.\u00ba EINECS: \/ N.\u00ba FEMA: \/<\/p>","protected":false},"featured_media":181574,"comment_status":"open","ping_status":"closed","template":"","meta":[],"product_brand":[],"product_cat":[30967],"product_tag":[],"class_list":{"0":"post-181573","1":"product","2":"type-product","3":"status-publish","4":"has-post-thumbnail","6":"product_cat-fragrance","8":"first","9":"instock","10":"taxable","11":"shipping-taxable","12":"purchasable","13":"product-type-simple"},"_links":{"self":[{"href":"https:\/\/nexgendecors.com\/es\/wp-json\/wp\/v2\/product\/181573","targetHints":{"allow":["GET"]}}],"collection":[{"href":"https:\/\/nexgendecors.com\/es\/wp-json\/wp\/v2\/product"}],"about":[{"href":"https:\/\/nexgendecors.com\/es\/wp-json\/wp\/v2\/types\/product"}],"replies":[{"embeddable":true,"href":"https:\/\/nexgendecors.com\/es\/wp-json\/wp\/v2\/comments?post=181573"}],"version-history":[{"count":0,"href":"https:\/\/nexgendecors.com\/es\/wp-json\/wp\/v2\/product\/181573\/revisions"}],"wp:featuredmedia":[{"embeddable":true,"href":"https:\/\/nexgendecors.com\/es\/wp-json\/wp\/v2\/media\/181574"}],"wp:attachment":[{"href":"https:\/\/nexgendecors.com\/es\/wp-json\/wp\/v2\/media?parent=181573"}],"wp:term":[{"taxonomy":"product_brand","embeddable":true,"href":"https:\/\/nexgendecors.com\/es\/wp-json\/wp\/v2\/product_brand?post=181573"},{"taxonomy":"product_cat","embeddable":true,"href":"https:\/\/nexgendecors.com\/es\/wp-json\/wp\/v2\/product_cat?post=181573"},{"taxonomy":"product_tag","embeddable":true,"href":"https:\/\/nexgendecors.com\/es\/wp-json\/wp\/v2\/product_tag?post=181573"}],"curies":[{"name":"wp","href":"https:\/\/api.w.org\/{rel}","templated":true}]}}