{"id":181595,"date":"2025-02-28T13:21:35","date_gmt":"2025-02-28T13:21:35","guid":{"rendered":"https:\/\/nexgendecors.com\/en\/product\/aa-battery-plastic-home-hotel-office-wholesale-battery-operated-wall-mounted-automatic-aerosol-air-freshener\/"},"modified":"2025-04-06T11:29:33","modified_gmt":"2025-04-06T11:29:33","slug":"aa-battery-plastic-home-hotel-office-wholesale-battery-operated-wall-mounted-automatic-aerosol-air-freshener","status":"publish","type":"product","link":"https:\/\/nexgendecors.com\/es\/product\/aa-battery-plastic-home-hotel-office-wholesale-battery-operated-wall-mounted-automatic-aerosol-air-freshener\/","title":{"rendered":"Ambientador de Aerosol Autom\u00e1tico a Pilas AA de Pl\u00e1stico para el Hogar, Hotel, Oficina, etc."},"content":{"rendered":"<ul>\n<li><strong>Garant\u00eda : <\/strong> 1 a\u00f1o<\/li>\n<li><strong>Servicio postventa: <\/strong> Repuestos gratuitos<\/li>\n<li><strong>Capacidad de soluci\u00f3n del proyecto: <\/strong> total solution for projects<\/li>\n<li><strong>Solicitud : <\/strong> Hotel<\/li>\n<li><strong>Estilo de dise\u00f1o: <\/strong> Moderno<\/li>\n<li><strong>Lugar de origen: <\/strong> Guangdong, China<\/li>\n<li><strong>Nombre de la marca: <\/strong> AYT<\/li>\n<li><strong>N\u00famero de modelo : <\/strong> AYT-885A<\/li>\n<li><strong>Material principal: <\/strong> Pl\u00e1stico<\/li>\n<li><strong>Dispensador de jab\u00f3n l\u00edquido Tipo: <\/strong> Dispensador autom\u00e1tico de jab\u00f3n<\/li>\n<li><strong>Tipo : <\/strong> automatic<\/li>\n<li><strong>Material : <\/strong> abdominales<\/li>\n<li><strong>Available places : <\/strong> guest room<\/li>\n<li><strong>Mounting way : <\/strong> wall mounted<\/li>\n<li><strong>Refill : <\/strong> 300ml*1 perfume bottle<\/li>\n<li><strong>Packing way : <\/strong> single box+carton<\/li>\n<li><strong>Color : <\/strong> blanco<\/li>\n<li><strong>Batteries : <\/strong> 2pcs of AA cell<\/li>\n<li><strong>Funci\u00f3n : <\/strong> spray time setting<\/li>\n<li><strong>Available product : <\/strong> air freshener, aerosol, fragrance, perfume<\/li>\n<\/ul>","protected":false},"excerpt":{"rendered":"<p>Garant\u00eda : 1 a\u00f1o Servicio postventa : Piezas de repuesto gratuitas Capacidad de soluci\u00f3n de proyectos : soluci\u00f3n total para proyectos Aplicaci\u00f3n :<\/p>","protected":false},"featured_media":181594,"comment_status":"open","ping_status":"closed","template":"","meta":[],"product_brand":[],"product_cat":[30967],"product_tag":[],"class_list":{"0":"post-181595","1":"product","2":"type-product","3":"status-publish","4":"has-post-thumbnail","6":"product_cat-fragrance","8":"first","9":"instock","10":"taxable","11":"shipping-taxable","12":"purchasable","13":"product-type-variable"},"_links":{"self":[{"href":"https:\/\/nexgendecors.com\/es\/wp-json\/wp\/v2\/product\/181595","targetHints":{"allow":["GET"]}}],"collection":[{"href":"https:\/\/nexgendecors.com\/es\/wp-json\/wp\/v2\/product"}],"about":[{"href":"https:\/\/nexgendecors.com\/es\/wp-json\/wp\/v2\/types\/product"}],"replies":[{"embeddable":true,"href":"https:\/\/nexgendecors.com\/es\/wp-json\/wp\/v2\/comments?post=181595"}],"version-history":[{"count":0,"href":"https:\/\/nexgendecors.com\/es\/wp-json\/wp\/v2\/product\/181595\/revisions"}],"wp:featuredmedia":[{"embeddable":true,"href":"https:\/\/nexgendecors.com\/es\/wp-json\/wp\/v2\/media\/181594"}],"wp:attachment":[{"href":"https:\/\/nexgendecors.com\/es\/wp-json\/wp\/v2\/media?parent=181595"}],"wp:term":[{"taxonomy":"product_brand","embeddable":true,"href":"https:\/\/nexgendecors.com\/es\/wp-json\/wp\/v2\/product_brand?post=181595"},{"taxonomy":"product_cat","embeddable":true,"href":"https:\/\/nexgendecors.com\/es\/wp-json\/wp\/v2\/product_cat?post=181595"},{"taxonomy":"product_tag","embeddable":true,"href":"https:\/\/nexgendecors.com\/es\/wp-json\/wp\/v2\/product_tag?post=181595"}],"curies":[{"name":"wp","href":"https:\/\/api.w.org\/{rel}","templated":true}]}}