{"id":181754,"date":"2025-02-28T13:55:15","date_gmt":"2025-02-28T13:55:15","guid":{"rendered":"https:\/\/nexgendecors.com\/en\/product\/200g-bamboo-charcoal-bag-air-fresheners-for-home-or-car-by-house-edition-natural-bamboo-charcoal-air-purifying-bag-odor-absorber\/"},"modified":"2025-04-06T11:31:22","modified_gmt":"2025-04-06T11:31:22","slug":"200g-bamboo-charcoal-bag-air-fresheners-for-home-or-car-by-house-edition-natural-bamboo-charcoal-air-purifying-bag-odor-absorber","status":"publish","type":"product","link":"https:\/\/nexgendecors.com\/es\/product\/200g-bamboo-charcoal-bag-air-fresheners-for-home-or-car-by-house-edition-natural-bamboo-charcoal-air-purifying-bag-odor-absorber\/","title":{"rendered":"200g Bolsa de Carb\u00f3n de Bamb\u00fa Ambientador para Casa o Coche by House Edition Bolsa Purificadora de Aire de Carb\u00f3n de Bamb\u00fa Natural Absorbente de Olores"},"content":{"rendered":"<ul>\n<li><strong>lugar de origen : <\/strong> Zhejiang, China<\/li>\n<li><strong>nombre de marca: <\/strong> LEGREEN<\/li>\n<li><strong>N\u00famero de modelo: <\/strong> LEGREEN1117<\/li>\n<li><strong>caracter\u00edstica : <\/strong> Sostenible<\/li>\n<li><strong>Uso del ambientador: <\/strong> Auto<\/li>\n<li><strong>tipo : <\/strong> Ambientadores<\/li>\n<li><strong>forma : <\/strong> S\u00f3lido<\/li>\n<li><strong>contenido de ingrediente activo: <\/strong> Por encima de 80% inclusive<\/li>\n<li><strong>Nombre del producto : <\/strong> Bamboo Charcoal Air Purifying Bags<\/li>\n<li><strong>Material : <\/strong> Bamboo Charcoa<\/li>\n<li><strong>Uso: <\/strong> Home Office Hotel Bedroom Car<\/li>\n<li><strong>Funci\u00f3n : <\/strong> Manteniendo el aire fresco<\/li>\n<li><strong>Tama\u00f1o : <\/strong> 14*18cm<\/li>\n<li><strong>Certificado : <\/strong> Hoja de datos de seguridad (MSDS)<\/li>\n<li><strong>Peso : <\/strong> 200g<\/li>\n<li><strong>Color : <\/strong> Gris<\/li>\n<\/ul>","protected":false},"excerpt":{"rendered":"<p>lugar de origen : Zhejiang, China marca : LEGREEN n\u00famero de modelo : LEGREEN1117 caracter\u00edstica : Ambientador sostenible uso<\/p>","protected":false},"featured_media":181753,"comment_status":"open","ping_status":"closed","template":"","meta":[],"product_brand":[],"product_cat":[30967],"product_tag":[],"class_list":{"0":"post-181754","1":"product","2":"type-product","3":"status-publish","4":"has-post-thumbnail","6":"product_cat-fragrance","8":"first","9":"instock","10":"taxable","11":"shipping-taxable","12":"purchasable","13":"product-type-variable"},"_links":{"self":[{"href":"https:\/\/nexgendecors.com\/es\/wp-json\/wp\/v2\/product\/181754","targetHints":{"allow":["GET"]}}],"collection":[{"href":"https:\/\/nexgendecors.com\/es\/wp-json\/wp\/v2\/product"}],"about":[{"href":"https:\/\/nexgendecors.com\/es\/wp-json\/wp\/v2\/types\/product"}],"replies":[{"embeddable":true,"href":"https:\/\/nexgendecors.com\/es\/wp-json\/wp\/v2\/comments?post=181754"}],"version-history":[{"count":0,"href":"https:\/\/nexgendecors.com\/es\/wp-json\/wp\/v2\/product\/181754\/revisions"}],"wp:featuredmedia":[{"embeddable":true,"href":"https:\/\/nexgendecors.com\/es\/wp-json\/wp\/v2\/media\/181753"}],"wp:attachment":[{"href":"https:\/\/nexgendecors.com\/es\/wp-json\/wp\/v2\/media?parent=181754"}],"wp:term":[{"taxonomy":"product_brand","embeddable":true,"href":"https:\/\/nexgendecors.com\/es\/wp-json\/wp\/v2\/product_brand?post=181754"},{"taxonomy":"product_cat","embeddable":true,"href":"https:\/\/nexgendecors.com\/es\/wp-json\/wp\/v2\/product_cat?post=181754"},{"taxonomy":"product_tag","embeddable":true,"href":"https:\/\/nexgendecors.com\/es\/wp-json\/wp\/v2\/product_tag?post=181754"}],"curies":[{"name":"wp","href":"https:\/\/api.w.org\/{rel}","templated":true}]}}