{"id":181804,"date":"2025-02-28T13:59:24","date_gmt":"2025-02-28T13:59:24","guid":{"rendered":"https:\/\/nexgendecors.com\/en\/product\/replacement-vacuum-bags-for-ir-obot-ro-omba-i7-plus-i7-i3-i4-i6-i8-s9-j7-series-clean-base-automatic-dirt-disposal-bagn\/"},"modified":"2025-04-06T11:31:33","modified_gmt":"2025-04-06T11:31:33","slug":"replacement-vacuum-bags-for-ir-obot-ro-omba-i7-plus-i7-i3-i4-i6-i8-s9-j7-series-clean-base-automatic-dirt-disposal-bagn","status":"publish","type":"product","link":"https:\/\/nexgendecors.com\/es\/product\/replacement-vacuum-bags-for-ir-obot-ro-omba-i7-plus-i7-i3-i4-i6-i8-s9-j7-series-clean-base-automatic-dirt-disposal-bagn\/","title":{"rendered":"Bolsas de recambio para IR\/obot Ro\/omba I7 Plus I7 I3 I4 I6 I8 S9 J7 Series Clean Base Bolsa de eliminaci\u00f3n autom\u00e1tica de suciedad"},"content":{"rendered":"<ul>\n<li><strong>Servicio postventa proporcionado: <\/strong> Ninguno<\/li>\n<li><strong>garant\u00eda : <\/strong> Ninguno<\/li>\n<li><strong>tipo : <\/strong> Piezas de aspiradora<\/li>\n<li><strong>solicitud : <\/strong> Hotel, Hogar<\/li>\n<li><strong>fuente de energ\u00eda: <\/strong> USB<\/li>\n<li><strong>lugar de origen : <\/strong> Zhejiang, China<\/li>\n<li><strong>nombre de marca: <\/strong> fiyde<\/li>\n<li><strong>N\u00famero de modelo: <\/strong> 0222<\/li>\n<li><strong>Nombre del producto : <\/strong> Replacement Vacuum Bags<\/li>\n<li><strong>Adecuado para: <\/strong> i7 Plus<\/li>\n<li><strong>Nombre : <\/strong> Vacuum Cleaner Nonwoven Dust Bag<\/li>\n<li><strong>Uso: <\/strong> Limpiar el polvo<\/li>\n<li><strong>Material : <\/strong> Pl\u00e1stico<\/li>\n<li><strong>Color : <\/strong> Blanco<\/li>\n<li><strong>Caracter\u00edstica : <\/strong> Alta eficiencia<\/li>\n<li><strong>Tipo de producto : <\/strong> Accesorios de limpieza para aspiradoras<\/li>\n<li><strong>Tipo : <\/strong> Air Filter Dust Paper Bag<\/li>\n<li><strong>Tama\u00f1o : <\/strong> 241 x 165 x 140mm<\/li>\n<\/ul>","protected":false},"excerpt":{"rendered":"<p>servicio posventa : Ninguna garant\u00eda : Ninguno tipo : Aspirador Piezas aplicaci\u00f3n : Hotel, Hogar fuente de energ\u00eda :<\/p>","protected":false},"featured_media":181803,"comment_status":"open","ping_status":"closed","template":"","meta":[],"product_brand":[],"product_cat":[30945],"product_tag":[],"class_list":{"0":"post-181804","1":"product","2":"type-product","3":"status-publish","4":"has-post-thumbnail","6":"product_cat-steam-cleaners","8":"first","9":"instock","10":"taxable","11":"shipping-taxable","12":"purchasable","13":"product-type-simple"},"_links":{"self":[{"href":"https:\/\/nexgendecors.com\/es\/wp-json\/wp\/v2\/product\/181804","targetHints":{"allow":["GET"]}}],"collection":[{"href":"https:\/\/nexgendecors.com\/es\/wp-json\/wp\/v2\/product"}],"about":[{"href":"https:\/\/nexgendecors.com\/es\/wp-json\/wp\/v2\/types\/product"}],"replies":[{"embeddable":true,"href":"https:\/\/nexgendecors.com\/es\/wp-json\/wp\/v2\/comments?post=181804"}],"version-history":[{"count":0,"href":"https:\/\/nexgendecors.com\/es\/wp-json\/wp\/v2\/product\/181804\/revisions"}],"wp:featuredmedia":[{"embeddable":true,"href":"https:\/\/nexgendecors.com\/es\/wp-json\/wp\/v2\/media\/181803"}],"wp:attachment":[{"href":"https:\/\/nexgendecors.com\/es\/wp-json\/wp\/v2\/media?parent=181804"}],"wp:term":[{"taxonomy":"product_brand","embeddable":true,"href":"https:\/\/nexgendecors.com\/es\/wp-json\/wp\/v2\/product_brand?post=181804"},{"taxonomy":"product_cat","embeddable":true,"href":"https:\/\/nexgendecors.com\/es\/wp-json\/wp\/v2\/product_cat?post=181804"},{"taxonomy":"product_tag","embeddable":true,"href":"https:\/\/nexgendecors.com\/es\/wp-json\/wp\/v2\/product_tag?post=181804"}],"curies":[{"name":"wp","href":"https:\/\/api.w.org\/{rel}","templated":true}]}}