{"id":181819,"date":"2025-02-28T14:00:14","date_gmt":"2025-02-28T14:00:14","guid":{"rendered":"https:\/\/nexgendecors.com\/en\/product\/replacement-parts-kit-includes-bristle-flexible-beater-brush-armed-3-side-brush-filters\/"},"modified":"2025-04-06T11:31:53","modified_gmt":"2025-04-06T11:31:53","slug":"replacement-parts-kit-includes-bristle-flexible-beater-brush-armed-3-side-brush-filters","status":"publish","type":"product","link":"https:\/\/nexgendecors.com\/es\/product\/replacement-parts-kit-includes-bristle-flexible-beater-brush-armed-3-side-brush-filters\/","title":{"rendered":"El kit de piezas de repuesto incluye cepillo batidor flexible de cerdas Cepillo lateral Armado-3 Filtros"},"content":{"rendered":"<ul>\n<li><strong>Servicio postventa proporcionado: <\/strong> Free spare parts, Onsite Installation<\/li>\n<li><strong>garant\u00eda : <\/strong> 1 a\u00f1o<\/li>\n<li><strong>tipo : <\/strong> Piezas de aspiradora<\/li>\n<li><strong>idioma de funcionamiento: <\/strong> Ingl\u00e9s<\/li>\n<li><strong>solicitud : <\/strong> Commercial, Household<\/li>\n<li><strong>fuente de energ\u00eda: <\/strong> Fuente de alimentaci\u00f3n del veh\u00edculo<\/li>\n<li><strong>logotipo\/patr\u00f3n: <\/strong> Serigraf\u00eda<\/li>\n<li><strong>lugar de origen : <\/strong> Zhejiang, China<\/li>\n<li><strong>nombre de marca: <\/strong> fiyde<\/li>\n<li><strong>N\u00famero de modelo: <\/strong> 0221<\/li>\n<li><strong>Color : <\/strong> Blanco<\/li>\n<li><strong>Uso: <\/strong> Household Cleaning<\/li>\n<li><strong>Paquete : <\/strong> Support Custom Packaging<\/li>\n<li><strong>Proveedor: <\/strong> Suzhou Hifine<\/li>\n<li><strong>Customization : <\/strong> Accepted<\/li>\n<li><strong>Tama\u00f1o : <\/strong> Custom Size Accepted<\/li>\n<li><strong>Tipo de producto : <\/strong> Vacuum Cleaner Filter  HEPA Filter<\/li>\n<li><strong>Nombre : <\/strong> Vacuum Cleaner HEPA Filter<\/li>\n<li><strong>Cantidad m\u00ednima de pedido: <\/strong> 10<\/li>\n<\/ul>","protected":false},"excerpt":{"rendered":"<p>Servicio posventa proporcionado: Repuestos gratuitos, Instalaci\u00f3n en sitio Garant\u00eda: 1 a\u00f1o Tipo: Piezas de aspiradora Idioma operativo<\/p>","protected":false},"featured_media":181818,"comment_status":"open","ping_status":"closed","template":"","meta":[],"product_brand":[],"product_cat":[30945],"product_tag":[],"class_list":{"0":"post-181819","1":"product","2":"type-product","3":"status-publish","4":"has-post-thumbnail","6":"product_cat-steam-cleaners","8":"first","9":"instock","10":"taxable","11":"shipping-taxable","12":"purchasable","13":"product-type-variable"},"_links":{"self":[{"href":"https:\/\/nexgendecors.com\/es\/wp-json\/wp\/v2\/product\/181819","targetHints":{"allow":["GET"]}}],"collection":[{"href":"https:\/\/nexgendecors.com\/es\/wp-json\/wp\/v2\/product"}],"about":[{"href":"https:\/\/nexgendecors.com\/es\/wp-json\/wp\/v2\/types\/product"}],"replies":[{"embeddable":true,"href":"https:\/\/nexgendecors.com\/es\/wp-json\/wp\/v2\/comments?post=181819"}],"version-history":[{"count":0,"href":"https:\/\/nexgendecors.com\/es\/wp-json\/wp\/v2\/product\/181819\/revisions"}],"wp:featuredmedia":[{"embeddable":true,"href":"https:\/\/nexgendecors.com\/es\/wp-json\/wp\/v2\/media\/181818"}],"wp:attachment":[{"href":"https:\/\/nexgendecors.com\/es\/wp-json\/wp\/v2\/media?parent=181819"}],"wp:term":[{"taxonomy":"product_brand","embeddable":true,"href":"https:\/\/nexgendecors.com\/es\/wp-json\/wp\/v2\/product_brand?post=181819"},{"taxonomy":"product_cat","embeddable":true,"href":"https:\/\/nexgendecors.com\/es\/wp-json\/wp\/v2\/product_cat?post=181819"},{"taxonomy":"product_tag","embeddable":true,"href":"https:\/\/nexgendecors.com\/es\/wp-json\/wp\/v2\/product_tag?post=181819"}],"curies":[{"name":"wp","href":"https:\/\/api.w.org\/{rel}","templated":true}]}}