{"id":18183,"date":"2025-01-13T14:23:30","date_gmt":"2025-01-13T14:23:30","guid":{"rendered":"https:\/\/nexgendecors.com\/product\/okaren-household-bathtub-round-surfing-massage-small-size-acrylic-european-hotel-b-b-independent-bathtub\/"},"modified":"2025-04-06T07:41:25","modified_gmt":"2025-04-06T07:41:25","slug":"banera-de-hidromasaje-okaren-redonda-para-el-hogar-tamano-pequeno-de-acrilico-estilo-europeo-para-hotel-con-banera-independiente","status":"publish","type":"product","link":"https:\/\/nexgendecors.com\/es\/product\/banera-de-hidromasaje-okaren-redonda-para-el-hogar-tamano-pequeno-de-acrilico-estilo-europeo-para-hotel-con-banera-independiente\/","title":{"rendered":"Ba\u00f1era de masaje compacta de acr\u00edlico Okaren \u2013 Estilo europeo"},"content":{"rendered":"<ul>\n<li>\n<strong>marca<\/strong>:Okaren<\/li>\n<li>\n<strong>modelo<\/strong>:2200<\/li>\n<li>\n<strong>forma<\/strong>:Separado<\/li>\n<li>\n<strong>Origen<\/strong>:China continental<\/li>\n<li>\n<strong>provincia<\/strong>:Provincia de Guangdong<\/li>\n<li>\n<strong>\u00bfTiene grifo?<\/strong>:No incluido<\/li>\n<li>\n<strong>longitud<\/strong>:1m 1,1m 1,2m 1,3m 1,5m 1,6m 1,8m 1,9m<\/li>\n<li>\n<strong>Material<\/strong>:Acr\u00edlico<\/li>\n<li>\n<strong>\u00bfHay pasamanos?<\/strong>:No<\/li>\n<li>\n<strong>capacidad<\/strong>:150L<\/li>\n<li>\n<strong>Servicio en la ciudad<\/strong>:Log\u00edstica intraurbana de entrega puerta a puerta<\/li>\n<li>\n<strong>ordenar por color<\/strong>:Visita a domicilio gratuita e instalaci\u00f3n gratuita. Cilindro vac\u00edo blanco de cantos finos. Cilindro vac\u00edo blanco de cantos finos + juego de cinco piezas plateado. Cilindro vac\u00edo blanco de cantos finos + juego de cinco piezas negro. Cilindro vac\u00edo blanco de cantos finos + grifo de suelo negro (agua entra por la pared). Cilindro vac\u00edo blanco de cantos finos + juego de cinco piezas plateado + masaje. Cilindro vac\u00edo negro de cantos finos. Cilindro vac\u00edo negro de cantos finos + juego de cinco piezas plateado. Cilindro vac\u00edo negro de cantos finos + juego de cinco piezas plateado + masaje. Cilindro vac\u00edo rojo de cantos finos. Cilindro vac\u00edo rojo de cantos finos + juego de cinco piezas plateado. Cilindro vac\u00edo rojo de cantos finos + juego de cinco piezas plateado + masaje. Cilindro vac\u00edo blanco de cantos anchos. Cilindro vac\u00edo blanco de cantos anchos + juego de cinco piezas plateado. Cilindro vac\u00edo negro de cantos anchos. Cilindro vac\u00edo negro de cantos anchos + juego de cinco piezas plateado.<\/li>\n<li>\n<strong><\/strong>:<\/li>\n<\/ul>\n<p><img><\/p>","protected":false},"excerpt":{"rendered":"<p>Marca: Okaren Modelo: 2200 Forma: Desmontable Origen: China continental Provincia: Provincia de Guangdong \u00bfIncluye grifo?: No incluido Longitud: 1 m 1,1 m 1,2 m 1,3 m 1,5 m 1,6 m 1,8 m<\/p>","protected":false},"featured_media":19140,"comment_status":"open","ping_status":"closed","template":"","meta":[],"product_brand":[],"product_cat":[30971,869],"product_tag":[],"class_list":{"0":"post-18183","1":"product","2":"type-product","3":"status-publish","4":"has-post-thumbnail","6":"product_cat-hp","7":"product_cat-wholesale-bathtub","9":"first","10":"instock","11":"taxable","12":"shipping-taxable","13":"purchasable","14":"product-type-variable"},"_links":{"self":[{"href":"https:\/\/nexgendecors.com\/es\/wp-json\/wp\/v2\/product\/18183","targetHints":{"allow":["GET"]}}],"collection":[{"href":"https:\/\/nexgendecors.com\/es\/wp-json\/wp\/v2\/product"}],"about":[{"href":"https:\/\/nexgendecors.com\/es\/wp-json\/wp\/v2\/types\/product"}],"replies":[{"embeddable":true,"href":"https:\/\/nexgendecors.com\/es\/wp-json\/wp\/v2\/comments?post=18183"}],"version-history":[{"count":0,"href":"https:\/\/nexgendecors.com\/es\/wp-json\/wp\/v2\/product\/18183\/revisions"}],"wp:featuredmedia":[{"embeddable":true,"href":"https:\/\/nexgendecors.com\/es\/wp-json\/wp\/v2\/media\/19140"}],"wp:attachment":[{"href":"https:\/\/nexgendecors.com\/es\/wp-json\/wp\/v2\/media?parent=18183"}],"wp:term":[{"taxonomy":"product_brand","embeddable":true,"href":"https:\/\/nexgendecors.com\/es\/wp-json\/wp\/v2\/product_brand?post=18183"},{"taxonomy":"product_cat","embeddable":true,"href":"https:\/\/nexgendecors.com\/es\/wp-json\/wp\/v2\/product_cat?post=18183"},{"taxonomy":"product_tag","embeddable":true,"href":"https:\/\/nexgendecors.com\/es\/wp-json\/wp\/v2\/product_tag?post=18183"}],"curies":[{"name":"wp","href":"https:\/\/api.w.org\/{rel}","templated":true}]}}