{"id":181833,"date":"2025-02-28T14:00:48","date_gmt":"2025-02-28T14:00:48","guid":{"rendered":"https:\/\/nexgendecors.com\/en\/product\/high-quality-reach-rohs-vacuum-cleaner-spare-parts-filter-for-v10-sv12-969082-01-vacuum-cleaner-filter-accessories\/"},"modified":"2025-04-06T11:31:55","modified_gmt":"2025-04-06T11:31:55","slug":"high-quality-reach-rohs-vacuum-cleaner-spare-parts-filter-for-v10-sv12-969082-01-vacuum-cleaner-filter-accessories","status":"publish","type":"product","link":"https:\/\/nexgendecors.com\/es\/product\/high-quality-reach-rohs-vacuum-cleaner-spare-parts-filter-for-v10-sv12-969082-01-vacuum-cleaner-filter-accessories\/","title":{"rendered":"Alta calidad Reach Rohs Aspiradora Repuestos Filtro para V10 SV12 969082-01 Aspiradora Filtro Accesorios"},"content":{"rendered":"<ul>\n<li><strong>Servicio postventa proporcionado: <\/strong> Return and Replacement<\/li>\n<li><strong>garant\u00eda : <\/strong> 1 a\u00f1o<\/li>\n<li><strong>tipo : <\/strong> Piezas de aspiradora<\/li>\n<li><strong>solicitud : <\/strong> Familiar<\/li>\n<li><strong>fuente de energ\u00eda: <\/strong> Bater\u00eda<\/li>\n<li><strong>lugar de origen : <\/strong> Zhejiang, China<\/li>\n<li><strong>N\u00famero de modelo: <\/strong> HD-17-c<\/li>\n<li><strong>COLOR : <\/strong> PURPLE<\/li>\n<li><strong>SIZE : <\/strong> DIA:63\/87MMM,H:110MM,96.8G<\/li>\n<\/ul>","protected":false},"excerpt":{"rendered":"<p>Servicio posventa proporcionado: Garant\u00eda de devoluci\u00f3n y reemplazo: 1 a\u00f1o Tipo: Piezas de aspiradora Aplicaci\u00f3n: Energ\u00eda dom\u00e9stica<\/p>","protected":false},"featured_media":181832,"comment_status":"open","ping_status":"closed","template":"","meta":[],"product_brand":[],"product_cat":[30945],"product_tag":[],"class_list":{"0":"post-181833","1":"product","2":"type-product","3":"status-publish","4":"has-post-thumbnail","6":"product_cat-steam-cleaners","8":"first","9":"instock","10":"taxable","11":"shipping-taxable","12":"purchasable","13":"product-type-simple"},"_links":{"self":[{"href":"https:\/\/nexgendecors.com\/es\/wp-json\/wp\/v2\/product\/181833","targetHints":{"allow":["GET"]}}],"collection":[{"href":"https:\/\/nexgendecors.com\/es\/wp-json\/wp\/v2\/product"}],"about":[{"href":"https:\/\/nexgendecors.com\/es\/wp-json\/wp\/v2\/types\/product"}],"replies":[{"embeddable":true,"href":"https:\/\/nexgendecors.com\/es\/wp-json\/wp\/v2\/comments?post=181833"}],"version-history":[{"count":0,"href":"https:\/\/nexgendecors.com\/es\/wp-json\/wp\/v2\/product\/181833\/revisions"}],"wp:featuredmedia":[{"embeddable":true,"href":"https:\/\/nexgendecors.com\/es\/wp-json\/wp\/v2\/media\/181832"}],"wp:attachment":[{"href":"https:\/\/nexgendecors.com\/es\/wp-json\/wp\/v2\/media?parent=181833"}],"wp:term":[{"taxonomy":"product_brand","embeddable":true,"href":"https:\/\/nexgendecors.com\/es\/wp-json\/wp\/v2\/product_brand?post=181833"},{"taxonomy":"product_cat","embeddable":true,"href":"https:\/\/nexgendecors.com\/es\/wp-json\/wp\/v2\/product_cat?post=181833"},{"taxonomy":"product_tag","embeddable":true,"href":"https:\/\/nexgendecors.com\/es\/wp-json\/wp\/v2\/product_tag?post=181833"}],"curies":[{"name":"wp","href":"https:\/\/api.w.org\/{rel}","templated":true}]}}