{"id":181840,"date":"2025-02-28T14:01:04","date_gmt":"2025-02-28T14:01:04","guid":{"rendered":"https:\/\/nexgendecors.com\/en\/product\/replacement-parts-r-oomba-s-series-corner-sweeping-brush-3-pack-robot-vaccum-accessory\/"},"modified":"2025-04-06T11:31:57","modified_gmt":"2025-04-06T11:31:57","slug":"repuestos-para-cepillos-de-barrido-de-esquinas-serie-s-de-roomba-paquete-de-3-para-aspiradora-robot","status":"publish","type":"product","link":"https:\/\/nexgendecors.com\/es\/product\/repuestos-para-cepillos-de-barrido-de-esquinas-serie-s-de-roomba-paquete-de-3-para-aspiradora-robot\/","title":{"rendered":"Piezas de repuesto R Oomba s Series Cepillo barredor de esquinas Paquete de 3 Accesorios para robot aspirador"},"content":{"rendered":"<ul>\n<li><strong>Servicio postventa proporcionado: <\/strong> Ninguno<\/li>\n<li><strong>garant\u00eda : <\/strong> Ninguno<\/li>\n<li><strong>tipo : <\/strong> Piezas de aspiradora<\/li>\n<li><strong>solicitud : <\/strong> al aire libre, hotel, hogar<\/li>\n<li><strong>fuente de energ\u00eda: <\/strong> Fuente de alimentaci\u00f3n del veh\u00edculo<\/li>\n<li><strong>logotipo\/patr\u00f3n: <\/strong> Serigraf\u00eda<\/li>\n<li><strong>lugar de origen : <\/strong> Zhejiang, China<\/li>\n<li><strong>nombre de marca: <\/strong> fiyde<\/li>\n<li><strong>N\u00famero de modelo: <\/strong> 0223<\/li>\n<li><strong>modelo compatible: <\/strong> Serie S<\/li>\n<li><strong>Certificaci\u00f3n : <\/strong> 9001<\/li>\n<li><strong>Nombre : <\/strong> Cepillo para barrer esquinas<\/li>\n<li><strong>Adecuado para: <\/strong> Serie S<\/li>\n<li><strong>Uso: <\/strong> Limpiar el polvo<\/li>\n<li><strong>Material : <\/strong> Pl\u00e1stico<\/li>\n<li><strong>Color : <\/strong> Negro\/Verde<\/li>\n<li><strong>Caracter\u00edstica : <\/strong> Alta eficiencia<\/li>\n<li><strong>Tipo de producto : <\/strong> Accesorios de limpieza para aspiradoras<\/li>\n<li><strong>Tama\u00f1o : <\/strong> 9,5 x 9,5 x 1,5 cm<\/li>\n<\/ul>","protected":false},"excerpt":{"rendered":"<p>Servicio posventa proporcionado: Ninguno Garant\u00eda: Ninguna Tipo: Piezas de aspiradora Aplicaci\u00f3n: Exterior, Hotel, Hogar Fuente de alimentaci\u00f3n<\/p>","protected":false},"featured_media":181839,"comment_status":"open","ping_status":"closed","template":"","meta":[],"product_brand":[],"product_cat":[30945],"product_tag":[],"class_list":{"0":"post-181840","1":"product","2":"type-product","3":"status-publish","4":"has-post-thumbnail","6":"product_cat-steam-cleaners","8":"first","9":"instock","10":"taxable","11":"shipping-taxable","12":"purchasable","13":"product-type-simple"},"_links":{"self":[{"href":"https:\/\/nexgendecors.com\/es\/wp-json\/wp\/v2\/product\/181840","targetHints":{"allow":["GET"]}}],"collection":[{"href":"https:\/\/nexgendecors.com\/es\/wp-json\/wp\/v2\/product"}],"about":[{"href":"https:\/\/nexgendecors.com\/es\/wp-json\/wp\/v2\/types\/product"}],"replies":[{"embeddable":true,"href":"https:\/\/nexgendecors.com\/es\/wp-json\/wp\/v2\/comments?post=181840"}],"version-history":[{"count":0,"href":"https:\/\/nexgendecors.com\/es\/wp-json\/wp\/v2\/product\/181840\/revisions"}],"wp:featuredmedia":[{"embeddable":true,"href":"https:\/\/nexgendecors.com\/es\/wp-json\/wp\/v2\/media\/181839"}],"wp:attachment":[{"href":"https:\/\/nexgendecors.com\/es\/wp-json\/wp\/v2\/media?parent=181840"}],"wp:term":[{"taxonomy":"product_brand","embeddable":true,"href":"https:\/\/nexgendecors.com\/es\/wp-json\/wp\/v2\/product_brand?post=181840"},{"taxonomy":"product_cat","embeddable":true,"href":"https:\/\/nexgendecors.com\/es\/wp-json\/wp\/v2\/product_cat?post=181840"},{"taxonomy":"product_tag","embeddable":true,"href":"https:\/\/nexgendecors.com\/es\/wp-json\/wp\/v2\/product_tag?post=181840"}],"curies":[{"name":"wp","href":"https:\/\/api.w.org\/{rel}","templated":true}]}}