{"id":181862,"date":"2025-02-28T14:02:45","date_gmt":"2025-02-28T14:02:45","guid":{"rendered":"https:\/\/nexgendecors.com\/en\/product\/replacement-parts-for-mie-le-classicc1-completec1-completec2-completec3-s227-s240-s270-s400-s2-s5-s8-series-dust-bags10-pack\/"},"modified":"2025-02-28T14:02:59","modified_gmt":"2025-02-28T14:02:59","slug":"replacement-parts-for-mie-le-classicc1-completec1-completec2-completec3-s227-s240-s270-s400-s2-s5-s8-series-dust-bags10-pack","status":"publish","type":"product","link":"https:\/\/nexgendecors.com\/es\/product\/replacement-parts-for-mie-le-classicc1-completec1-completec2-completec3-s227-s240-s270-s400-s2-s5-s8-series-dust-bags10-pack\/","title":{"rendered":"Recambios para Mie Le ClassicC1\/CompleteC1\/CompleteC2\/CompleteC3\/S227\/S240\/S270\/S400\/S2\/S5\/S8 Series Bolsas recogepolvo10 unidades"},"content":{"rendered":"<ul>\n<li><strong>Servicio postventa proporcionado: <\/strong> Ninguno<\/li>\n<li><strong>garant\u00eda : <\/strong> Ninguno<\/li>\n<li><strong>tipo : <\/strong> Piezas de aspiradora<\/li>\n<li><strong>idioma de funcionamiento: <\/strong> Ingl\u00e9s<\/li>\n<li><strong>solicitud : <\/strong> al aire libre, hotel, hogar<\/li>\n<li><strong>fuente de energ\u00eda: <\/strong> Fuente de alimentaci\u00f3n del veh\u00edculo<\/li>\n<li><strong>logotipo\/patr\u00f3n: <\/strong> Serigraf\u00eda<\/li>\n<li><strong>lugar de origen : <\/strong> Zhejiang, China<\/li>\n<li><strong>nombre de marca: <\/strong> fiyde<\/li>\n<li><strong>N\u00famero de modelo: <\/strong> 0240<\/li>\n<li><strong>modelo compatible: <\/strong> ClassicC1CompleteC1CompleteC2CompleteC3<\/li>\n<li><strong>Certificaci\u00f3n : <\/strong> 9001<\/li>\n<li><strong>Nombre : <\/strong> Vacuum Cleaner Air clean Dust Bags*10<\/li>\n<li><strong>Adecuado para: <\/strong> ClassicC1CompleteC1CompleteC2CompleteC3S227S240S270S400S2S5S8<\/li>\n<li><strong>Uso: <\/strong> Limpiar el polvo<\/li>\n<li><strong>Material : <\/strong> Algod\u00f3n<\/li>\n<li><strong>Color : <\/strong> White\/blue<\/li>\n<li><strong>Caracter\u00edstica : <\/strong> Easy to Install<\/li>\n<li><strong>Tipo de producto : <\/strong> Accesorios de limpieza para aspiradoras<\/li>\n<li><strong>Tama\u00f1o : <\/strong> 31.98*22.99*7.98cm<\/li>\n<\/ul>","protected":false},"excerpt":{"rendered":"<p>servicio posventa : Ninguna garant\u00eda : Ninguno tipo : Aspirador Piezas idioma de funcionamiento : Ingl\u00e9s aplicaci\u00f3n : exterior,<\/p>","protected":false},"featured_media":181861,"comment_status":"open","ping_status":"closed","template":"","meta":[],"product_brand":[],"product_cat":[30945],"product_tag":[],"class_list":{"0":"post-181862","1":"product","2":"type-product","3":"status-publish","4":"has-post-thumbnail","6":"product_cat-steam-cleaners","8":"first","9":"instock","10":"taxable","11":"shipping-taxable","12":"purchasable","13":"product-type-variable"},"_links":{"self":[{"href":"https:\/\/nexgendecors.com\/es\/wp-json\/wp\/v2\/product\/181862","targetHints":{"allow":["GET"]}}],"collection":[{"href":"https:\/\/nexgendecors.com\/es\/wp-json\/wp\/v2\/product"}],"about":[{"href":"https:\/\/nexgendecors.com\/es\/wp-json\/wp\/v2\/types\/product"}],"replies":[{"embeddable":true,"href":"https:\/\/nexgendecors.com\/es\/wp-json\/wp\/v2\/comments?post=181862"}],"version-history":[{"count":0,"href":"https:\/\/nexgendecors.com\/es\/wp-json\/wp\/v2\/product\/181862\/revisions"}],"wp:featuredmedia":[{"embeddable":true,"href":"https:\/\/nexgendecors.com\/es\/wp-json\/wp\/v2\/media\/181861"}],"wp:attachment":[{"href":"https:\/\/nexgendecors.com\/es\/wp-json\/wp\/v2\/media?parent=181862"}],"wp:term":[{"taxonomy":"product_brand","embeddable":true,"href":"https:\/\/nexgendecors.com\/es\/wp-json\/wp\/v2\/product_brand?post=181862"},{"taxonomy":"product_cat","embeddable":true,"href":"https:\/\/nexgendecors.com\/es\/wp-json\/wp\/v2\/product_cat?post=181862"},{"taxonomy":"product_tag","embeddable":true,"href":"https:\/\/nexgendecors.com\/es\/wp-json\/wp\/v2\/product_tag?post=181862"}],"curies":[{"name":"wp","href":"https:\/\/api.w.org\/{rel}","templated":true}]}}