{"id":181878,"date":"2025-02-28T14:04:01","date_gmt":"2025-02-28T14:04:01","guid":{"rendered":"https:\/\/nexgendecors.com\/en\/product\/300-air-purifier-pet-allergy-replacement-filter-3-in-1-high-efficiency-activated-carbon-core300-rf-pa\/"},"modified":"2025-04-06T11:32:21","modified_gmt":"2025-04-06T11:32:21","slug":"purificador-de-aire-300-filtro-de-repuesto-para-alergias-a-mascotas-3-en-1-nucleo-de-carbon-activado-de-alta-eficiencia-300-rf-pa","status":"publish","type":"product","link":"https:\/\/nexgendecors.com\/es\/product\/purificador-de-aire-300-filtro-de-repuesto-para-alergias-a-mascotas-3-en-1-nucleo-de-carbon-activado-de-alta-eficiencia-300-rf-pa\/","title":{"rendered":"Purificador de aire 300 con filtro de repuesto para alergias a mascotas, 3 en 1, n\u00facleo de carb\u00f3n activado de alta eficiencia 300-RF-PA"},"content":{"rendered":"<ul>\n<li><strong>Servicio postventa proporcionado: <\/strong> Ninguno<\/li>\n<li><strong>garant\u00eda : <\/strong> Ninguno<\/li>\n<li><strong>tipo : <\/strong> Piezas del purificador de aire<\/li>\n<li><strong>solicitud : <\/strong> al aire libre, comercial<\/li>\n<li><strong>fuente de energ\u00eda: <\/strong> El\u00e9ctrico<\/li>\n<li><strong>lugar de origen : <\/strong> ZHE<\/li>\n<li><strong>nombre de marca: <\/strong> fiyde<\/li>\n<li><strong>Solicitud : <\/strong> Exterior<\/li>\n<li><strong>Material : <\/strong> Carb\u00f3n activado<\/li>\n<li><strong>Nombre del producto : <\/strong> Repuestos para filtros de purificadores de aire<\/li>\n<li><strong>Adecuado para: <\/strong> Universal<\/li>\n<li><strong>Tipo : <\/strong> Purificador de aire Patrs<\/li>\n<li><strong>Nombre : <\/strong> Compatible con filtros<\/li>\n<li><strong>Cantidad m\u00ednima de pedido: <\/strong> 100 piezas<\/li>\n<li><strong>Proveedor: <\/strong> Compa\u00f1\u00eda de filtros Nanjing Blue Sky<\/li>\n<li><strong>Caracter\u00edstica : <\/strong> No original<\/li>\n<li><strong>Eficiencia : <\/strong> H13 Personalizado<\/li>\n<li><strong>Molde privado: <\/strong> NO<\/li>\n<li><strong>N\u00famero de modelo : <\/strong> 0314<\/li>\n<\/ul>","protected":false},"excerpt":{"rendered":"<p>Servicio posventa proporcionado: Ninguno Garant\u00eda: Ninguna Tipo: Piezas de purificador de aire Aplicaci\u00f3n: Exterior, Comercial Fuente de alimentaci\u00f3n:<\/p>","protected":false},"featured_media":181877,"comment_status":"open","ping_status":"closed","template":"","meta":[],"product_brand":[],"product_cat":[30945],"product_tag":[],"class_list":{"0":"post-181878","1":"product","2":"type-product","3":"status-publish","4":"has-post-thumbnail","6":"product_cat-steam-cleaners","8":"first","9":"instock","10":"taxable","11":"shipping-taxable","12":"purchasable","13":"product-type-simple"},"_links":{"self":[{"href":"https:\/\/nexgendecors.com\/es\/wp-json\/wp\/v2\/product\/181878","targetHints":{"allow":["GET"]}}],"collection":[{"href":"https:\/\/nexgendecors.com\/es\/wp-json\/wp\/v2\/product"}],"about":[{"href":"https:\/\/nexgendecors.com\/es\/wp-json\/wp\/v2\/types\/product"}],"replies":[{"embeddable":true,"href":"https:\/\/nexgendecors.com\/es\/wp-json\/wp\/v2\/comments?post=181878"}],"version-history":[{"count":0,"href":"https:\/\/nexgendecors.com\/es\/wp-json\/wp\/v2\/product\/181878\/revisions"}],"wp:featuredmedia":[{"embeddable":true,"href":"https:\/\/nexgendecors.com\/es\/wp-json\/wp\/v2\/media\/181877"}],"wp:attachment":[{"href":"https:\/\/nexgendecors.com\/es\/wp-json\/wp\/v2\/media?parent=181878"}],"wp:term":[{"taxonomy":"product_brand","embeddable":true,"href":"https:\/\/nexgendecors.com\/es\/wp-json\/wp\/v2\/product_brand?post=181878"},{"taxonomy":"product_cat","embeddable":true,"href":"https:\/\/nexgendecors.com\/es\/wp-json\/wp\/v2\/product_cat?post=181878"},{"taxonomy":"product_tag","embeddable":true,"href":"https:\/\/nexgendecors.com\/es\/wp-json\/wp\/v2\/product_tag?post=181878"}],"curies":[{"name":"wp","href":"https:\/\/api.w.org\/{rel}","templated":true}]}}