{"id":181885,"date":"2025-02-28T14:10:01","date_gmt":"2025-02-28T14:10:01","guid":{"rendered":"https:\/\/nexgendecors.com\/en\/product\/long-lasting-scented-air-freshener-solid-deodorizer-for-bathrooms-bedrooms-cars-homes-perfect-for-wardrobes-toilets\/"},"modified":"2025-04-06T11:32:29","modified_gmt":"2025-04-06T11:32:29","slug":"long-lasting-scented-air-freshener-solid-deodorizer-for-bathrooms-bedrooms-cars-homes-perfect-for-wardrobes-toilets","status":"publish","type":"product","link":"https:\/\/nexgendecors.com\/es\/product\/long-lasting-scented-air-freshener-solid-deodorizer-for-bathrooms-bedrooms-cars-homes-perfect-for-wardrobes-toilets\/","title":{"rendered":"Ambientador s\u00f3lido perfumado de larga duraci\u00f3n para ba\u00f1os, dormitorios, coches y hogares. Perfecto para armarios y aseos."},"content":{"rendered":"<ul>\n<li><strong>lugar de origen : <\/strong> Guangdong, China<\/li>\n<li><strong>nombre de marca: <\/strong> Nicebest<\/li>\n<li><strong>caracter\u00edstica : <\/strong> Sostenible, abastecido<\/li>\n<li><strong>Uso del ambientador: <\/strong> All<\/li>\n<li><strong>forma : <\/strong> S\u00f3lido<\/li>\n<li><strong>contenido de ingrediente activo: <\/strong> 5% (Incluido) -15%<\/li>\n<li><strong>Nombre del producto : <\/strong> Aromatherapy<\/li>\n<li><strong>Caracter\u00edstica : <\/strong> Smell<\/li>\n<li><strong>Cantidad m\u00ednima de pedido: <\/strong> 5000 Pcs<\/li>\n<li><strong>Funci\u00f3n : <\/strong> Smell Remover<\/li>\n<li><strong>Uso: <\/strong> Home Office Hotel Bedroom Car<\/li>\n<li><strong>Color : <\/strong> Imagen<\/li>\n<li><strong>Calidad : <\/strong> High-Quality<\/li>\n<\/ul>","protected":false},"excerpt":{"rendered":"<p>place of origin : Guangdong, China brand name : Nicebest feature : Sustainable, Stocked air freshener use : All shape<\/p>","protected":false},"featured_media":181884,"comment_status":"open","ping_status":"closed","template":"","meta":[],"product_brand":[],"product_cat":[30967],"product_tag":[],"class_list":{"0":"post-181885","1":"product","2":"type-product","3":"status-publish","4":"has-post-thumbnail","6":"product_cat-fragrance","8":"first","9":"instock","10":"taxable","11":"shipping-taxable","12":"purchasable","13":"product-type-variable"},"_links":{"self":[{"href":"https:\/\/nexgendecors.com\/es\/wp-json\/wp\/v2\/product\/181885","targetHints":{"allow":["GET"]}}],"collection":[{"href":"https:\/\/nexgendecors.com\/es\/wp-json\/wp\/v2\/product"}],"about":[{"href":"https:\/\/nexgendecors.com\/es\/wp-json\/wp\/v2\/types\/product"}],"replies":[{"embeddable":true,"href":"https:\/\/nexgendecors.com\/es\/wp-json\/wp\/v2\/comments?post=181885"}],"version-history":[{"count":0,"href":"https:\/\/nexgendecors.com\/es\/wp-json\/wp\/v2\/product\/181885\/revisions"}],"wp:featuredmedia":[{"embeddable":true,"href":"https:\/\/nexgendecors.com\/es\/wp-json\/wp\/v2\/media\/181884"}],"wp:attachment":[{"href":"https:\/\/nexgendecors.com\/es\/wp-json\/wp\/v2\/media?parent=181885"}],"wp:term":[{"taxonomy":"product_brand","embeddable":true,"href":"https:\/\/nexgendecors.com\/es\/wp-json\/wp\/v2\/product_brand?post=181885"},{"taxonomy":"product_cat","embeddable":true,"href":"https:\/\/nexgendecors.com\/es\/wp-json\/wp\/v2\/product_cat?post=181885"},{"taxonomy":"product_tag","embeddable":true,"href":"https:\/\/nexgendecors.com\/es\/wp-json\/wp\/v2\/product_tag?post=181885"}],"curies":[{"name":"wp","href":"https:\/\/api.w.org\/{rel}","templated":true}]}}