{"id":181926,"date":"2025-02-28T14:12:08","date_gmt":"2025-02-28T14:12:08","guid":{"rendered":"https:\/\/nexgendecors.com\/en\/product\/top-sale-air-scent-delivery-system-aroma-scent-diffuser-machine-hotel-lobby-scent-fragrance-diffusers-machine-for-sale-12-iron\/"},"modified":"2025-04-06T11:32:55","modified_gmt":"2025-04-06T11:32:55","slug":"top-sale-air-scent-delivery-system-aroma-scent-diffuser-machine-hotel-lobby-scent-fragrance-diffusers-machine-for-sale-12-iron","status":"publish","type":"product","link":"https:\/\/nexgendecors.com\/es\/product\/top-sale-air-scent-delivery-system-aroma-scent-diffuser-machine-hotel-lobby-scent-fragrance-diffusers-machine-for-sale-12-iron\/","title":{"rendered":"Top Venta Sistema de Aire Difusor de Aroma Aroma Difusor de Aroma Hotel Lobby Difusores de Fragancia M\u00e1quina para la Venta 12 Hierro"},"content":{"rendered":"<ul>\n<li><strong>lugar de origen : <\/strong> Porcelana<\/li>\n<li><strong>N\u00famero de modelo: <\/strong> HC-5000<\/li>\n<li><strong>potencia w : <\/strong> 12<\/li>\n<li><strong>voltaje v : <\/strong> 220<\/li>\n<li><strong>garant\u00eda : <\/strong> 1 a\u00f1o<\/li>\n<li><strong>solicitud : <\/strong> Hotel<\/li>\n<li><strong>controlado por aplicaci\u00f3n: <\/strong> NO<\/li>\n<li><strong>capacidad : <\/strong> \uff1e200ml<\/li>\n<li><strong>Nombre del producto : <\/strong> Commercial Scent Diffuser<\/li>\n<li><strong>Funci\u00f3n : <\/strong> Aroma-therapy<\/li>\n<li><strong>Tipo : <\/strong> Essential Oil Atomization<\/li>\n<li><strong>Material : <\/strong> Iron<\/li>\n<li><strong>Instalaci\u00f3n : <\/strong> Connect HVAC\/Wall-mounted<\/li>\n<li><strong>Uso: <\/strong> Public  . Office . Hospital . Hotel<\/li>\n<li><strong>Tama\u00f1o : <\/strong> 270*140*285mm<\/li>\n<li><strong>Oil Capacity : <\/strong> 800 ml<\/li>\n<li><strong>Peso : <\/strong> 5KG<\/li>\n<li><strong>Coverage : <\/strong> 5000m\u00b3\/10000sq.ft<\/li>\n<\/ul>","protected":false},"excerpt":{"rendered":"<p>lugar de origen : China n\u00famero de modelo : HC-5000 potencia w : 12 tensi\u00f3n v : 220 garant\u00eda : 1<\/p>","protected":false},"featured_media":181925,"comment_status":"open","ping_status":"closed","template":"","meta":[],"product_brand":[],"product_cat":[30967],"product_tag":[],"class_list":{"0":"post-181926","1":"product","2":"type-product","3":"status-publish","4":"has-post-thumbnail","6":"product_cat-fragrance","8":"first","9":"instock","10":"taxable","11":"shipping-taxable","12":"purchasable","13":"product-type-variable"},"_links":{"self":[{"href":"https:\/\/nexgendecors.com\/es\/wp-json\/wp\/v2\/product\/181926","targetHints":{"allow":["GET"]}}],"collection":[{"href":"https:\/\/nexgendecors.com\/es\/wp-json\/wp\/v2\/product"}],"about":[{"href":"https:\/\/nexgendecors.com\/es\/wp-json\/wp\/v2\/types\/product"}],"replies":[{"embeddable":true,"href":"https:\/\/nexgendecors.com\/es\/wp-json\/wp\/v2\/comments?post=181926"}],"version-history":[{"count":0,"href":"https:\/\/nexgendecors.com\/es\/wp-json\/wp\/v2\/product\/181926\/revisions"}],"wp:featuredmedia":[{"embeddable":true,"href":"https:\/\/nexgendecors.com\/es\/wp-json\/wp\/v2\/media\/181925"}],"wp:attachment":[{"href":"https:\/\/nexgendecors.com\/es\/wp-json\/wp\/v2\/media?parent=181926"}],"wp:term":[{"taxonomy":"product_brand","embeddable":true,"href":"https:\/\/nexgendecors.com\/es\/wp-json\/wp\/v2\/product_brand?post=181926"},{"taxonomy":"product_cat","embeddable":true,"href":"https:\/\/nexgendecors.com\/es\/wp-json\/wp\/v2\/product_cat?post=181926"},{"taxonomy":"product_tag","embeddable":true,"href":"https:\/\/nexgendecors.com\/es\/wp-json\/wp\/v2\/product_tag?post=181926"}],"curies":[{"name":"wp","href":"https:\/\/api.w.org\/{rel}","templated":true}]}}