{"id":181938,"date":"2025-02-28T14:25:33","date_gmt":"2025-02-28T14:25:33","guid":{"rendered":"https:\/\/nexgendecors.com\/en\/product\/wholesale-disposable-food-grade-round-head-wooden-coffee-stirrer-for-coffee-milk-tea-or-craft\/"},"modified":"2025-04-06T11:33:05","modified_gmt":"2025-04-06T11:33:05","slug":"agitador-de-cafe-de-madera-de-cabeza-redonda-desechable-de-grado-alimenticio-al-por-mayor-para-cafe-leche-te-o-manualidades","status":"publish","type":"product","link":"https:\/\/nexgendecors.com\/es\/product\/agitador-de-cafe-de-madera-de-cabeza-redonda-desechable-de-grado-alimenticio-al-por-mayor-para-cafe-leche-te-o-manualidades\/","title":{"rendered":"Agitador de caf\u00e9 de madera redondo desechable de grado alimenticio, venta al por mayor, para caf\u00e9, leche, t\u00e9 o manualidades."},"content":{"rendered":"<ul>\n<li><strong>Tipo : <\/strong> Herramientas para caf\u00e9 y t\u00e9<\/li>\n<li><strong>estilo : <\/strong> CL\u00c1SICO<\/li>\n<li><strong>Tipo de herramientas para caf\u00e9 y t\u00e9: <\/strong> Palitos de t\u00e9<\/li>\n<li><strong>material : <\/strong> Madera<\/li>\n<li><strong>caracter\u00edstica : <\/strong> Abastecido<\/li>\n<li><strong>lugar de origen : <\/strong> Anhui, China<\/li>\n<li><strong>nombre de marca: <\/strong> INCLUSO<\/li>\n<li><strong>N\u00famero de modelo: <\/strong> YE-WS19872<\/li>\n<li><strong>Nombre del producto : <\/strong> agitador de caf\u00e9<\/li>\n<li><strong>Color : <\/strong> Color natural<\/li>\n<li><strong>Uso: <\/strong> Restaurante.Casa.Caf\u00e9<\/li>\n<li><strong>Paquete : <\/strong> 1000 piezas\/bolsa 20 bolsas\/caja<\/li>\n<li><strong>Tama\u00f1o : <\/strong> 90 mm, 110 mm, 140 mm, 178 mm, 190 mm<\/li>\n<li><strong>Ventaja : <\/strong> 100% Grado alimenticio<\/li>\n<li><strong>Muestra : <\/strong> Proporcionar muestra<\/li>\n<li><strong>Logotipo : <\/strong> Personalizar logotipo aceptable<\/li>\n<li><strong>OEM y ODM: <\/strong> Altamente Bienvenido Personalizado<\/li>\n<li><strong>Material : <\/strong> Madera de abedul<\/li>\n<\/ul>","protected":false},"excerpt":{"rendered":"<p>Tipo: Herramientas para caf\u00e9 y t\u00e9 Estilo: Herramientas cl\u00e1sicas para caf\u00e9 y t\u00e9 Tipo: Palitos de t\u00e9 Material: Madera<\/p>","protected":false},"featured_media":181937,"comment_status":"open","ping_status":"closed","template":"","meta":[],"product_brand":[],"product_cat":[30935],"product_tag":[],"class_list":{"0":"post-181938","1":"product","2":"type-product","3":"status-publish","4":"has-post-thumbnail","6":"product_cat-coffee-supplies","8":"first","9":"instock","10":"taxable","11":"shipping-taxable","12":"purchasable","13":"product-type-variable"},"_links":{"self":[{"href":"https:\/\/nexgendecors.com\/es\/wp-json\/wp\/v2\/product\/181938","targetHints":{"allow":["GET"]}}],"collection":[{"href":"https:\/\/nexgendecors.com\/es\/wp-json\/wp\/v2\/product"}],"about":[{"href":"https:\/\/nexgendecors.com\/es\/wp-json\/wp\/v2\/types\/product"}],"replies":[{"embeddable":true,"href":"https:\/\/nexgendecors.com\/es\/wp-json\/wp\/v2\/comments?post=181938"}],"version-history":[{"count":0,"href":"https:\/\/nexgendecors.com\/es\/wp-json\/wp\/v2\/product\/181938\/revisions"}],"wp:featuredmedia":[{"embeddable":true,"href":"https:\/\/nexgendecors.com\/es\/wp-json\/wp\/v2\/media\/181937"}],"wp:attachment":[{"href":"https:\/\/nexgendecors.com\/es\/wp-json\/wp\/v2\/media?parent=181938"}],"wp:term":[{"taxonomy":"product_brand","embeddable":true,"href":"https:\/\/nexgendecors.com\/es\/wp-json\/wp\/v2\/product_brand?post=181938"},{"taxonomy":"product_cat","embeddable":true,"href":"https:\/\/nexgendecors.com\/es\/wp-json\/wp\/v2\/product_cat?post=181938"},{"taxonomy":"product_tag","embeddable":true,"href":"https:\/\/nexgendecors.com\/es\/wp-json\/wp\/v2\/product_tag?post=181938"}],"curies":[{"name":"wp","href":"https:\/\/api.w.org\/{rel}","templated":true}]}}