{"id":181979,"date":"2025-02-28T14:28:39","date_gmt":"2025-02-28T14:28:39","guid":{"rendered":"https:\/\/nexgendecors.com\/en\/product\/1200ml-glass-tea-pot-coffee-pot-paracity-high-borosilicate-glass-teapot-with-strainer-for-you\/"},"modified":"2025-02-28T14:28:53","modified_gmt":"2025-02-28T14:28:53","slug":"1200ml-glass-tea-pot-coffee-pot-paracity-high-borosilicate-glass-teapot-with-strainer-for-you","status":"publish","type":"product","link":"https:\/\/nexgendecors.com\/es\/product\/1200ml-glass-tea-pot-coffee-pot-paracity-high-borosilicate-glass-teapot-with-strainer-for-you\/","title":{"rendered":"Tetera de vidrio de 1200 ml, cafetera Paracity, tetera de vidrio de borosilicato alto con colador para ti."},"content":{"rendered":"<ul>\n<li><strong>Tipo de bebida: <\/strong> Juegos de caf\u00e9 y t\u00e9<\/li>\n<li><strong>estilo : <\/strong> Luxury<\/li>\n<li><strong>material : <\/strong> Glass<\/li>\n<li><strong>caracter\u00edstica : <\/strong> Sostenible, abastecido<\/li>\n<li><strong>lugar de origen : <\/strong> Guangdong, China<\/li>\n<li><strong>nombre de marca: <\/strong> Lilac<\/li>\n<li><strong>N\u00famero de modelo: <\/strong> S817<\/li>\n<li><strong>Nombre del producto : <\/strong> Glass Teapot<\/li>\n<li><strong>Uso: <\/strong> tea \/ coffee<\/li>\n<li><strong>Color : <\/strong> Plata<\/li>\n<li><strong>Logotipo : <\/strong> Se acepta logotipo personalizado<\/li>\n<li><strong>Embalaje: <\/strong> Caja de color<\/li>\n<\/ul>","protected":false},"excerpt":{"rendered":"<p>Tipo de bebida: Juegos de caf\u00e9 y t\u00e9 Estilo: Lujo Material: Vidrio Caracter\u00edstica: Sostenible, Lugar de origen almacenado<\/p>","protected":false},"featured_media":181978,"comment_status":"open","ping_status":"closed","template":"","meta":[],"product_brand":[],"product_cat":[30935],"product_tag":[],"class_list":{"0":"post-181979","1":"product","2":"type-product","3":"status-publish","4":"has-post-thumbnail","6":"product_cat-coffee-supplies","8":"first","9":"instock","10":"taxable","11":"shipping-taxable","12":"purchasable","13":"product-type-variable"},"_links":{"self":[{"href":"https:\/\/nexgendecors.com\/es\/wp-json\/wp\/v2\/product\/181979","targetHints":{"allow":["GET"]}}],"collection":[{"href":"https:\/\/nexgendecors.com\/es\/wp-json\/wp\/v2\/product"}],"about":[{"href":"https:\/\/nexgendecors.com\/es\/wp-json\/wp\/v2\/types\/product"}],"replies":[{"embeddable":true,"href":"https:\/\/nexgendecors.com\/es\/wp-json\/wp\/v2\/comments?post=181979"}],"version-history":[{"count":0,"href":"https:\/\/nexgendecors.com\/es\/wp-json\/wp\/v2\/product\/181979\/revisions"}],"wp:featuredmedia":[{"embeddable":true,"href":"https:\/\/nexgendecors.com\/es\/wp-json\/wp\/v2\/media\/181978"}],"wp:attachment":[{"href":"https:\/\/nexgendecors.com\/es\/wp-json\/wp\/v2\/media?parent=181979"}],"wp:term":[{"taxonomy":"product_brand","embeddable":true,"href":"https:\/\/nexgendecors.com\/es\/wp-json\/wp\/v2\/product_brand?post=181979"},{"taxonomy":"product_cat","embeddable":true,"href":"https:\/\/nexgendecors.com\/es\/wp-json\/wp\/v2\/product_cat?post=181979"},{"taxonomy":"product_tag","embeddable":true,"href":"https:\/\/nexgendecors.com\/es\/wp-json\/wp\/v2\/product_tag?post=181979"}],"curies":[{"name":"wp","href":"https:\/\/api.w.org\/{rel}","templated":true}]}}