{"id":181995,"date":"2025-02-28T14:29:23","date_gmt":"2025-02-28T14:29:23","guid":{"rendered":"https:\/\/nexgendecors.com\/en\/product\/0-5l-0-8l-gold-white-turkish-arabic-arab-thermal-thermos-tea-vacuum-coffee-pot-with-glass-inner\/"},"modified":"2025-04-06T11:33:56","modified_gmt":"2025-04-06T11:33:56","slug":"0-5l-0-8l-gold-white-turkish-arabic-arab-thermal-thermos-tea-vacuum-coffee-pot-with-glass-inner","status":"publish","type":"product","link":"https:\/\/nexgendecors.com\/es\/product\/0-5l-0-8l-gold-white-turkish-arabic-arab-thermal-thermos-tea-vacuum-coffee-pot-with-glass-inner\/","title":{"rendered":"Cafetera t\u00e9rmica de vac\u00edo para t\u00e9, t\u00e9, caf\u00e9, t\u00e9 turco, \u00e1rabe, color blanco dorado, de 0,5 l y 0,8 l con interior de vidrio."},"content":{"rendered":"<ul>\n<li><strong>lugar de origen : <\/strong> Zhejiang, China<\/li>\n<li><strong>nombre de marca: <\/strong> Fabricante de equipos originales (OEM)<\/li>\n<li><strong>N\u00famero de modelo: <\/strong> NC-X143<\/li>\n<li><strong>plastic type : <\/strong> abdominales<\/li>\n<li><strong>caracter\u00edstica : <\/strong> WITH LID, Sustainable, Stocked, Large Capacity<\/li>\n<li><strong>Tipo de bebida: <\/strong> coffee pot<\/li>\n<li><strong>material : <\/strong> abdominales<\/li>\n<li><strong>tipo de metal: <\/strong> iron<\/li>\n<li><strong>estilo : <\/strong> turkish arabic<\/li>\n<li><strong>Nombre del producto : <\/strong> vacuum dallah coffee pot<\/li>\n<li><strong>Color : <\/strong> Blanco<\/li>\n<li><strong>Funci\u00f3n : <\/strong> Keeping Drink Hot Cold<\/li>\n<li><strong>Capacidad : <\/strong> 05\/0.8L<\/li>\n<li><strong>Tipo : <\/strong> Coffee Ware<\/li>\n<li><strong>Logotipo : <\/strong> Personalizar logotipo aceptable<\/li>\n<li><strong>Embalaje: <\/strong> Caja de color<\/li>\n<li><strong>Solicitud : <\/strong> Restaurants Home Cafe<\/li>\n<li><strong>Estilo : <\/strong> Calssical<\/li>\n<li><strong>Uso: <\/strong> Brewing Coffee<\/li>\n<\/ul>","protected":false},"excerpt":{"rendered":"<p>Lugar de origen: Zhejiang, China Nombre de marca: OEM N\u00famero de modelo: NC-X143 Tipo de pl\u00e1stico: ABS Caracter\u00edstica:<\/p>","protected":false},"featured_media":181994,"comment_status":"open","ping_status":"closed","template":"","meta":[],"product_brand":[],"product_cat":[30935],"product_tag":[],"class_list":{"0":"post-181995","1":"product","2":"type-product","3":"status-publish","4":"has-post-thumbnail","6":"product_cat-coffee-supplies","8":"first","9":"instock","10":"taxable","11":"shipping-taxable","12":"purchasable","13":"product-type-variable"},"_links":{"self":[{"href":"https:\/\/nexgendecors.com\/es\/wp-json\/wp\/v2\/product\/181995","targetHints":{"allow":["GET"]}}],"collection":[{"href":"https:\/\/nexgendecors.com\/es\/wp-json\/wp\/v2\/product"}],"about":[{"href":"https:\/\/nexgendecors.com\/es\/wp-json\/wp\/v2\/types\/product"}],"replies":[{"embeddable":true,"href":"https:\/\/nexgendecors.com\/es\/wp-json\/wp\/v2\/comments?post=181995"}],"version-history":[{"count":0,"href":"https:\/\/nexgendecors.com\/es\/wp-json\/wp\/v2\/product\/181995\/revisions"}],"wp:featuredmedia":[{"embeddable":true,"href":"https:\/\/nexgendecors.com\/es\/wp-json\/wp\/v2\/media\/181994"}],"wp:attachment":[{"href":"https:\/\/nexgendecors.com\/es\/wp-json\/wp\/v2\/media?parent=181995"}],"wp:term":[{"taxonomy":"product_brand","embeddable":true,"href":"https:\/\/nexgendecors.com\/es\/wp-json\/wp\/v2\/product_brand?post=181995"},{"taxonomy":"product_cat","embeddable":true,"href":"https:\/\/nexgendecors.com\/es\/wp-json\/wp\/v2\/product_cat?post=181995"},{"taxonomy":"product_tag","embeddable":true,"href":"https:\/\/nexgendecors.com\/es\/wp-json\/wp\/v2\/product_tag?post=181995"}],"curies":[{"name":"wp","href":"https:\/\/api.w.org\/{rel}","templated":true}]}}