{"id":182023,"date":"2025-02-28T14:30:00","date_gmt":"2025-02-28T14:30:00","guid":{"rendered":"https:\/\/nexgendecors.com\/en\/product\/2-colors-luxury-thermos-arabian-arabic-coffee-pot-dallah-dubai-home-goods-coffee-pots\/"},"modified":"2025-04-06T11:34:15","modified_gmt":"2025-04-06T11:34:15","slug":"2-colors-luxury-thermos-arabian-arabic-coffee-pot-dallah-dubai-home-goods-coffee-pots","status":"publish","type":"product","link":"https:\/\/nexgendecors.com\/es\/product\/2-colors-luxury-thermos-arabian-arabic-coffee-pot-dallah-dubai-home-goods-coffee-pots\/","title":{"rendered":"Cafetera \u00e1rabe de lujo de 2 colores, termo, Dallah, Dub\u00e1i, art\u00edculos para el hogar, cafeteras"},"content":{"rendered":"<ul>\n<li><strong>lugar de origen : <\/strong> Zhejiang, China<\/li>\n<li><strong>nombre de marca: <\/strong> Lewei<\/li>\n<li><strong>N\u00famero de modelo: <\/strong> LW-X5082911<\/li>\n<li><strong>caracter\u00edstica : <\/strong> Sostenible<\/li>\n<li><strong>Tipo de bebida: <\/strong> Juegos de caf\u00e9 y t\u00e9<\/li>\n<li><strong>estilo : <\/strong> Luxury<\/li>\n<\/ul>","protected":false},"excerpt":{"rendered":"<p>place of origin : Zhejiang, China brand name : Lewei model number : LW-X5082911 feature : Sustainable drinkware type :<\/p>","protected":false},"featured_media":182029,"comment_status":"open","ping_status":"closed","template":"","meta":[],"product_brand":[],"product_cat":[30935],"product_tag":[],"class_list":{"0":"post-182023","1":"product","2":"type-product","3":"status-publish","4":"has-post-thumbnail","6":"product_cat-coffee-supplies","8":"first","9":"instock","10":"taxable","11":"shipping-taxable","12":"purchasable","13":"product-type-variable"},"_links":{"self":[{"href":"https:\/\/nexgendecors.com\/es\/wp-json\/wp\/v2\/product\/182023","targetHints":{"allow":["GET"]}}],"collection":[{"href":"https:\/\/nexgendecors.com\/es\/wp-json\/wp\/v2\/product"}],"about":[{"href":"https:\/\/nexgendecors.com\/es\/wp-json\/wp\/v2\/types\/product"}],"replies":[{"embeddable":true,"href":"https:\/\/nexgendecors.com\/es\/wp-json\/wp\/v2\/comments?post=182023"}],"version-history":[{"count":0,"href":"https:\/\/nexgendecors.com\/es\/wp-json\/wp\/v2\/product\/182023\/revisions"}],"wp:featuredmedia":[{"embeddable":true,"href":"https:\/\/nexgendecors.com\/es\/wp-json\/wp\/v2\/media\/182029"}],"wp:attachment":[{"href":"https:\/\/nexgendecors.com\/es\/wp-json\/wp\/v2\/media?parent=182023"}],"wp:term":[{"taxonomy":"product_brand","embeddable":true,"href":"https:\/\/nexgendecors.com\/es\/wp-json\/wp\/v2\/product_brand?post=182023"},{"taxonomy":"product_cat","embeddable":true,"href":"https:\/\/nexgendecors.com\/es\/wp-json\/wp\/v2\/product_cat?post=182023"},{"taxonomy":"product_tag","embeddable":true,"href":"https:\/\/nexgendecors.com\/es\/wp-json\/wp\/v2\/product_tag?post=182023"}],"curies":[{"name":"wp","href":"https:\/\/api.w.org\/{rel}","templated":true}]}}