{"id":182091,"date":"2025-02-28T14:52:25","date_gmt":"2025-02-28T14:52:25","guid":{"rendered":"https:\/\/nexgendecors.com\/en\/product\/large-medical-contractor-drawstring-trash-bags-roll-39-gallon-2-0-mil-garden-black-heavy-duty-garbage-bag-35-x-39-inch30-count\/"},"modified":"2025-04-06T11:34:54","modified_gmt":"2025-04-06T11:34:54","slug":"bolsas-de-basura-grandes-con-cordon-para-contratistas-medicos-rollo-de-39-galones-2-0-milesimas-de-pulgada-bolsa-de-basura-negra-resistente-para-jardin-35-x-39-pulgadas-30-unidades","status":"publish","type":"product","link":"https:\/\/nexgendecors.com\/es\/product\/bolsas-de-basura-grandes-con-cordon-para-contratistas-medicos-rollo-de-39-galones-2-0-milesimas-de-pulgada-bolsa-de-basura-negra-resistente-para-jardin-35-x-39-pulgadas-30-unidades\/","title":{"rendered":"Bolsas de basura grandes con cord\u00f3n para contratistas m\u00e9dicos, rollo de 39 galones, 2.0 mil\u00e9simas de pulgada, color negro, resistentes, para jard\u00edn, 35 x 39 pulgadas, 30 unidades"},"content":{"rendered":"<ul>\n<li><strong>Lugar de origen: <\/strong> Fujian, China<\/li>\n<li><strong>Nombre de la marca: <\/strong> tanjin<\/li>\n<li><strong>N\u00famero de modelo : <\/strong> 35 x 39 pulgadas<\/li>\n<li><strong>Manejo de superficies: <\/strong> Realce<\/li>\n<li><strong>Uso industrial: <\/strong> Productos dom\u00e9sticos<\/li>\n<li><strong>Usar : <\/strong> Otros productos para el hogar<\/li>\n<li><strong>Estructura del material: <\/strong> pe<\/li>\n<li><strong>Tipo de bolsa: <\/strong> Cord\u00f3n<\/li>\n<li><strong>Sellado y manejo: <\/strong> Cord\u00f3n<\/li>\n<li><strong>Pedido personalizado: <\/strong> Aceptar<\/li>\n<li><strong>Caracter\u00edstica : <\/strong> Desechable<\/li>\n<li><strong>Tipo de pl\u00e1stico: <\/strong> HDPE<\/li>\n<li><strong>Nombre del producto : <\/strong> Bolsa de basura negra de gran tama\u00f1o en rollo<\/li>\n<li><strong>Uso: <\/strong> Bolsas para contratistas\/jard\u00edn\/m\u00e9dicos<\/li>\n<li><strong>Material : <\/strong> HDPE<\/li>\n<li><strong>Tama\u00f1o : <\/strong> 35 x 39 pulgadas, 90 x 100 cm, 0,025 mm de grosor, 30 bolsas\/rollo<\/li>\n<li><strong>Color : <\/strong> Negro<\/li>\n<li><strong>Embalaje: <\/strong> 30 bolsas\/rollo, 2 rollos\/paquete<\/li>\n<li><strong>Cantidad m\u00ednima de pedido: <\/strong> 5000 rollos<\/li>\n<\/ul>","protected":false},"excerpt":{"rendered":"<p>Lugar de origen: Fujian, China Nombre de la marca: Tangjin N\u00famero de modelo: 35 x 39 pulgadas Manejo de superficie:<\/p>","protected":false},"featured_media":182090,"comment_status":"open","ping_status":"closed","template":"","meta":[],"product_brand":[],"product_cat":[30962],"product_tag":[],"class_list":{"0":"post-182091","1":"product","2":"type-product","3":"status-publish","4":"has-post-thumbnail","6":"product_cat-trash-can","8":"first","9":"instock","10":"taxable","11":"shipping-taxable","12":"purchasable","13":"product-type-variable"},"_links":{"self":[{"href":"https:\/\/nexgendecors.com\/es\/wp-json\/wp\/v2\/product\/182091","targetHints":{"allow":["GET"]}}],"collection":[{"href":"https:\/\/nexgendecors.com\/es\/wp-json\/wp\/v2\/product"}],"about":[{"href":"https:\/\/nexgendecors.com\/es\/wp-json\/wp\/v2\/types\/product"}],"replies":[{"embeddable":true,"href":"https:\/\/nexgendecors.com\/es\/wp-json\/wp\/v2\/comments?post=182091"}],"version-history":[{"count":0,"href":"https:\/\/nexgendecors.com\/es\/wp-json\/wp\/v2\/product\/182091\/revisions"}],"wp:featuredmedia":[{"embeddable":true,"href":"https:\/\/nexgendecors.com\/es\/wp-json\/wp\/v2\/media\/182090"}],"wp:attachment":[{"href":"https:\/\/nexgendecors.com\/es\/wp-json\/wp\/v2\/media?parent=182091"}],"wp:term":[{"taxonomy":"product_brand","embeddable":true,"href":"https:\/\/nexgendecors.com\/es\/wp-json\/wp\/v2\/product_brand?post=182091"},{"taxonomy":"product_cat","embeddable":true,"href":"https:\/\/nexgendecors.com\/es\/wp-json\/wp\/v2\/product_cat?post=182091"},{"taxonomy":"product_tag","embeddable":true,"href":"https:\/\/nexgendecors.com\/es\/wp-json\/wp\/v2\/product_tag?post=182091"}],"curies":[{"name":"wp","href":"https:\/\/api.w.org\/{rel}","templated":true}]}}