{"id":182298,"date":"2025-02-28T15:43:57","date_gmt":"2025-02-28T15:43:57","guid":{"rendered":"https:\/\/nexgendecors.com\/en\/product\/anno-unisex-medical-garden-specialist-shoes-custom-logo-wholesale-fashion-design-comfortable-features\/"},"modified":"2025-04-06T11:36:27","modified_gmt":"2025-04-06T11:36:27","slug":"zapatos-unisex-de-jardineria-medica-de-anno-con-logotipo-personalizado-venta-al-por-mayor-diseno-de-moda-caracteristicas-comodas","status":"publish","type":"product","link":"https:\/\/nexgendecors.com\/es\/product\/zapatos-unisex-de-jardineria-medica-de-anno-con-logotipo-personalizado-venta-al-por-mayor-diseno-de-moda-caracteristicas-comodas\/","title":{"rendered":"Zapatos unisex m\u00e9dicos y de jardiner\u00eda ANNO, personalizados, con logotipo, al por mayor, dise\u00f1o de moda, caracter\u00edsticas c\u00f3modas."},"content":{"rendered":"<ul>\n<li><strong>Estaci\u00f3n : <\/strong> Todas las estaciones<\/li>\n<li><strong>Material de la suela: <\/strong> Eva<\/li>\n<li><strong>Material superior: <\/strong> EVA<\/li>\n<li><strong>Caracter\u00edstica : <\/strong> C\u00d3MODO<\/li>\n<li><strong>Lugar de origen: <\/strong> Porcelana<\/li>\n<li><strong>Nombre de la marca: <\/strong> ANNO<\/li>\n<li><strong>N\u00famero de modelo : <\/strong> ANR1906<\/li>\n<\/ul>","protected":false},"excerpt":{"rendered":"<p>Temporada: Todas las estaciones Material de la suela: EVA Material superior: EVA Caracter\u00edstica: C\u00d3MODO Lugar de origen: China<\/p>","protected":false},"featured_media":182297,"comment_status":"open","ping_status":"closed","template":"","meta":[],"product_brand":[],"product_cat":[30968],"product_tag":[],"class_list":{"0":"post-182298","1":"product","2":"type-product","3":"status-publish","4":"has-post-thumbnail","6":"product_cat-housekeeping-uniforms-aprons","8":"first","9":"instock","10":"taxable","11":"shipping-taxable","12":"purchasable","13":"product-type-variable"},"_links":{"self":[{"href":"https:\/\/nexgendecors.com\/es\/wp-json\/wp\/v2\/product\/182298","targetHints":{"allow":["GET"]}}],"collection":[{"href":"https:\/\/nexgendecors.com\/es\/wp-json\/wp\/v2\/product"}],"about":[{"href":"https:\/\/nexgendecors.com\/es\/wp-json\/wp\/v2\/types\/product"}],"replies":[{"embeddable":true,"href":"https:\/\/nexgendecors.com\/es\/wp-json\/wp\/v2\/comments?post=182298"}],"version-history":[{"count":0,"href":"https:\/\/nexgendecors.com\/es\/wp-json\/wp\/v2\/product\/182298\/revisions"}],"wp:featuredmedia":[{"embeddable":true,"href":"https:\/\/nexgendecors.com\/es\/wp-json\/wp\/v2\/media\/182297"}],"wp:attachment":[{"href":"https:\/\/nexgendecors.com\/es\/wp-json\/wp\/v2\/media?parent=182298"}],"wp:term":[{"taxonomy":"product_brand","embeddable":true,"href":"https:\/\/nexgendecors.com\/es\/wp-json\/wp\/v2\/product_brand?post=182298"},{"taxonomy":"product_cat","embeddable":true,"href":"https:\/\/nexgendecors.com\/es\/wp-json\/wp\/v2\/product_cat?post=182298"},{"taxonomy":"product_tag","embeddable":true,"href":"https:\/\/nexgendecors.com\/es\/wp-json\/wp\/v2\/product_tag?post=182298"}],"curies":[{"name":"wp","href":"https:\/\/api.w.org\/{rel}","templated":true}]}}