{"id":182349,"date":"2025-02-28T15:45:28","date_gmt":"2025-02-28T15:45:28","guid":{"rendered":"https:\/\/nexgendecors.com\/en\/product\/wholesale-long-sleeve-large-size-chef-uniform-canteen-barbecue-shop-kitchen-restaurant-catering\/"},"modified":"2025-04-06T11:36:38","modified_gmt":"2025-04-06T11:36:38","slug":"wholesale-long-sleeve-large-size-chef-uniform-canteen-barbecue-shop-kitchen-restaurant-catering","status":"publish","type":"product","link":"https:\/\/nexgendecors.com\/es\/product\/wholesale-long-sleeve-large-size-chef-uniform-canteen-barbecue-shop-kitchen-restaurant-catering\/","title":{"rendered":"Venta al por mayor de uniformes de chef de manga larga y talla grande para cantinas, barbacoas, cocinas, restaurantes y catering."},"content":{"rendered":"<ul>\n<li><strong>Usar : <\/strong> Restaurante y bar<\/li>\n<li><strong>Tipo de art\u00edculo: <\/strong> Tops<\/li>\n<li><strong>Tipo de tela: <\/strong> algod\u00f3n<\/li>\n<li><strong>Plazo de entrega del pedido de muestra de 7 d\u00edas: <\/strong> Apoyo<\/li>\n<li><strong>Tipo de suministro: <\/strong> Servicio OEM<\/li>\n<li><strong>Material : <\/strong> poli\u00e9ster \/ algod\u00f3n<\/li>\n<li><strong>G\u00e9nero : <\/strong> Unisexo<\/li>\n<li><strong>Tipo de uniforme: <\/strong> uniforme de trabajo<\/li>\n<li><strong>Lugar de origen: <\/strong> Porcelana<\/li>\n<li><strong>N\u00famero de modelo : <\/strong> DZS01<\/li>\n<li><strong>Color : <\/strong> blanco, negro, gris, rojo, azul<\/li>\n<li><strong>Palabras clave: <\/strong> Uniforme de chef de restaurante de hotel<\/li>\n<li><strong>Logotipo : <\/strong> Aceptar logotipo personalizado<\/li>\n<li><strong>Tama\u00f1o : <\/strong> M-4Xl<\/li>\n<li><strong>Tela : <\/strong> algod\u00f3n<\/li>\n<li><strong>Manga : <\/strong> Largo<\/li>\n<li><strong>Sexo : <\/strong> Sin sexo<\/li>\n<li><strong>Tipo de producto : <\/strong> uniforme<\/li>\n<\/ul>","protected":false},"excerpt":{"rendered":"<p>Uso: Restaurante y bar Tipo de art\u00edculo: Tops Tipo de tela: algod\u00f3n Tiempo de entrega del pedido de muestra de 7 d\u00edas:<\/p>","protected":false},"featured_media":182348,"comment_status":"open","ping_status":"closed","template":"","meta":[],"product_brand":[],"product_cat":[30968],"product_tag":[],"class_list":{"0":"post-182349","1":"product","2":"type-product","3":"status-publish","4":"has-post-thumbnail","6":"product_cat-housekeeping-uniforms-aprons","8":"first","9":"instock","10":"taxable","11":"shipping-taxable","12":"purchasable","13":"product-type-variable"},"_links":{"self":[{"href":"https:\/\/nexgendecors.com\/es\/wp-json\/wp\/v2\/product\/182349","targetHints":{"allow":["GET"]}}],"collection":[{"href":"https:\/\/nexgendecors.com\/es\/wp-json\/wp\/v2\/product"}],"about":[{"href":"https:\/\/nexgendecors.com\/es\/wp-json\/wp\/v2\/types\/product"}],"replies":[{"embeddable":true,"href":"https:\/\/nexgendecors.com\/es\/wp-json\/wp\/v2\/comments?post=182349"}],"version-history":[{"count":0,"href":"https:\/\/nexgendecors.com\/es\/wp-json\/wp\/v2\/product\/182349\/revisions"}],"wp:featuredmedia":[{"embeddable":true,"href":"https:\/\/nexgendecors.com\/es\/wp-json\/wp\/v2\/media\/182348"}],"wp:attachment":[{"href":"https:\/\/nexgendecors.com\/es\/wp-json\/wp\/v2\/media?parent=182349"}],"wp:term":[{"taxonomy":"product_brand","embeddable":true,"href":"https:\/\/nexgendecors.com\/es\/wp-json\/wp\/v2\/product_brand?post=182349"},{"taxonomy":"product_cat","embeddable":true,"href":"https:\/\/nexgendecors.com\/es\/wp-json\/wp\/v2\/product_cat?post=182349"},{"taxonomy":"product_tag","embeddable":true,"href":"https:\/\/nexgendecors.com\/es\/wp-json\/wp\/v2\/product_tag?post=182349"}],"curies":[{"name":"wp","href":"https:\/\/api.w.org\/{rel}","templated":true}]}}