{"id":182682,"date":"2025-02-28T15:53:51","date_gmt":"2025-02-28T15:53:51","guid":{"rendered":"https:\/\/nexgendecors.com\/en\/product\/custom-logo-women-waistcoat-vest-formal-aviation-airline-hostess-uniform-fashion-airline-stewardess-uniform\/"},"modified":"2025-04-06T11:38:04","modified_gmt":"2025-04-06T11:38:04","slug":"custom-logo-women-waistcoat-vest-formal-aviation-airline-hostess-uniform-fashion-airline-stewardess-uniform","status":"publish","type":"product","link":"https:\/\/nexgendecors.com\/es\/product\/custom-logo-women-waistcoat-vest-formal-aviation-airline-hostess-uniform-fashion-airline-stewardess-uniform\/","title":{"rendered":"Chaleco de mujer con logotipo personalizado, uniforme formal de azafata de aerol\u00ednea de moda."},"content":{"rendered":"<ul>\n<li><strong>Tipo de producto : <\/strong> uniforme<\/li>\n<li><strong>Usar : <\/strong> Aerol\u00ednea<\/li>\n<li><strong>Plazo de entrega del pedido de muestra de 7 d\u00edas: <\/strong> Apoyo<\/li>\n<li><strong>Detecci\u00f3n de agujas: <\/strong> S\u00ed<\/li>\n<li><strong>Tipo de suministro: <\/strong> Art\u00edculos en stock<\/li>\n<li><strong>Material : <\/strong> Nailon \/ Algod\u00f3n<\/li>\n<li><strong>G\u00e9nero : <\/strong> Mujer<\/li>\n<li><strong>Tipo de uniforme: <\/strong> AZAFATA<\/li>\n<li><strong>Lugar de origen: <\/strong> Shangh\u00e1i, China<\/li>\n<li><strong>Nombre de la marca: <\/strong> Toque saludable<\/li>\n<li><strong>N\u00famero de modelo : <\/strong> M106<\/li>\n<li><strong>Cantidad disponible: <\/strong> 10000<\/li>\n<li><strong>Dise\u00f1o : <\/strong> Stewardess Aviation Uniform<\/li>\n<li><strong>Nombre del producto : <\/strong> Traje de uniforme de aerol\u00ednea<\/li>\n<li><strong>Color : <\/strong> red blue black<\/li>\n<li><strong>Palabras clave del producto: <\/strong> Chaleco de uniforme de aviaci\u00f3n<\/li>\n<li><strong>Logotipo : <\/strong> custom logo<\/li>\n<li><strong>Uso: <\/strong> Ropa de azafata de aerol\u00ednea<\/li>\n<li><strong>Tama\u00f1o : <\/strong> Tama\u00f1o europeo americano asi\u00e1tico<\/li>\n<li><strong>Caracter\u00edstica : <\/strong> Uniforme de azafata con logotipo personalizado<\/li>\n<li><strong>Estilo : <\/strong> fashion<\/li>\n<li><strong>Tela : <\/strong> 65%poli\u00e9ster\/35%ald\u00f3n<\/li>\n<\/ul>","protected":false},"excerpt":{"rendered":"<p>Tipo de producto : Uniforme Uso : Aerol\u00ednea 7 d\u00edas de plazo de pedido de muestras : Soporte Detecci\u00f3n de agujas : S\u00ed Suministro<\/p>","protected":false},"featured_media":182680,"comment_status":"open","ping_status":"closed","template":"","meta":[],"product_brand":[],"product_cat":[30968],"product_tag":[],"class_list":{"0":"post-182682","1":"product","2":"type-product","3":"status-publish","4":"has-post-thumbnail","6":"product_cat-housekeeping-uniforms-aprons","8":"first","9":"instock","10":"taxable","11":"shipping-taxable","12":"purchasable","13":"product-type-variable"},"_links":{"self":[{"href":"https:\/\/nexgendecors.com\/es\/wp-json\/wp\/v2\/product\/182682","targetHints":{"allow":["GET"]}}],"collection":[{"href":"https:\/\/nexgendecors.com\/es\/wp-json\/wp\/v2\/product"}],"about":[{"href":"https:\/\/nexgendecors.com\/es\/wp-json\/wp\/v2\/types\/product"}],"replies":[{"embeddable":true,"href":"https:\/\/nexgendecors.com\/es\/wp-json\/wp\/v2\/comments?post=182682"}],"version-history":[{"count":0,"href":"https:\/\/nexgendecors.com\/es\/wp-json\/wp\/v2\/product\/182682\/revisions"}],"wp:featuredmedia":[{"embeddable":true,"href":"https:\/\/nexgendecors.com\/es\/wp-json\/wp\/v2\/media\/182680"}],"wp:attachment":[{"href":"https:\/\/nexgendecors.com\/es\/wp-json\/wp\/v2\/media?parent=182682"}],"wp:term":[{"taxonomy":"product_brand","embeddable":true,"href":"https:\/\/nexgendecors.com\/es\/wp-json\/wp\/v2\/product_brand?post=182682"},{"taxonomy":"product_cat","embeddable":true,"href":"https:\/\/nexgendecors.com\/es\/wp-json\/wp\/v2\/product_cat?post=182682"},{"taxonomy":"product_tag","embeddable":true,"href":"https:\/\/nexgendecors.com\/es\/wp-json\/wp\/v2\/product_tag?post=182682"}],"curies":[{"name":"wp","href":"https:\/\/api.w.org\/{rel}","templated":true}]}}