{"id":182720,"date":"2025-02-28T15:54:21","date_gmt":"2025-02-28T15:54:21","guid":{"rendered":"https:\/\/nexgendecors.com\/en\/product\/fashion-stewardess-hat-women-formal-vest-pant-skirt-japanese-style-aviation-waistcoat-stewardess-airline-stewardess-uniform\/"},"modified":"2025-04-06T11:38:15","modified_gmt":"2025-04-06T11:38:15","slug":"fashion-stewardess-hat-women-formal-vest-pant-skirt-japanese-style-aviation-waistcoat-stewardess-airline-stewardess-uniform","status":"publish","type":"product","link":"https:\/\/nexgendecors.com\/es\/product\/fashion-stewardess-hat-women-formal-vest-pant-skirt-japanese-style-aviation-waistcoat-stewardess-airline-stewardess-uniform\/","title":{"rendered":"Fashion Stewardess Hat Women Formal Vest Pant Skirt Japanese Style Aviation Waistcoat Stewardess Airline Stewardess Uniform"},"content":{"rendered":"<ul>\n<li><strong>Tipo de producto : <\/strong> uniforme<\/li>\n<li><strong>Usar : <\/strong> Aerol\u00ednea<\/li>\n<li><strong>Plazo de entrega del pedido de muestra de 7 d\u00edas: <\/strong> Apoyo<\/li>\n<li><strong>Detecci\u00f3n de agujas: <\/strong> S\u00ed<\/li>\n<li><strong>Tipo de suministro: <\/strong> Art\u00edculos en stock<\/li>\n<li><strong>Material : <\/strong> Nailon \/ Algod\u00f3n<\/li>\n<li><strong>G\u00e9nero : <\/strong> Mujer<\/li>\n<li><strong>Tipo de uniforme: <\/strong> AZAFATA<\/li>\n<li><strong>Lugar de origen: <\/strong> Shangh\u00e1i, China<\/li>\n<li><strong>Nombre de la marca: <\/strong> Toque saludable<\/li>\n<li><strong>N\u00famero de modelo : <\/strong> M108<\/li>\n<li><strong>Cantidad disponible: <\/strong> 10000<\/li>\n<li><strong>Dise\u00f1o : <\/strong> Stewardess Aviation Uniform<\/li>\n<li><strong>Nombre del producto : <\/strong> Traje de uniforme de aerol\u00ednea<\/li>\n<li><strong>Color : <\/strong> red blue black<\/li>\n<li><strong>Palabras clave del producto: <\/strong> Chaleco de uniforme de aviaci\u00f3n<\/li>\n<li><strong>Logotipo : <\/strong> custom logo<\/li>\n<li><strong>Uso: <\/strong> Ropa de azafata de aerol\u00ednea<\/li>\n<li><strong>Tama\u00f1o : <\/strong> Tama\u00f1o europeo americano asi\u00e1tico<\/li>\n<li><strong>Caracter\u00edstica : <\/strong> Uniforme de azafata con logotipo personalizado<\/li>\n<li><strong>Estilo : <\/strong> fashion<\/li>\n<li><strong>Tela : <\/strong> 65%poli\u00e9ster\/35%ald\u00f3n<\/li>\n<\/ul>","protected":false},"excerpt":{"rendered":"<p>Tipo de producto : Uniforme Uso : Aerol\u00ednea 7 d\u00edas de plazo de pedido de muestras : Soporte Detecci\u00f3n de agujas : S\u00ed Suministro<\/p>","protected":false},"featured_media":182719,"comment_status":"open","ping_status":"closed","template":"","meta":[],"product_brand":[],"product_cat":[30949,30850],"product_tag":[],"class_list":{"0":"post-182720","1":"product","2":"type-product","3":"status-publish","4":"has-post-thumbnail","6":"product_cat-hotel-supplies","7":"product_cat-wholesale-furniture","9":"first","10":"instock","11":"taxable","12":"shipping-taxable","13":"purchasable","14":"product-type-variable"},"_links":{"self":[{"href":"https:\/\/nexgendecors.com\/es\/wp-json\/wp\/v2\/product\/182720","targetHints":{"allow":["GET"]}}],"collection":[{"href":"https:\/\/nexgendecors.com\/es\/wp-json\/wp\/v2\/product"}],"about":[{"href":"https:\/\/nexgendecors.com\/es\/wp-json\/wp\/v2\/types\/product"}],"replies":[{"embeddable":true,"href":"https:\/\/nexgendecors.com\/es\/wp-json\/wp\/v2\/comments?post=182720"}],"version-history":[{"count":0,"href":"https:\/\/nexgendecors.com\/es\/wp-json\/wp\/v2\/product\/182720\/revisions"}],"wp:featuredmedia":[{"embeddable":true,"href":"https:\/\/nexgendecors.com\/es\/wp-json\/wp\/v2\/media\/182719"}],"wp:attachment":[{"href":"https:\/\/nexgendecors.com\/es\/wp-json\/wp\/v2\/media?parent=182720"}],"wp:term":[{"taxonomy":"product_brand","embeddable":true,"href":"https:\/\/nexgendecors.com\/es\/wp-json\/wp\/v2\/product_brand?post=182720"},{"taxonomy":"product_cat","embeddable":true,"href":"https:\/\/nexgendecors.com\/es\/wp-json\/wp\/v2\/product_cat?post=182720"},{"taxonomy":"product_tag","embeddable":true,"href":"https:\/\/nexgendecors.com\/es\/wp-json\/wp\/v2\/product_tag?post=182720"}],"curies":[{"name":"wp","href":"https:\/\/api.w.org\/{rel}","templated":true}]}}