{"id":182750,"date":"2025-02-28T15:54:41","date_gmt":"2025-02-28T15:54:41","guid":{"rendered":"https:\/\/nexgendecors.com\/en\/product\/good-quality-custom-logo-women-vest-pant-skirt-style-stewardess-flight-attendant-uniform-with-hats-flight-attendants-uniform\/"},"modified":"2025-04-06T11:38:25","modified_gmt":"2025-04-06T11:38:25","slug":"good-quality-custom-logo-women-vest-pant-skirt-style-stewardess-flight-attendant-uniform-with-hats-flight-attendants-uniform","status":"publish","type":"product","link":"https:\/\/nexgendecors.com\/es\/product\/good-quality-custom-logo-women-vest-pant-skirt-style-stewardess-flight-attendant-uniform-with-hats-flight-attendants-uniform\/","title":{"rendered":"Uniforme de azafata con logotipo personalizado de buena calidad para mujer, con chaleco, pantal\u00f3n y falda, y sombreros."},"content":{"rendered":"<ul>\n<li><strong>Tipo de producto : <\/strong> uniform, Airline Uniform Sweater Cardigan<\/li>\n<li><strong>Usar : <\/strong> Aerol\u00ednea<\/li>\n<li><strong>Plazo de entrega del pedido de muestra de 7 d\u00edas: <\/strong> Apoyo<\/li>\n<li><strong>Detecci\u00f3n de agujas: <\/strong> S\u00ed<\/li>\n<li><strong>Tipo de suministro: <\/strong> Art\u00edculos en stock<\/li>\n<li><strong>Material : <\/strong> Nailon \/ Algod\u00f3n<\/li>\n<li><strong>G\u00e9nero : <\/strong> Mujer<\/li>\n<li><strong>Tipo de uniforme: <\/strong> AZAFATA<\/li>\n<li><strong>Lugar de origen: <\/strong> Shangh\u00e1i, China<\/li>\n<li><strong>Nombre de la marca: <\/strong> Toque saludable<\/li>\n<li><strong>N\u00famero de modelo : <\/strong> M109<\/li>\n<li><strong>Cantidad disponible: <\/strong> 10000<\/li>\n<li><strong>Cantidad m\u00ednima de pedido: <\/strong> 1PCS<\/li>\n<li><strong>Color : <\/strong> Solicitud del cliente<\/li>\n<li><strong>Nombre del producto : <\/strong> Women Custom Airline Coat Uniform<\/li>\n<li><strong>Logotipo : <\/strong> Accept Customer Logo Stewardess Uniform<\/li>\n<li><strong>Tama\u00f1o : <\/strong> Custom Sizes<\/li>\n<li><strong>Estilo : <\/strong> Stylestewardess Uniform<\/li>\n<li><strong>Uso: <\/strong> Ropa de azafata de aerol\u00ednea<\/li>\n<li><strong>Tela : <\/strong> poli\u00e9ster algod\u00f3n<\/li>\n<li><strong>Dise\u00f1o : <\/strong> Stewardess Aviation Uniform<\/li>\n<\/ul>","protected":false},"excerpt":{"rendered":"<p>Tipo de producto: uniforme, su\u00e9ter tipo c\u00e1rdigan de uniforme de aerol\u00ednea Uso: aerol\u00ednea Plazo de entrega del pedido de muestra de 7 d\u00edas: Aguja de soporte<\/p>","protected":false},"featured_media":182772,"comment_status":"open","ping_status":"closed","template":"","meta":[],"product_brand":[],"product_cat":[30968],"product_tag":[],"class_list":{"0":"post-182750","1":"product","2":"type-product","3":"status-publish","4":"has-post-thumbnail","6":"product_cat-housekeeping-uniforms-aprons","8":"first","9":"instock","10":"taxable","11":"shipping-taxable","12":"purchasable","13":"product-type-variable"},"_links":{"self":[{"href":"https:\/\/nexgendecors.com\/es\/wp-json\/wp\/v2\/product\/182750","targetHints":{"allow":["GET"]}}],"collection":[{"href":"https:\/\/nexgendecors.com\/es\/wp-json\/wp\/v2\/product"}],"about":[{"href":"https:\/\/nexgendecors.com\/es\/wp-json\/wp\/v2\/types\/product"}],"replies":[{"embeddable":true,"href":"https:\/\/nexgendecors.com\/es\/wp-json\/wp\/v2\/comments?post=182750"}],"version-history":[{"count":0,"href":"https:\/\/nexgendecors.com\/es\/wp-json\/wp\/v2\/product\/182750\/revisions"}],"wp:featuredmedia":[{"embeddable":true,"href":"https:\/\/nexgendecors.com\/es\/wp-json\/wp\/v2\/media\/182772"}],"wp:attachment":[{"href":"https:\/\/nexgendecors.com\/es\/wp-json\/wp\/v2\/media?parent=182750"}],"wp:term":[{"taxonomy":"product_brand","embeddable":true,"href":"https:\/\/nexgendecors.com\/es\/wp-json\/wp\/v2\/product_brand?post=182750"},{"taxonomy":"product_cat","embeddable":true,"href":"https:\/\/nexgendecors.com\/es\/wp-json\/wp\/v2\/product_cat?post=182750"},{"taxonomy":"product_tag","embeddable":true,"href":"https:\/\/nexgendecors.com\/es\/wp-json\/wp\/v2\/product_tag?post=182750"}],"curies":[{"name":"wp","href":"https:\/\/api.w.org\/{rel}","templated":true}]}}