{"id":182931,"date":"2025-03-01T09:09:36","date_gmt":"2025-03-01T09:09:36","guid":{"rendered":"https:\/\/nexgendecors.com\/en\/product\/grey-jacket-with-black-trim-65-polyester-35-cotton-short-sleeve-summer-chef-jacket\/"},"modified":"2025-04-12T14:25:03","modified_gmt":"2025-04-12T14:25:03","slug":"grey-jacket-with-black-trim-65-polyester-35-cotton-short-sleeve-summer-chef-jacket","status":"publish","type":"product","link":"https:\/\/nexgendecors.com\/es\/product\/grey-jacket-with-black-trim-65-polyester-35-cotton-short-sleeve-summer-chef-jacket\/","title":{"rendered":"Chaqueta de chef de verano de manga corta, color gris, con ribete negro, poli\u00e9ster 65% y algod\u00f3n 35%."},"content":{"rendered":"<ul>\n<li><strong>M\u00e9todos de impresi\u00f3n: <\/strong> Ninguno<\/li>\n<li><strong>Usar : <\/strong> Restaurant &amp; Bar, Restaurant&amp;bar uniform<\/li>\n<li><strong>Tipo de art\u00edculo: <\/strong> Chaquetas de chef<\/li>\n<li><strong>Tipo de tela: <\/strong> polyester\/cotton<\/li>\n<li><strong>Plazo de entrega del pedido de muestra de 7 d\u00edas: <\/strong> Apoyo<\/li>\n<li><strong>Tipo de suministro: <\/strong> Servicio OEM<\/li>\n<li><strong>Material : <\/strong> polyester\/cotton, 100%cotton or polyester\/cotton white black chef uniform<\/li>\n<li><strong>G\u00e9nero : <\/strong> Men<\/li>\n<li><strong>Tipo de uniforme: <\/strong> Uniforme de chef<\/li>\n<li><strong>Lugar de origen: <\/strong> Shangh\u00e1i, China<\/li>\n<li><strong>Nombre de la marca: <\/strong> Custom brand Grey chef jacket, Custom brand Grey chef jacket<\/li>\n<li><strong>N\u00famero de modelo : <\/strong> ZX632 chef jacket<\/li>\n<li><strong>Tipo de producto : <\/strong> uniform Grey chef jacket<\/li>\n<li><strong>Tama\u00f1o : <\/strong> XS-5XLGrey chef jacket<\/li>\n<li><strong>Logotipo : <\/strong> applique ,embroiderey ,print uniform Restaurant<\/li>\n<li><strong>Bot\u00f3n : <\/strong> plastic ,nylon or other for basic style chef coat<\/li>\n<\/ul>","protected":false},"excerpt":{"rendered":"<p>M\u00e9todos de impresi\u00f3n: Ninguno Uso: Restaurante y bar, uniforme de restaurante y bar Tipo de art\u00edculo: Chaquetas de chef Tipo de tela: poli\u00e9ster\/algod\u00f3n<\/p>","protected":false},"featured_media":182930,"comment_status":"open","ping_status":"closed","template":"","meta":[],"product_brand":[],"product_cat":[30968],"product_tag":[],"class_list":{"0":"post-182931","1":"product","2":"type-product","3":"status-publish","4":"has-post-thumbnail","6":"product_cat-housekeeping-uniforms-aprons","8":"first","9":"instock","10":"taxable","11":"shipping-taxable","12":"purchasable","13":"product-type-variable"},"_links":{"self":[{"href":"https:\/\/nexgendecors.com\/es\/wp-json\/wp\/v2\/product\/182931","targetHints":{"allow":["GET"]}}],"collection":[{"href":"https:\/\/nexgendecors.com\/es\/wp-json\/wp\/v2\/product"}],"about":[{"href":"https:\/\/nexgendecors.com\/es\/wp-json\/wp\/v2\/types\/product"}],"replies":[{"embeddable":true,"href":"https:\/\/nexgendecors.com\/es\/wp-json\/wp\/v2\/comments?post=182931"}],"version-history":[{"count":0,"href":"https:\/\/nexgendecors.com\/es\/wp-json\/wp\/v2\/product\/182931\/revisions"}],"wp:featuredmedia":[{"embeddable":true,"href":"https:\/\/nexgendecors.com\/es\/wp-json\/wp\/v2\/media\/182930"}],"wp:attachment":[{"href":"https:\/\/nexgendecors.com\/es\/wp-json\/wp\/v2\/media?parent=182931"}],"wp:term":[{"taxonomy":"product_brand","embeddable":true,"href":"https:\/\/nexgendecors.com\/es\/wp-json\/wp\/v2\/product_brand?post=182931"},{"taxonomy":"product_cat","embeddable":true,"href":"https:\/\/nexgendecors.com\/es\/wp-json\/wp\/v2\/product_cat?post=182931"},{"taxonomy":"product_tag","embeddable":true,"href":"https:\/\/nexgendecors.com\/es\/wp-json\/wp\/v2\/product_tag?post=182931"}],"curies":[{"name":"wp","href":"https:\/\/api.w.org\/{rel}","templated":true}]}}