{"id":183065,"date":"2025-03-01T09:11:26","date_gmt":"2025-03-01T09:11:26","guid":{"rendered":"https:\/\/nexgendecors.com\/en\/product\/hot-selling-high-quality-chef-jacket-short-sleeve-chef-coat-soft-and-comfortable-hotel-uniforms-for-restaurant-and-bar\/"},"modified":"2025-04-12T14:24:42","modified_gmt":"2025-04-12T14:24:42","slug":"chaqueta-de-chef-de-manga-corta-de-alta-calidad-muy-vendida-uniformes-de-hotel-suaves-y-comodos-para-restaurantes-y-bares","status":"publish","type":"product","link":"https:\/\/nexgendecors.com\/es\/product\/chaqueta-de-chef-de-manga-corta-de-alta-calidad-muy-vendida-uniformes-de-hotel-suaves-y-comodos-para-restaurantes-y-bares\/","title":{"rendered":"Chaqueta de chef de manga corta de alta calidad, muy vendida, uniformes de hotel suaves y c\u00f3modos para restaurantes y bares."},"content":{"rendered":"<ul>\n<li><strong>Lugar de origen: <\/strong> Shangh\u00e1i, China<\/li>\n<li><strong>Nombre de la marca: <\/strong> Chaqueta de chef para adultos OEM<\/li>\n<li><strong>N\u00famero de modelo : <\/strong> Uniformes de hotel modernos ZX9353<\/li>\n<li><strong>Grupo de edad: <\/strong> Adultos<\/li>\n<li><strong>Tipo de suministro: <\/strong> Servicio OEM<\/li>\n<li><strong>G\u00e9nero : <\/strong> Uniformes de cocina unisex<\/li>\n<li><strong>Material : <\/strong> Algod\u00f3n, poli\u00e9ster, algod\u00f3n\/poli\u00e9ster<\/li>\n<li><strong>Plazo de entrega del pedido de muestra de 7 d\u00edas: <\/strong> Apoyo<\/li>\n<li><strong>Tipo de producto : <\/strong> uniformes de hotel modernos<\/li>\n<li><strong>Estaci\u00f3n : <\/strong> Chaqueta de chef para adultos para todas las estaciones<\/li>\n<li><strong>Nombre del producto : <\/strong> Uniforme de guardia de seguridad personalizado<\/li>\n<li><strong>Palabras clave: <\/strong> Uniforme de trabajo mec\u00e1nico de manga corta<\/li>\n<li><strong>Tama\u00f1o : <\/strong> Chaqueta de chef para adultos, talla XS-5XL<\/li>\n<li><strong>Color : <\/strong> Uniforme de chef de cualquier color en venta<\/li>\n<li><strong>Logotipo : <\/strong> Camisa resistente al fuego con logotipo estampado o bordado<\/li>\n<li><strong>Dise\u00f1o : <\/strong> Uniformes de hotel modernos personalizados<\/li>\n<li><strong>Usar : <\/strong> Uniformes de hotel modernos al por mayor<\/li>\n<\/ul>","protected":false},"excerpt":{"rendered":"<p>Lugar de origen: Shangh\u00e1i, China Nombre de la marca: Chaqueta de chef para adultos OEM N\u00famero de modelo: ZX9353 uniformes de hotel modernos<\/p>","protected":false},"featured_media":183064,"comment_status":"open","ping_status":"closed","template":"","meta":[],"product_brand":[],"product_cat":[30968],"product_tag":[],"class_list":{"0":"post-183065","1":"product","2":"type-product","3":"status-publish","4":"has-post-thumbnail","6":"product_cat-housekeeping-uniforms-aprons","8":"first","9":"instock","10":"taxable","11":"shipping-taxable","12":"purchasable","13":"product-type-variable"},"_links":{"self":[{"href":"https:\/\/nexgendecors.com\/es\/wp-json\/wp\/v2\/product\/183065","targetHints":{"allow":["GET"]}}],"collection":[{"href":"https:\/\/nexgendecors.com\/es\/wp-json\/wp\/v2\/product"}],"about":[{"href":"https:\/\/nexgendecors.com\/es\/wp-json\/wp\/v2\/types\/product"}],"replies":[{"embeddable":true,"href":"https:\/\/nexgendecors.com\/es\/wp-json\/wp\/v2\/comments?post=183065"}],"version-history":[{"count":0,"href":"https:\/\/nexgendecors.com\/es\/wp-json\/wp\/v2\/product\/183065\/revisions"}],"wp:featuredmedia":[{"embeddable":true,"href":"https:\/\/nexgendecors.com\/es\/wp-json\/wp\/v2\/media\/183064"}],"wp:attachment":[{"href":"https:\/\/nexgendecors.com\/es\/wp-json\/wp\/v2\/media?parent=183065"}],"wp:term":[{"taxonomy":"product_brand","embeddable":true,"href":"https:\/\/nexgendecors.com\/es\/wp-json\/wp\/v2\/product_brand?post=183065"},{"taxonomy":"product_cat","embeddable":true,"href":"https:\/\/nexgendecors.com\/es\/wp-json\/wp\/v2\/product_cat?post=183065"},{"taxonomy":"product_tag","embeddable":true,"href":"https:\/\/nexgendecors.com\/es\/wp-json\/wp\/v2\/product_tag?post=183065"}],"curies":[{"name":"wp","href":"https:\/\/api.w.org\/{rel}","templated":true}]}}