{"id":183145,"date":"2025-03-01T09:14:47","date_gmt":"2025-03-01T09:14:47","guid":{"rendered":"https:\/\/nexgendecors.com\/en\/product\/custom-chef-uniform-jacket-design-male-female-chef-uniform-coat-for-restaurants-kitchen\/"},"modified":"2025-04-12T14:30:33","modified_gmt":"2025-04-12T14:30:33","slug":"custom-chef-uniform-jacket-design-male-female-chef-uniform-coat-for-restaurants-kitchen","status":"publish","type":"product","link":"https:\/\/nexgendecors.com\/es\/product\/custom-chef-uniform-jacket-design-male-female-chef-uniform-coat-for-restaurants-kitchen\/","title":{"rendered":"Chaqueta de uniforme de chef personalizada, dise\u00f1o masculino y femenino, para restaurantes y cocinas."},"content":{"rendered":"<ul>\n<li><strong>M\u00e9todos de impresi\u00f3n: <\/strong> Embossed, Digital Print, Silk screen printing, Digital printing, Foil print, Puff Printing, Glitter Print, Sublimation transfer print, Ready-made apparel direct digital printing<\/li>\n<li><strong>Usar : <\/strong> Restaurant &amp; Bar, Restaurant Restaurant Kitchen apron<\/li>\n<li><strong>Tipo de art\u00edculo: <\/strong> Chaquetas de chef<\/li>\n<li><strong>Tipo de tela: <\/strong> polyester\/cotton<\/li>\n<li><strong>Plazo de entrega del pedido de muestra de 7 d\u00edas: <\/strong> Apoyo<\/li>\n<li><strong>Tipo de suministro: <\/strong> Servicio OEM<\/li>\n<li><strong>Material : <\/strong> polyester\/cotton, 100%cotton or polyester\/cotton white black chef uniform<\/li>\n<li><strong>G\u00e9nero : <\/strong> Men<\/li>\n<li><strong>Tipo de uniforme: <\/strong> Chefs Uniform, chef coat white black chef uniform<\/li>\n<li><strong>Lugar de origen: <\/strong> Shangh\u00e1i, China<\/li>\n<li><strong>Nombre de la marca: <\/strong> Custom brand Restaurants Chef Uniform, Custom brand chef coat Short Sleeves<\/li>\n<li><strong>N\u00famero de modelo : <\/strong> ZX6765 Restaurant Kitchen apron<\/li>\n<li><strong>Tipo de producto : <\/strong> Restaurants Chef Uniform, uniform<\/li>\n<li><strong>Tama\u00f1o : <\/strong> XS-5XL white black chef uniform<\/li>\n<li><strong>Color : <\/strong> M\u00e1s de 10 colores seg\u00fan sus requisitos<\/li>\n<li><strong>Tiempo de muestra: <\/strong> 7 days for  chef coat Short Sleeves<\/li>\n<li><strong>Logotipo : <\/strong> applique ,embroiderey ,print uniform Restaurant<\/li>\n<li><strong>Bot\u00f3n : <\/strong> Restaurant Restaurants Chef Uniform<\/li>\n<\/ul>","protected":false},"excerpt":{"rendered":"<p>M\u00e9todos de impresi\u00f3n: Relieve, Impresi\u00f3n digital, Serigraf\u00eda, Impresi\u00f3n digital, Impresi\u00f3n en relieve, Impresi\u00f3n con hojaldre, Impresi\u00f3n con brillantina, Impresi\u00f3n por transferencia por sublimaci\u00f3n,<\/p>","protected":false},"featured_media":183144,"comment_status":"open","ping_status":"closed","template":"","meta":[],"product_brand":[],"product_cat":[30968],"product_tag":[],"class_list":{"0":"post-183145","1":"product","2":"type-product","3":"status-publish","4":"has-post-thumbnail","6":"product_cat-housekeeping-uniforms-aprons","8":"first","9":"instock","10":"taxable","11":"shipping-taxable","12":"purchasable","13":"product-type-variable"},"_links":{"self":[{"href":"https:\/\/nexgendecors.com\/es\/wp-json\/wp\/v2\/product\/183145","targetHints":{"allow":["GET"]}}],"collection":[{"href":"https:\/\/nexgendecors.com\/es\/wp-json\/wp\/v2\/product"}],"about":[{"href":"https:\/\/nexgendecors.com\/es\/wp-json\/wp\/v2\/types\/product"}],"replies":[{"embeddable":true,"href":"https:\/\/nexgendecors.com\/es\/wp-json\/wp\/v2\/comments?post=183145"}],"version-history":[{"count":0,"href":"https:\/\/nexgendecors.com\/es\/wp-json\/wp\/v2\/product\/183145\/revisions"}],"wp:featuredmedia":[{"embeddable":true,"href":"https:\/\/nexgendecors.com\/es\/wp-json\/wp\/v2\/media\/183144"}],"wp:attachment":[{"href":"https:\/\/nexgendecors.com\/es\/wp-json\/wp\/v2\/media?parent=183145"}],"wp:term":[{"taxonomy":"product_brand","embeddable":true,"href":"https:\/\/nexgendecors.com\/es\/wp-json\/wp\/v2\/product_brand?post=183145"},{"taxonomy":"product_cat","embeddable":true,"href":"https:\/\/nexgendecors.com\/es\/wp-json\/wp\/v2\/product_cat?post=183145"},{"taxonomy":"product_tag","embeddable":true,"href":"https:\/\/nexgendecors.com\/es\/wp-json\/wp\/v2\/product_tag?post=183145"}],"curies":[{"name":"wp","href":"https:\/\/api.w.org\/{rel}","templated":true}]}}