{"id":183243,"date":"2025-03-01T09:18:58","date_gmt":"2025-03-01T09:18:58","guid":{"rendered":"https:\/\/nexgendecors.com\/en\/product\/womens-stand-neck-short-sleeve-top-and-multi-pocket-straight-pants-sets-comfortable-medical-scrubs\/"},"modified":"2025-04-12T14:30:13","modified_gmt":"2025-04-12T14:30:13","slug":"womens-stand-neck-short-sleeve-top-and-multi-pocket-straight-pants-sets-comfortable-medical-scrubs","status":"publish","type":"product","link":"https:\/\/nexgendecors.com\/es\/product\/womens-stand-neck-short-sleeve-top-and-multi-pocket-straight-pants-sets-comfortable-medical-scrubs\/","title":{"rendered":"Conjuntos de uniformes m\u00e9dicos c\u00f3modos para mujer con camiseta de manga corta con cuello alto y pantal\u00f3n recto multibolsillos"},"content":{"rendered":"<ul>\n<li><strong>Usar : <\/strong> Hospital<\/li>\n<li><strong>Tipo de tela: <\/strong> TELA ASARGADA<\/li>\n<li><strong>Plazo de entrega del pedido de muestra de 7 d\u00edas: <\/strong> Apoyo<\/li>\n<li><strong>Seamless Fusing : <\/strong> S\u00ed<\/li>\n<li><strong>Tipo de suministro: <\/strong> Servicio OEM<\/li>\n<li><strong>Material : <\/strong> poli\u00e9ster \/ algod\u00f3n<\/li>\n<li><strong>G\u00e9nero : <\/strong> Mujer<\/li>\n<li><strong>Tipo de uniforme: <\/strong> Scrub Sets<\/li>\n<li><strong>Lugar de origen: <\/strong> Porcelana<\/li>\n<li><strong>Nombre de la marca: <\/strong> Custom Brand Logo\/Personal Label<\/li>\n<li><strong>N\u00famero de modelo : <\/strong> New Style<\/li>\n<li><strong>Nombre de la producci\u00f3n: <\/strong> Custom Wholesale Hospital Uniform\/Workwear<\/li>\n<li><strong>Logotipo : <\/strong> Embroidery Label<\/li>\n<li><strong>Tops : <\/strong> Shortsleeve Stand-Neck Tshirt<\/li>\n<li><strong>Pants : <\/strong> Straight cargo pants With Drawstring<\/li>\n<li><strong>Palabra clave: <\/strong> Hospital Uniform\/Uniforme de enfermera hospitalaria<\/li>\n<li><strong>Estilo : <\/strong> Casual Sport Suit<\/li>\n<li><strong>Uso: <\/strong> nurses, dental assistants, nursing students, doctors, hospital workers<\/li>\n<li><strong>Use Area : <\/strong> Uniform Workwear For Clinic\/Beauty Salon\/Spa Club\/Pharmacy\/Healthcare<\/li>\n<li><strong>Tipo de producto : <\/strong> uniforme<\/li>\n<li><strong>M\u00e9todos de impresi\u00f3n: <\/strong> Ninguno<\/li>\n<\/ul>","protected":false},"excerpt":{"rendered":"<p>Uso : Hospital Tipo de tejido : TWILL 7 d\u00edas plazo de pedido de muestra : Soporte Fusi\u00f3n sin costuras : S\u00ed Suministro<\/p>","protected":false},"featured_media":183242,"comment_status":"open","ping_status":"closed","template":"","meta":[],"product_brand":[],"product_cat":[30968],"product_tag":[],"class_list":{"0":"post-183243","1":"product","2":"type-product","3":"status-publish","4":"has-post-thumbnail","6":"product_cat-housekeeping-uniforms-aprons","8":"first","9":"instock","10":"taxable","11":"shipping-taxable","12":"purchasable","13":"product-type-variable"},"_links":{"self":[{"href":"https:\/\/nexgendecors.com\/es\/wp-json\/wp\/v2\/product\/183243","targetHints":{"allow":["GET"]}}],"collection":[{"href":"https:\/\/nexgendecors.com\/es\/wp-json\/wp\/v2\/product"}],"about":[{"href":"https:\/\/nexgendecors.com\/es\/wp-json\/wp\/v2\/types\/product"}],"replies":[{"embeddable":true,"href":"https:\/\/nexgendecors.com\/es\/wp-json\/wp\/v2\/comments?post=183243"}],"version-history":[{"count":0,"href":"https:\/\/nexgendecors.com\/es\/wp-json\/wp\/v2\/product\/183243\/revisions"}],"wp:featuredmedia":[{"embeddable":true,"href":"https:\/\/nexgendecors.com\/es\/wp-json\/wp\/v2\/media\/183242"}],"wp:attachment":[{"href":"https:\/\/nexgendecors.com\/es\/wp-json\/wp\/v2\/media?parent=183243"}],"wp:term":[{"taxonomy":"product_brand","embeddable":true,"href":"https:\/\/nexgendecors.com\/es\/wp-json\/wp\/v2\/product_brand?post=183243"},{"taxonomy":"product_cat","embeddable":true,"href":"https:\/\/nexgendecors.com\/es\/wp-json\/wp\/v2\/product_cat?post=183243"},{"taxonomy":"product_tag","embeddable":true,"href":"https:\/\/nexgendecors.com\/es\/wp-json\/wp\/v2\/product_tag?post=183243"}],"curies":[{"name":"wp","href":"https:\/\/api.w.org\/{rel}","templated":true}]}}