{"id":183351,"date":"2025-03-01T09:19:18","date_gmt":"2025-03-01T09:19:18","guid":{"rendered":"https:\/\/nexgendecors.com\/en\/product\/stylish-slim-fit-nurse-medical-scrub-uniform-sets-stretch-tunic-scrubsuit-hospital-beauty-salon-spa-woman-worksuit-two-piece\/"},"modified":"2025-04-06T11:42:23","modified_gmt":"2025-04-06T11:42:23","slug":"conjunto-de-uniforme-medico-de-enfermera-de-corte-entallado-y-elegante-tunica-elastica-traje-de-hospital-salon-de-belleza-spa-traje-de-trabajo-para-mujer-de-dos-piezas","status":"publish","type":"product","link":"https:\/\/nexgendecors.com\/es\/product\/conjunto-de-uniforme-medico-de-enfermera-de-corte-entallado-y-elegante-tunica-elastica-traje-de-hospital-salon-de-belleza-spa-traje-de-trabajo-para-mujer-de-dos-piezas\/","title":{"rendered":"Elegante Slim Fit Enfermera M\u00e9dico Scrub Uniforme Conjuntos Stretch T\u00fanica Scrubsuit Hospital Sal\u00f3n de Belleza Spa Mujer Worksuit Dos Piezas"},"content":{"rendered":"<ul>\n<li><strong>Usar : <\/strong> Hospital<\/li>\n<li><strong>Tipo de tela: <\/strong> TELA ASARGADA<\/li>\n<li><strong>Plazo de entrega del pedido de muestra de 7 d\u00edas: <\/strong> Apoyo<\/li>\n<li><strong>Tipo de suministro: <\/strong> Servicio OEM<\/li>\n<li><strong>Material : <\/strong> Poli\u00e9ster \/ Algod\u00f3n \/ Spandex \/ Ray\u00f3n<\/li>\n<li><strong>G\u00e9nero : <\/strong> Mujer<\/li>\n<li><strong>Tipo de uniforme: <\/strong> Enfermero<\/li>\n<li><strong>Lugar de origen: <\/strong> Shangh\u00e1i, China<\/li>\n<li><strong>Nombre de la marca: <\/strong> Fabricante de equipos originales (OEM)<\/li>\n<li><strong>N\u00famero de modelo : <\/strong> S-00100<\/li>\n<li><strong>Nombre de la producci\u00f3n: <\/strong> Uniforme de hospital femenino personalizado<\/li>\n<li><strong>Tela : <\/strong> poli\u00e9ster ray\u00f3n spandex<\/li>\n<li><strong>Color : <\/strong> p\u00farpura\/verde cazador\/azul techo\/negro\/rosa\/azul Personalizado<\/li>\n<li><strong>Logotipo : <\/strong> Bordado\/Estampado<\/li>\n<li><strong>Pedido de muestra: <\/strong> Apoyo<\/li>\n<li><strong>Tipo : <\/strong> Camiseta de manga corta o larga con cremallera lateral + pantal\u00f3n jogger cargo<\/li>\n<li><strong>Estilo : <\/strong> Moda moderna, elegante y con estilo.<\/li>\n<li><strong>Uso: <\/strong> Chica alta<\/li>\n<li><strong>Patr\u00f3n : <\/strong> Dise\u00f1o impreso personalizado<\/li>\n<li><strong>Estaci\u00f3n : <\/strong> Primavera Verano<\/li>\n<li><strong>Tipo de producto : <\/strong> uniforme<\/li>\n<\/ul>","protected":false},"excerpt":{"rendered":"<p>Uso : Hospital Tipo de tejido : TWILL 7 d\u00edas plazo de pedido de muestra : Soporte Tipo de suministro : Servicio OEM<\/p>","protected":false},"featured_media":183350,"comment_status":"open","ping_status":"closed","template":"","meta":[],"product_brand":[],"product_cat":[30968],"product_tag":[],"class_list":{"0":"post-183351","1":"product","2":"type-product","3":"status-publish","4":"has-post-thumbnail","6":"product_cat-housekeeping-uniforms-aprons","8":"first","9":"instock","10":"taxable","11":"shipping-taxable","12":"purchasable","13":"product-type-variable"},"_links":{"self":[{"href":"https:\/\/nexgendecors.com\/es\/wp-json\/wp\/v2\/product\/183351","targetHints":{"allow":["GET"]}}],"collection":[{"href":"https:\/\/nexgendecors.com\/es\/wp-json\/wp\/v2\/product"}],"about":[{"href":"https:\/\/nexgendecors.com\/es\/wp-json\/wp\/v2\/types\/product"}],"replies":[{"embeddable":true,"href":"https:\/\/nexgendecors.com\/es\/wp-json\/wp\/v2\/comments?post=183351"}],"version-history":[{"count":0,"href":"https:\/\/nexgendecors.com\/es\/wp-json\/wp\/v2\/product\/183351\/revisions"}],"wp:featuredmedia":[{"embeddable":true,"href":"https:\/\/nexgendecors.com\/es\/wp-json\/wp\/v2\/media\/183350"}],"wp:attachment":[{"href":"https:\/\/nexgendecors.com\/es\/wp-json\/wp\/v2\/media?parent=183351"}],"wp:term":[{"taxonomy":"product_brand","embeddable":true,"href":"https:\/\/nexgendecors.com\/es\/wp-json\/wp\/v2\/product_brand?post=183351"},{"taxonomy":"product_cat","embeddable":true,"href":"https:\/\/nexgendecors.com\/es\/wp-json\/wp\/v2\/product_cat?post=183351"},{"taxonomy":"product_tag","embeddable":true,"href":"https:\/\/nexgendecors.com\/es\/wp-json\/wp\/v2\/product_tag?post=183351"}],"curies":[{"name":"wp","href":"https:\/\/api.w.org\/{rel}","templated":true}]}}